{"id":40240,"date":"2020-05-13T23:54:43","date_gmt":"2020-05-13T20:54:43","guid":{"rendered":"https:\/\/www.officialguides.net\/home\/"},"modified":"2026-03-18T19:50:13","modified_gmt":"2026-03-18T16:50:13","slug":"home","status":"publish","type":"page","link":"https:\/\/officialguides.com\/et\/","title":{"rendered":"V\u00f5ta Otse \u00dchendust Ametlike Giididega Kogu Maailmas"},"content":{"rendered":"<p data-path-to-node=\"4\"><strong>OfficialGuides.com<\/strong> on spetsialiseeritud platvorm, mis \u00fchendab iseseisvad r\u00e4ndurid ja <img decoding=\"async\" class=\"alignleft\" src=\"https:\/\/officialguides.com\/wp-content\/uploads\/2026\/01\/licensed-oficial-verified-guides.jpg\" alt=\"only the verified and certified tour guides \" width=\"146\" height=\"146\" \/>grupid professionaalsete litsentseeritud giididega maailma juhtivates sihtkohtades. Suhtle reaalajas ja planeeri oma t\u00e4iuslik reis rohkem kui 30 keeles.<\/p>\n<hr \/>\n<h2 style=\"text-align: center;\" data-path-to-node=\"5\">\ud83c\udf92 Vali oma linn ja alusta teekonda<\/h2>\n<p style=\"text-align: center;\" data-path-to-node=\"6\">Sirvi meie kataloogi lehel <strong>OfficialGuides.com<\/strong> ja leia oma j\u00e4rgmiseks seikluseks t\u00e4iuslik atesteeritud professionaal. Sinu autentne ja stressivaba reisielamus on vaid \u00fche s\u00f5numi kaugusel.<\/p>\n<h3 style=\"text-align: center;\" data-path-to-node=\"6\">Vali Oma Sihtkoht \ud83d\udccd<\/h3>\n<p style=\"text-align: center;\" data-path-to-node=\"7\"><b data-path-to-node=\"7\" data-index-in-node=\"0\">Pariis, <span style=\"color: #ff0000;\"><a style=\"color: #ff0000;\" href=\"https:\/\/officialguides.com\/et\/eesti-giid-istanbulis\/\" target=\"_blank\" rel=\"noopener\">Istanbul<\/a><\/span>, Rooma, <span style=\"color: #ff0000;\"><a style=\"color: #ff0000;\" href=\"https:\/\/officialguides.com\/et\/eesti-giidid-ja-eratuurid-barcelonas\/\" target=\"_blank\" rel=\"noopener\">Barcelona<\/a><\/span>, Dubai, <span style=\"color: #ff0000;\"><a style=\"color: #ff0000;\" href=\"https:\/\/officialguides.com\/et\/eestikeelne-eragiid-ja-eratuurid-ateenas\/\" target=\"_blank\" rel=\"noopener\">Ateena<\/a><\/span>, London, Bangkok, Firenze, Madrid, Lissabon, Kapadookia, Amsterdam, Praha, Napoli, Berliin, Antalya, Granada, Sevilla, Stockholm.<\/b><\/p>\n<hr \/>\n<h2 data-path-to-node=\"8\">Miks litsentseeritud giid on sinu parim reisiv\u00e4\u00e4rtus<\/h2>\n<p data-path-to-node=\"9\">Maailmakuulsa vaatamisv\u00e4\u00e4rsuse avastamine koos sertifitseeritud professionaaliga on erinevus koha lihtsalt \u201en\u00e4gemise\u201c ja selle t\u00f5elise \u201ekogemise\u201c vahel. Platvormil OfficialGuides.com pakuvad meie koost\u00f6\u00f6partneritest giidid teile meeleldi j\u00e4rgmisi eeliseid.<\/p>\n<ul data-path-to-node=\"10\">\n<li>\n<p data-path-to-node=\"10,0,0\"><b data-path-to-node=\"10,0,0\" data-index-in-node=\"0\">Prioriteetne p\u00e4\u00e4s ja j\u00e4rjekordade v\u00e4ltimine:<\/b> \u00c4ra lase oma puhkusel m\u00f6\u00f6duda j\u00e4rjekorras oodates. Litsentseeritud giididel on sageli eelis\u00f5igus sissep\u00e4\u00e4suks, eraldi broneerimislauad v\u00f5i v\u00f5imalus broneerida piletid sinu nimel ette. Eriti k\u00f5rghooajal maailmatasemel m\u00e4lestusm\u00e4rkide juures v\u00f5imaldab see sul v\u00e4ltida tundidepikkusi j\u00e4rjekordi ja astuda otse elamuse sisse.<\/p>\n<\/li>\n<li>\n<p data-path-to-node=\"10,1,0\"><b data-path-to-node=\"10,1,0\" data-index-in-node=\"0\">Maksimaalne ajakasutus:<\/b> Muuseumi v\u00f5i arheoloogilist paika, mille l\u00e4bimiseks kuluks \u00fcksi terve p\u00e4ev, saab meisterlikult uurida vaid 3 tunniga. Sinu giid kureerib kogemust, n\u00e4idates sulle k\u00f5ige olulisemaid meistriteoseid ja kohustuslikke vaatamisv\u00e4\u00e4rsusi ilma eksimisel tekkiva v\u00e4simuseta.<\/p>\n<\/li>\n<li>\n<p data-path-to-node=\"10,2,0\"><b data-path-to-node=\"10,2,0\" data-index-in-node=\"0\">Professionaalsus ja akadeemiline s\u00fcgavus:<\/b> Litsentseeritud giidid ei ole lihtsalt entusiastid; nad on professionaalid, kes on l\u00e4binud range akadeemilise v\u00e4lja\u00f5ppe ja riiklikud eksamid. Saad t\u00e4pseid ja s\u00fcvitsi minevaid ajaloolisi ning kultuurilisi lugusid, mida sa \u00fchestki reisijuhist ei leia.<\/p>\n<\/li>\n<li>\n<p data-path-to-node=\"10,3,0\"><b data-path-to-node=\"10,3,0\" data-index-in-node=\"0\">Personaalsed marsruudid ja turvalisus:<\/b> Olenemata sellest, kas reisid \u00fcksi v\u00f5i grupiga, kohandavad meie giidid tempo vastavalt sinu vajadustele. Nad aitavad sul navigeerida keerulistes kohalikes s\u00fcsteemides, v\u00e4ltida turistil\u00f5kse ja tagada turvalise ning kvaliteetse keskkonna kogu reisi v\u00e4ltel.<\/p>\n<\/li>\n<\/ul>\n<h2 data-path-to-node=\"11\">\u2728 Miks valida privaatne ekskursioon?<\/h2>\n<p data-path-to-node=\"12\">P\u00f5genege rahvamasside ja tavap\u00e4raste kavade eest. Kogege sihtkohta oma tingimustel koos Official Guides\u2019i giididega.<\/p>\n<h3 data-path-to-node=\"13\">Privaatse tuuri eelised<\/h3>\n<ul data-path-to-node=\"14\">\n<li>\n<p data-path-to-node=\"14,0,0\"><b data-path-to-node=\"14,0,0\" data-index-in-node=\"0\">Eritellimusel marsruudid:<\/b> Iga ekskursioon on kohandatud vastavalt sinu isiklikele huvidele ja kirgedele.<\/p>\n<\/li>\n<li>\n<p data-path-to-node=\"14,1,0\"><b data-path-to-node=\"14,1,0\" data-index-in-node=\"0\">Litsentseeritud asjatundlikkus:<\/b> Saa s\u00fcgavaid ajaloolisi ja kultuurilisi teadmisi professionaalsetelt kohalikelt ekspertidelt.<\/p>\n<\/li>\n<li>\n<p data-path-to-node=\"14,2,0\"><b data-path-to-node=\"14,2,0\" data-index-in-node=\"0\">Aja kokkuhoid:<\/b> J\u00e4ta vahele pikad j\u00e4rjekorrad ja kasuta oma aega maksimaalselt t\u00e4nu optimeeritud marsruutidele.<\/p>\n<\/li>\n<li>\n<p data-path-to-node=\"14,3,0\"><b data-path-to-node=\"14,3,0\" data-index-in-node=\"0\">T\u00e4ielik paindlikkus:<\/b> Sina m\u00e4\u00e4rad tempo \u2013 j\u00e4\u00e4 oma lemmikpaikadesse kauemaks v\u00f5i tee spontaanne paus.<\/p>\n<\/li>\n<li>\n<p data-path-to-node=\"14,4,0\"><b data-path-to-node=\"14,4,0\" data-index-in-node=\"0\">Autentsed avastused:<\/b> Avasta peidetud v\u00e4\u00e4rtusi ja &#8220;salajasi&#8221; asukohti eemal turistil\u00f5ksudest.<\/p>\n<\/li>\n<\/ul>\n<p data-path-to-node=\"15\"><i data-path-to-node=\"15\" data-index-in-node=\"0\">Kvaliteet kvantiteedi asemel. Tunne linna tundidega, mitte p\u00e4evadega.<\/i><\/p>\n<h2 data-path-to-node=\"16\">\ud83c\udfdb\ufe0f Avasta ikoonilisi m\u00e4lestusm\u00e4rke koos ekspertidega<\/h2>\n<p data-path-to-node=\"17\">Alates iidsetest varemetest kuni moodsate arhitektuuriimdeni \u00fchendab OfficialGuides.com sind spetsialistidega maailma enim k\u00fclastatud paikades, sealhulgas:<\/p>\n<ul data-path-to-node=\"18\">\n<li>\n<p data-path-to-node=\"18,0,0\"><b data-path-to-node=\"18,0,0\" data-index-in-node=\"0\">Pariis:<\/b> \u00dcksikasjalikud kunstiajaloo jalutusk\u00e4igud Louvre&#8217;is, Versailles&#8217;s ja Montmartre&#8217;is.<\/p>\n<\/li>\n<li>\n<p data-path-to-node=\"18,1,0\"><b data-path-to-node=\"18,1,0\" data-index-in-node=\"0\">Istanbul:<\/b> Eksperdid Hagia Sophia, Topkapi pallee, Haremi, Sinise mo\u0161ee, Bosporuse ja Suure basaari juures.<\/p>\n<\/li>\n<li>\n<p data-path-to-node=\"18,2,0\"><b data-path-to-node=\"18,2,0\" data-index-in-node=\"0\">Vatikan ja Rooma:<\/b> P\u00fcha Peetruse basiilika, Colosseum ja Vatikani muuseumid.<\/p>\n<\/li>\n<li>\n<p data-path-to-node=\"18,3,0\"><b data-path-to-node=\"18,3,0\" data-index-in-node=\"0\">Barcelona:<\/b> La Sagrada Familia ja Park Guelli arhitektuuriline geenius.<\/p>\n<\/li>\n<li>\n<p data-path-to-node=\"18,4,0\"><b data-path-to-node=\"18,4,0\" data-index-in-node=\"0\">Ateena:<\/b> Vana-Kreeka s\u00fcda ja suurep\u00e4rane Akropol.<\/p>\n<\/li>\n<li>\n<p data-path-to-node=\"18,5,0\"><b data-path-to-node=\"18,5,0\" data-index-in-node=\"0\">Dubai:<\/b> Kaasaegsed imed nagu Burj Khalifa ja p\u00e4randtuurid Vanas Dubais.<\/p>\n<\/li>\n<\/ul>\n<p data-path-to-node=\"19\"><b data-path-to-node=\"19\" data-index-in-node=\"0\">Ja veel sihtkohti:<\/b> London, Kapadookia, Madrid, Firenze, Praha, Antalya, Lissabon, Amsterdam, Berliin, Stockholm, Bangkok, Viin, Napoli, New York, Kopenhaagen, Sevilla, Granada, Valencia, Kairo, Tokyo.<\/p>\n<h2 data-path-to-node=\"20\">\ud83d\udcf2 Loodud otsesuhtluseks<\/h2>\n<p data-path-to-node=\"21\">Usume, et parimad reisiplaanid saavad alguse vestlusest. OfficialGuides.com v\u00f5imaldab kiiret ja reaalajas suhtlust sinu ja potentsiaalse giidi vahel. K\u00fcsi k\u00fcsimusi, aruta oma erisoove ja kinnita marsruut otse inimesega, kes sulle linna n\u00e4itab. Ei mingeid vahendajaid ega varjatud agentuuritasusid \u2013 ainult otsene kohalik asjatundlikkus.<\/p>\n<h2 data-path-to-node=\"22\">\ud83c\udf0d Liitu meie globaalse professionaalse v\u00f5rgustikuga<\/h2>\n<p data-path-to-node=\"23\">Kas oled litsentseeritud giid? Laiendame pidevalt oma ulatust ja oleme avatud koost\u00f6\u00f6ks professionaalsete giididega mis tahes keeles \u00fcle kogu maailma. Kui oled atesteeritud ekspert, kes soovib luua otsekontakti rahvusvaheliste r\u00e4nduritega, on OfficialGuides.com sinu platvorm. Liitu meie v\u00f5rgustikuga juba t\u00e4na.<\/p>\n<p data-path-to-node=\"24\"><i data-path-to-node=\"24\" data-index-in-node=\"0\">Oluline m\u00e4rkus: Official Guides on turuplats, mis \u00fchendab r\u00e4ndureid litsentseeritud giididega; see ei ole reisib\u00fcroo. Lugege meie \u201e<a href=\"https:\/\/officialguides.com\/et\/juriidiline-teave\/\" target=\"_blank\" rel=\"noopener\">Juriidilist teavet<\/a>\u201c ja \u201e<a href=\"https:\/\/officialguides.com\/et\/privaatsuspoliitika\/\" target=\"_blank\" rel=\"noopener\">Privaatsuspoliitikat<\/a>\u201c<\/i><\/p>\n","protected":false},"excerpt":{"rendered":"<p>OfficialGuides.com on spetsialiseeritud platvorm, mis \u00fchendab iseseisvad r\u00e4ndurid ja grupid professionaalsete litsentseeritud giididega maailma juhtivates sihtkohtades. Suhtle reaalajas ja planeeri oma t\u00e4iuslik reis rohkem kui 30 keeles. \ud83c\udf92 Vali oma linn ja alusta teekonda Sirvi meie kataloogi lehel OfficialGuides.com ja leia oma j\u00e4rgmiseks seikluseks t\u00e4iuslik atesteeritud professionaal. Sinu autentne ja stressivaba reisielamus on vaid \u00fche &#8230; <a title=\"V\u00f5ta Otse \u00dchendust Ametlike Giididega Kogu Maailmas\" class=\"read-more\" href=\"https:\/\/officialguides.com\/et\/\" aria-label=\"Read more about V\u00f5ta Otse \u00dchendust Ametlike Giididega Kogu Maailmas\">Read more<\/a><\/p>\n","protected":false},"author":3,"featured_media":397703,"parent":0,"menu_order":0,"comment_status":"closed","ping_status":"closed","template":"","meta":{"_acf_changed":false,"footnotes":""},"class_list":["post-40240","page","type-page","status-publish","has-post-thumbnail"],"acf":[],"yoast_head":"<!-- This site is optimized with the Yoast SEO plugin v27.4 - https:\/\/yoast.com\/product\/yoast-seo-wordpress\/ -->\n<title>Litsentseeritud giidid ja privaatsed ekskursioonid maailmas | OfficialGuides<\/title>\n<meta name=\"description\" content=\"V\u00f5ta otse \u00fchendust ametlike ja atesteeritud giididega maailma parimates sihtkohtades. Broneeri personaalsed privaattuurid, v\u00e4ldi j\u00e4rjekordi ja koge ehedat reisimist ilma vahendajateta.\" \/>\n<meta name=\"robots\" content=\"index, follow, max-snippet:-1, max-image-preview:large, max-video-preview:-1\" \/>\n<link rel=\"canonical\" href=\"https:\/\/officialguides.com\/et\/\" \/>\n<meta property=\"og:locale\" content=\"et_EE\" \/>\n<meta property=\"og:type\" content=\"article\" \/>\n<meta property=\"og:title\" content=\"Litsentseeritud giidid ja privaatsed ekskursioonid maailmas | OfficialGuides\" \/>\n<meta property=\"og:description\" content=\"V\u00f5ta otse \u00fchendust ametlike ja atesteeritud giididega maailma parimates sihtkohtades. Broneeri personaalsed privaattuurid, v\u00e4ldi j\u00e4rjekordi ja koge ehedat reisimist ilma vahendajateta.\" \/>\n<meta property=\"og:url\" content=\"https:\/\/officialguides.com\/et\/\" \/>\n<meta property=\"og:site_name\" content=\"Find Your Private Tour Guide Around The World!\" \/>\n<meta property=\"article:modified_time\" content=\"2026-03-18T16:50:13+00:00\" \/>\n<meta property=\"og:image\" content=\"https:\/\/officialguides.com\/wp-content\/uploads\/2026\/01\/private-tours-and-guides.jpg\" \/>\n\t<meta property=\"og:image:width\" content=\"1024\" \/>\n\t<meta property=\"og:image:height\" content=\"523\" \/>\n\t<meta property=\"og:image:type\" content=\"image\/jpeg\" \/>\n<meta name=\"twitter:card\" content=\"summary_large_image\" \/>\n<meta name=\"twitter:label1\" content=\"Est. reading time\" \/>\n\t<meta name=\"twitter:data1\" content=\"3 minutit\" \/>\n<script type=\"application\/ld+json\" class=\"yoast-schema-graph\">{\"@context\":\"https:\\\/\\\/schema.org\",\"@graph\":[{\"@type\":\"WebPage\",\"@id\":\"https:\\\/\\\/officialguides.com\\\/et\\\/\",\"url\":\"https:\\\/\\\/officialguides.com\\\/et\\\/\",\"name\":\"Litsentseeritud giidid ja privaatsed ekskursioonid maailmas | OfficialGuides\",\"isPartOf\":{\"@id\":\"https:\\\/\\\/officialguides.com\\\/et\\\/#website\"},\"primaryImageOfPage\":{\"@id\":\"https:\\\/\\\/officialguides.com\\\/et\\\/#primaryimage\"},\"image\":{\"@id\":\"https:\\\/\\\/officialguides.com\\\/et\\\/#primaryimage\"},\"thumbnailUrl\":\"https:\\\/\\\/officialguides.com\\\/wp-content\\\/uploads\\\/2026\\\/01\\\/private-tours-and-guides.jpg\",\"datePublished\":\"2020-05-13T20:54:43+00:00\",\"dateModified\":\"2026-03-18T16:50:13+00:00\",\"description\":\"V\u00f5ta otse \u00fchendust ametlike ja atesteeritud giididega maailma parimates sihtkohtades. Broneeri personaalsed privaattuurid, v\u00e4ldi j\u00e4rjekordi ja koge ehedat reisimist ilma vahendajateta.\",\"breadcrumb\":{\"@id\":\"https:\\\/\\\/officialguides.com\\\/et\\\/#breadcrumb\"},\"inLanguage\":\"et\",\"potentialAction\":[{\"@type\":\"ReadAction\",\"target\":[\"https:\\\/\\\/officialguides.com\\\/et\\\/\"]}]},{\"@type\":\"ImageObject\",\"inLanguage\":\"et\",\"@id\":\"https:\\\/\\\/officialguides.com\\\/et\\\/#primaryimage\",\"url\":\"https:\\\/\\\/officialguides.com\\\/wp-content\\\/uploads\\\/2026\\\/01\\\/private-tours-and-guides.jpg\",\"contentUrl\":\"https:\\\/\\\/officialguides.com\\\/wp-content\\\/uploads\\\/2026\\\/01\\\/private-tours-and-guides.jpg\",\"width\":1024,\"height\":523,\"caption\":\"Litsentsim\u00e4rki kandev naissoost sertifitseeritud giid n\u00e4itab ja jutustab Rooma Colosseumi ees perekonnale\"},{\"@type\":\"BreadcrumbList\",\"@id\":\"https:\\\/\\\/officialguides.com\\\/et\\\/#breadcrumb\",\"itemListElement\":[{\"@type\":\"ListItem\",\"position\":1,\"name\":\"Home\",\"item\":\"https:\\\/\\\/officialguides.com\\\/et\\\/\"},{\"@type\":\"ListItem\",\"position\":2,\"name\":\"V\u00f5ta Otse \u00dchendust Ametlike Giididega Kogu Maailmas\"}]},{\"@type\":\"WebSite\",\"@id\":\"https:\\\/\\\/officialguides.com\\\/et\\\/#website\",\"url\":\"https:\\\/\\\/officialguides.com\\\/et\\\/\",\"name\":\"Official Tour Guides Around The World! Istanbul, Paris, Rome, Dubai...\",\"description\":\"Explore cities and popular destinations with professional, official, certified tour guides\",\"alternateName\":\"Official Guides\",\"potentialAction\":[{\"@type\":\"SearchAction\",\"target\":{\"@type\":\"EntryPoint\",\"urlTemplate\":\"https:\\\/\\\/officialguides.com\\\/et\\\/?s={search_term_string}\"},\"query-input\":{\"@type\":\"PropertyValueSpecification\",\"valueRequired\":true,\"valueName\":\"search_term_string\"}}],\"inLanguage\":\"et\"}]}<\/script>\n<!-- \/ Yoast SEO plugin. -->","yoast_head_json":{"title":"Litsentseeritud giidid ja privaatsed ekskursioonid maailmas | OfficialGuides","description":"V\u00f5ta otse \u00fchendust ametlike ja atesteeritud giididega maailma parimates sihtkohtades. Broneeri personaalsed privaattuurid, v\u00e4ldi j\u00e4rjekordi ja koge ehedat reisimist ilma vahendajateta.","robots":{"index":"index","follow":"follow","max-snippet":"max-snippet:-1","max-image-preview":"max-image-preview:large","max-video-preview":"max-video-preview:-1"},"canonical":"https:\/\/officialguides.com\/et\/","og_locale":"et_EE","og_type":"article","og_title":"Litsentseeritud giidid ja privaatsed ekskursioonid maailmas | OfficialGuides","og_description":"V\u00f5ta otse \u00fchendust ametlike ja atesteeritud giididega maailma parimates sihtkohtades. Broneeri personaalsed privaattuurid, v\u00e4ldi j\u00e4rjekordi ja koge ehedat reisimist ilma vahendajateta.","og_url":"https:\/\/officialguides.com\/et\/","og_site_name":"Find Your Private Tour Guide Around The World!","article_modified_time":"2026-03-18T16:50:13+00:00","og_image":[{"width":1024,"height":523,"url":"https:\/\/officialguides.com\/wp-content\/uploads\/2026\/01\/private-tours-and-guides.jpg","type":"image\/jpeg"}],"twitter_card":"summary_large_image","twitter_misc":{"Est. reading time":"3 minutit"},"schema":{"@context":"https:\/\/schema.org","@graph":[{"@type":"WebPage","@id":"https:\/\/officialguides.com\/et\/","url":"https:\/\/officialguides.com\/et\/","name":"Litsentseeritud giidid ja privaatsed ekskursioonid maailmas | OfficialGuides","isPartOf":{"@id":"https:\/\/officialguides.com\/et\/#website"},"primaryImageOfPage":{"@id":"https:\/\/officialguides.com\/et\/#primaryimage"},"image":{"@id":"https:\/\/officialguides.com\/et\/#primaryimage"},"thumbnailUrl":"https:\/\/officialguides.com\/wp-content\/uploads\/2026\/01\/private-tours-and-guides.jpg","datePublished":"2020-05-13T20:54:43+00:00","dateModified":"2026-03-18T16:50:13+00:00","description":"V\u00f5ta otse \u00fchendust ametlike ja atesteeritud giididega maailma parimates sihtkohtades. Broneeri personaalsed privaattuurid, v\u00e4ldi j\u00e4rjekordi ja koge ehedat reisimist ilma vahendajateta.","breadcrumb":{"@id":"https:\/\/officialguides.com\/et\/#breadcrumb"},"inLanguage":"et","potentialAction":[{"@type":"ReadAction","target":["https:\/\/officialguides.com\/et\/"]}]},{"@type":"ImageObject","inLanguage":"et","@id":"https:\/\/officialguides.com\/et\/#primaryimage","url":"https:\/\/officialguides.com\/wp-content\/uploads\/2026\/01\/private-tours-and-guides.jpg","contentUrl":"https:\/\/officialguides.com\/wp-content\/uploads\/2026\/01\/private-tours-and-guides.jpg","width":1024,"height":523,"caption":"Litsentsim\u00e4rki kandev naissoost sertifitseeritud giid n\u00e4itab ja jutustab Rooma Colosseumi ees perekonnale"},{"@type":"BreadcrumbList","@id":"https:\/\/officialguides.com\/et\/#breadcrumb","itemListElement":[{"@type":"ListItem","position":1,"name":"Home","item":"https:\/\/officialguides.com\/et\/"},{"@type":"ListItem","position":2,"name":"V\u00f5ta Otse \u00dchendust Ametlike Giididega Kogu Maailmas"}]},{"@type":"WebSite","@id":"https:\/\/officialguides.com\/et\/#website","url":"https:\/\/officialguides.com\/et\/","name":"Official Tour Guides Around The World! Istanbul, Paris, Rome, Dubai...","description":"Explore cities and popular destinations with professional, official, certified tour guides","alternateName":"Official Guides","potentialAction":[{"@type":"SearchAction","target":{"@type":"EntryPoint","urlTemplate":"https:\/\/officialguides.com\/et\/?s={search_term_string}"},"query-input":{"@type":"PropertyValueSpecification","valueRequired":true,"valueName":"search_term_string"}}],"inLanguage":"et"}]}},"_links":{"self":[{"href":"https:\/\/officialguides.com\/et\/wp-json\/wp\/v2\/pages\/40240","targetHints":{"allow":["GET"]}}],"collection":[{"href":"https:\/\/officialguides.com\/et\/wp-json\/wp\/v2\/pages"}],"about":[{"href":"https:\/\/officialguides.com\/et\/wp-json\/wp\/v2\/types\/page"}],"author":[{"embeddable":true,"href":"https:\/\/officialguides.com\/et\/wp-json\/wp\/v2\/users\/3"}],"replies":[{"embeddable":true,"href":"https:\/\/officialguides.com\/et\/wp-json\/wp\/v2\/comments?post=40240"}],"version-history":[{"count":38,"href":"https:\/\/officialguides.com\/et\/wp-json\/wp\/v2\/pages\/40240\/revisions"}],"predecessor-version":[{"id":398134,"href":"https:\/\/officialguides.com\/et\/wp-json\/wp\/v2\/pages\/40240\/revisions\/398134"}],"wp:featuredmedia":[{"embeddable":true,"href":"https:\/\/officialguides.com\/et\/wp-json\/wp\/v2\/media\/397703"}],"wp:attachment":[{"href":"https:\/\/officialguides.com\/et\/wp-json\/wp\/v2\/media?parent=40240"}],"curies":[{"name":"wp","href":"https:\/\/api.w.org\/{rel}","templated":true}]}}