{"id":396257,"date":"2025-05-27T15:36:34","date_gmt":"2025-05-27T12:36:34","guid":{"rendered":"https:\/\/officialguides.com\/avalik-transport-istanbulis\/"},"modified":"2025-05-27T15:36:34","modified_gmt":"2025-05-27T12:36:34","slug":"avalik-transport-istanbulis","status":"publish","type":"page","link":"https:\/\/officialguides.com\/et\/avalik-transport-istanbulis\/","title":{"rendered":"Avalik Transport Istanbulis"},"content":{"rendered":"<h2 data-pm-slice=\"1 1 []\">T\u00e4ielik juhend liikumiseks Istanbulis: Avaliku transpordi n\u00e4pun\u00e4ited turistidele<\/h2>\n<p>Istanbulis navigeerimine v\u00f5ib esialgu tunduda keeruline \u2013 aga \u00e4ra muretse! See linn pakub \u00fcht Euroopa soodsaimat ja t\u00f5husaimat \u00fchistranspordis\u00fcsteemi. Olgu su sihtkohaks ajalooline <strong>Sultanahmet<\/strong>, elav <strong>Taksim<\/strong> v\u00f5i soovid praamiga \u00fcletada mandrite piiri \u2013 <strong>metroo<\/strong>, <strong>trammid<\/strong>, <strong>bussid<\/strong> ja <strong>praamid<\/strong> muudavad liikumise lihtsaks. Selles juhendis leiad k\u00f5ik vajaliku, et liikuda nagu kohalik \u2013 alates <strong>Istanbulkarti<\/strong> hankimisest kuni parimate liinide ja ohutussoovitusteni.<\/p>\n<ul>\n<li><span style=\"color: #993300;\"><a style=\"color: #993300;\" href=\"https:\/\/officialguides.com\/official-tour-guides-in-istanbul\/\"><strong><em>Klikka siia, kui vajad Istanbulis eragiidi<\/em><\/strong><\/a><\/span><\/li>\n<\/ul>\n<ul>\n<li><a href=\"https:\/\/www.getyourguide.com\/s?partner_id=F2GZGY3&amp;utm_medium=online_publisher&amp;visitor-id=P623CBJZAWLPQI34Z54Z68CBWM85DH8X&amp;locale_autoredirect_optout=true&amp;et=948206&amp;lc=56\"><strong><em>Klikka siia, kui soovid kiiret sissep\u00e4\u00e4su Hagia Sophia ja Topkapi paleesse<\/em><\/strong><\/a><\/li>\n<\/ul>\n<h3>Avaliku transpordis\u00fcsteemi m\u00f5istmine Istanbulis<\/h3>\n<p>Istanbulil on ulatuslik ja integreeritud \u00fchistranspordiv\u00f5rk, mis h\u00f5lmab <strong>metrood<\/strong>, <strong>trammi<\/strong>, <strong>ronge<\/strong>, <strong>busse<\/strong>, <strong>praame<\/strong>, <strong>elektriautosid<\/strong> (v\u00fcrstisaarte piirkonnas), <strong>3 funikulaarliini<\/strong> ja <strong>2 k\u00f6israudteed<\/strong>. Linna suurus ja maastik \u2013 jagatud Bosporuse ja Kuldse Sarvega, t\u00e4is m\u00e4gesid ja orge \u2013 muudab vahemaad pikemaks ja \u00fcmberistumised sagedasemaks kui keskmises Euroopa linnas.<\/p>\n<figure id=\"attachment_396138\" aria-describedby=\"caption-attachment-396138\" style=\"width: 1014px\" class=\"wp-caption aligncenter\"><img decoding=\"async\" class=\"wp-image-396131 size-full\" src=\"https:\/\/officialguides.com\/wp-content\/uploads\/2025\/05\/istanbul-public-transportation-ferries.jpg\" alt=\"Istanbul's integrated public transport system consist of municipal ferry boats, metros, trams, trains, buses, ferries, electric cars, funiculars and cable cars\" width=\"1024\" height=\"551\" srcset=\"https:\/\/officialguides.com\/wp-content\/uploads\/2025\/05\/istanbul-public-transportation-ferries.jpg 1024w, https:\/\/officialguides.com\/wp-content\/uploads\/2025\/05\/istanbul-public-transportation-ferries-300x161.jpg 300w, https:\/\/officialguides.com\/wp-content\/uploads\/2025\/05\/istanbul-public-transportation-ferries-768x413.jpg 768w\" sizes=\"(max-width: 1024px) 100vw, 1024px\" \/><figcaption id=\"caption-attachment-396138\" class=\"wp-caption-text\"><em>Uus mugav praam, mis \u00fchendab Euroopa ja Aasia poolsaari Bosporuse v\u00e4inas<\/em><\/figcaption><\/figure>\n<p><strong>Istanbulkart<\/strong> on peamine s\u00f5idukaart, kehtib k\u00f5igis \u00fchistranspordivahendites ja isegi <strong>linna tualettides<\/strong>. L\u00fchiajaliseks viibimiseks saab osta <strong>10-korraga kaarte<\/strong> automaatidest. Kiiretes olukordades saab kasutada ka <strong>kontaktivaba pangakaarti<\/strong> otse <strong>bussides<\/strong>, <strong>metroodes<\/strong> v\u00f5i <strong>praamides<\/strong>. K\u00f5ik valikud kehtivad kogu transpordis\u00fcsteemis.<\/p>\n<h3>\ud83d\udcb3 Istanbulkart ja 10-korra kaart (OnGe\u00e7)<\/h3>\n<p><strong>Piletihind ja kaardi maksumus:<\/strong><\/p>\n<p><strong>Istanbulkart<\/strong> maksab <strong>130 liiri (~3 \u20ac seisuga mai 2025)<\/strong>. See on isikustatud ja blokeeritakse, kui seda kasutatakse \u00fcle 4 korra j\u00e4rjest \u2013 seet\u00f5ttu ei sobi grupikasutuseks. \u00dche s\u00f5idu hind on <strong>27 liiri<\/strong>, kuid see v\u00f5ib varieeruda s\u00f5ltuvalt s\u00f5iduvahendist ja \u00fcmberistumiste arvust.<\/p>\n<figure id=\"attachment_396104\" aria-describedby=\"caption-attachment-396104\" style=\"width: 290px\" class=\"wp-caption aligncenter\"><img decoding=\"async\" class=\"wp-image-396097 size-medium\" src=\"https:\/\/officialguides.com\/wp-content\/uploads\/2025\/05\/istanbulkart-istanbul-card-300x209.jpg\" alt=\"Istanbulkart ja 10-korra kaart: kust osta, hind ja kasutus\" width=\"300\" height=\"209\" srcset=\"https:\/\/officialguides.com\/wp-content\/uploads\/2025\/05\/istanbulkart-istanbul-card-300x209.jpg 300w, https:\/\/officialguides.com\/wp-content\/uploads\/2025\/05\/istanbulkart-istanbul-card-768x536.jpg 768w, https:\/\/officialguides.com\/wp-content\/uploads\/2025\/05\/istanbulkart-istanbul-card.jpg 800w\" sizes=\"(max-width: 300px) 100vw, 300px\" \/><figcaption id=\"caption-attachment-396104\" class=\"wp-caption-text\"><em>Istanbulkarti saab kasutada ka mobiilirakenduse kaudu<\/em><\/figcaption><\/figure>\n<p><strong>ONGE\u00c7 kaart:<\/strong> Alternatiivina saab automaatidest osta <strong>10-korra kaarti (305 liiri)<\/strong>. Need ei ole isikustatud, lisatasud puuduvad ja neid saavad j\u00e4rjest kasutada mitmed inimesed. Iga s\u00f5it arvestatakse fikseeritud hinnaga, s\u00f5ltumata \u00fcmberistumistest.<\/p>\n<p>M\u00f5lemad kaardid kehtivad kogu transpordiv\u00f5rgus ja ka <strong>linnatualettides<\/strong>.<\/p>\n<table>\n<tbody>\n<tr>\n<th>\ud83d\udcb3 Kaardit\u00fc\u00fcp<\/th>\n<th>\ud83e\uddcd\u200d\u2642\ufe0f Isikustatud<\/th>\n<th>\ud83d\udc65 Mitmekasutaja<\/th>\n<th>\ud83d\udcb0 Hind (mai 2025)<\/th>\n<th>\ud83d\ude8d S\u00f5iduhind<\/th>\n<th>\ud83d\udd01 \u00dcmberistumised<\/th>\n<th>\ud83d\udec2 Piirangud<\/th>\n<\/tr>\n<tr>\n<td>\ud83d\udfe6 Istanbulkart<\/td>\n<td>\u2714\ufe0f Jah<\/td>\n<td>\u274c Ei<\/td>\n<td>130 TL (~3 \u20ac)<\/td>\n<td>alates 27 TL<\/td>\n<td>Allahindlused<\/td>\n<td>Max 4 kasutust inimese kohta<\/td>\n<\/tr>\n<tr>\n<td>\ud83d\udd1f 10-korra kaart<\/td>\n<td>\u274c Ei<\/td>\n<td>\u2714\ufe0f Jah<\/td>\n<td>305 TL (ilma tasuta)<\/td>\n<td>Fikseeritud<\/td>\n<td>\u274c Ei soodustust<\/td>\n<td>Ilma piiranguta<\/td>\n<\/tr>\n<tr>\n<td>\ud83d\udcb3 Pangakaart<\/td>\n<td>\u274c Ei<\/td>\n<td>\u2714\ufe0f Jah<\/td>\n<td>Panga p\u00f5hine hind<\/td>\n<td>40 TL<\/td>\n<td>\u274c Ei soodustust<\/td>\n<td>Ilma piiranguta<\/td>\n<\/tr>\n<\/tbody>\n<\/table>\n<h3>\ud83d\ude8b Turistidele kasulikud trammid, metrood, funikulaarid ja praamiliinid<\/h3>\n<ul data-spread=\"false\">\n<li><strong>Trammiliin T1:<\/strong> <strong>Sultanahmet<\/strong> \u2192 Emin\u00f6n\u00fc \u2192 Karak\u00f6y \u2192 Kabata\u015f<\/li>\n<li><strong>Metroliin M2:<\/strong> Yenikap\u0131 \u2192 <strong>Taksim<\/strong> \u2192 \u015ei\u015fli \u2192 Levent<\/li>\n<li><strong>Funikulaarliin F1:<\/strong> Kabata\u015f \u2194 <strong>Taksim<\/strong><\/li>\n<li><strong>Funikulaarliin F2 (T\u00fcnel):<\/strong> Karak\u00f6y \u2194 Beyo\u011flu (Istiklali t\u00e4nav)<\/li>\n<li><strong>Praamid Emin\u00f6n\u00fc v\u00f5i Karak\u00f6y sadamast:<\/strong><\/li>\n<\/ul>\n<ol>\n<li><em>Kad\u0131k\u00f6y (Aasia pool) \u2013 iga 20\u201330 minuti j\u00e4rel<\/em><\/li>\n<li><em>\u00dcsk\u00fcdar (Aasia pool) \u2013 iga 10\u201320 minuti j\u00e4rel<\/em><\/li>\n<\/ol>\n<figure style=\"width: 1014px\" class=\"wp-caption aligncenter\"><img decoding=\"async\" src=\"https:\/\/officialguides.com\/wp-content\/uploads\/2025\/05\/istanbul-metro-haritasi-1024x644.jpg\" alt=\"Istanbul city metro, tram and railway map, plan\" width=\"1024\" height=\"644\" \/><figcaption class=\"wp-caption-text\"><em>Istanbuli metroo- ja trammikaart<\/em><\/figcaption><\/figure>\n<h3>Kuidas j\u00f5uda vanalinnast, Taksimist ja lennujaamadest peamistesse piirkondadesse<\/h3>\n<p><strong>\ud83d\udccd Sultanahmet (vanalinn) \u2192 Taksim \/ Istiklal \/ Galata:<\/strong><\/p>\n<ul data-spread=\"false\">\n<li><strong>Tramm + funikulaar:<\/strong> s\u00f5ida trammiga T1 kuni Karak\u00f6y v\u00f5i Kabata\u015f, seej\u00e4rel funikulaariga F2 v\u00f5i F1<\/li>\n<li><strong>Metrooga:<\/strong> Veznecileri (M2 liin) kaudu saad otse \u015ei\u015fhane (Galata) v\u00f5i <strong>Taksimi<\/strong><\/li>\n<\/ul>\n<figure id=\"attachment_396172\" aria-describedby=\"caption-attachment-396172\" style=\"width: 1014px\" class=\"wp-caption aligncenter\"><img decoding=\"async\" class=\"wp-image-396165 size-full\" src=\"https:\/\/officialguides.com\/wp-content\/uploads\/2025\/05\/istanbul-funicular.jpg\" alt=\"Historical funicular (Tunnel \/ T\u00fcnel) running beetween Kark\u00f6y and Istiklal Street, Galata \" width=\"1024\" height=\"682\" srcset=\"https:\/\/officialguides.com\/wp-content\/uploads\/2025\/05\/istanbul-funicular.jpg 1024w, https:\/\/officialguides.com\/wp-content\/uploads\/2025\/05\/istanbul-funicular-300x200.jpg 300w, https:\/\/officialguides.com\/wp-content\/uploads\/2025\/05\/istanbul-funicular-768x512.jpg 768w\" sizes=\"(max-width: 1024px) 100vw, 1024px\" \/><figcaption id=\"caption-attachment-396172\" class=\"wp-caption-text\"><em>Mapo de metroo kaj tramo de Istanbulo<\/em><\/figcaption><\/figure>\n<p><strong>\ud83d\udccd Sultanahmet \u2192 Kad\u0131k\u00f6y (Aasia pool):<\/strong><\/p>\n<ul data-spread=\"false\">\n<li><strong>Praamiga:<\/strong> T1 tramm kuni Emin\u00f6n\u00fc, Karak\u00f6y v\u00f5i Kabata\u015f, seej\u00e4rel praam (~20\u201330 min)<\/li>\n<li><strong>Metrooga:<\/strong> Marmaray Sirkeci jaamast Ayr\u0131l\u0131k\u00e7e\u015fmesi, edasi M4 Kad\u0131k\u00f6y suunas<\/li>\n<\/ul>\n<figure id=\"attachment_396207\" aria-describedby=\"caption-attachment-396207\" style=\"width: 1014px\" class=\"wp-caption aligncenter\"><img decoding=\"async\" class=\"wp-image-396200 size-full\" src=\"https:\/\/officialguides.com\/wp-content\/uploads\/2025\/05\/how-to-get-to-in-istanbul.jpg\" alt=\"Kuidas minna Sultanahmetist v\u00f5i Taksimist Aasia poolele (Kad\u0131k\u00f6y, \u00dcsk\u00fcdar)?\" width=\"1024\" height=\"576\" srcset=\"https:\/\/officialguides.com\/wp-content\/uploads\/2025\/05\/how-to-get-to-in-istanbul.jpg 1024w, https:\/\/officialguides.com\/wp-content\/uploads\/2025\/05\/how-to-get-to-in-istanbul-300x169.jpg 300w, https:\/\/officialguides.com\/wp-content\/uploads\/2025\/05\/how-to-get-to-in-istanbul-768x432.jpg 768w\" sizes=\"(max-width: 1024px) 100vw, 1024px\" \/><figcaption id=\"caption-attachment-396207\" class=\"wp-caption-text\"><em>Metrostacio \u0109e la azia flanko<\/em><\/figcaption><\/figure>\n<p><strong>\ud83d\udccd Sultanahmet \u2192 \u00dcsk\u00fcdar (Aasia pool):<\/strong><\/p>\n<ul data-spread=\"false\">\n<li><strong>Praamiga:<\/strong> T1 kuni sadamasse, praam \u00dcsk\u00fcdarisse (~10\u201320 min)<\/li>\n<li><strong>Metrooga:<\/strong> Marmaray liiniga Sirkecist \u00dcsk\u00fcdarisse<\/li>\n<\/ul>\n<p><strong>\ud83d\udccd Istanbuli lennujaam (IST) \u2192 Vanalinn v\u00f5i keskus:<\/strong><\/p>\n<ul data-spread=\"false\">\n<li><strong>Metrooga:<\/strong> M11\/U2 liin kuni Gayrettepe (v\u00e4ljub iga 20 min, 06:00\u201300:40), seej\u00e4rel M2 <strong>Taksim<\/strong> suunas, edasi F1 ja T1<\/li>\n<li><strong>Taksoga v\u00f5i HAVAIST liiniga:<\/strong> ~40 km, 30 \u20ac (kollane takso), 35 \u20ac (sinine), 50 \u20ac (must takso). <a href=\"https:\/\/www.istairport.com\/en\/airport\/airport-transportation\/urban-transportation\/public-transportation\/?locale=en\"><strong>HAVAIST<\/strong><\/a> \u2013 11 liini, hind ~7 \u20ac<\/li>\n<\/ul>\n<p><strong>\ud83d\udccd Sabiha G\u00f6k\u00e7eni lennujaam (SAW) \u2192 Vanalinn v\u00f5i keskus:<\/strong><\/p>\n<ul data-spread=\"false\">\n<li><strong>Metrooga:<\/strong> M4 kuni Ayr\u0131l\u0131k\u00e7e\u015fmesi, edasi Marmaray kuni Sirkeci v\u00f5i Yenikap\u0131<\/li>\n<li><strong>Taksoga v\u00f5i HAVABUS liiniga:<\/strong> 40\u201355 km, hind 30\u201360 \u20ac + tasuline tunnel. <a href=\"https:\/\/www.havabus.com\/yolcuservisi\/taksim-sabihagokcenhavalimani.aspx\"><strong>HAVABUS<\/strong><\/a><\/li>\n<\/ul>\n<h3>Istanbulisillad ja -tunnelid<\/h3>\n<p>Istanbulis on kasutusel mitu sildu ja tunnelit, et \u00fchenduda mandreid ja v\u00e4hendada liikluskoormust. Kolmest Bosporuse sillast on p\u00f5hjapoolne maailma suurim rippsild, kus s\u00f5idab ka rong.<\/p>\n<p>Kaks tunnelit \u00fchendavad Euroopa ja Aasia poolsaart \u2013 \u00fcks metroodele, teine autodele \u2013 ja on \u00fched maailma s\u00fcgavaimad veealused tunnelid.<\/p>\n<p>Lisaks on ehitatud 12 maanteetunnelit kogupikkusega 145 km, mis h\u00f5lbustavad linnasisest liikumist ja liiklusvoogu.<\/p>\n","protected":false},"excerpt":{"rendered":"<p>T\u00e4ielik juhend liikumiseks Istanbulis: Avaliku transpordi n\u00e4pun\u00e4ited turistidele Istanbulis navigeerimine v\u00f5ib esialgu tunduda keeruline \u2013 aga \u00e4ra muretse! See linn pakub \u00fcht Euroopa soodsaimat ja t\u00f5husaimat \u00fchistranspordis\u00fcsteemi. Olgu su sihtkohaks ajalooline Sultanahmet, elav Taksim v\u00f5i soovid praamiga \u00fcletada mandrite piiri \u2013 metroo, trammid, bussid ja praamid muudavad liikumise lihtsaks. Selles juhendis leiad k\u00f5ik vajaliku, et &#8230; <a title=\"Avalik Transport Istanbulis\" class=\"read-more\" href=\"https:\/\/officialguides.com\/et\/avalik-transport-istanbulis\/\" aria-label=\"Read more about Avalik Transport Istanbulis\">Read more<\/a><\/p>\n","protected":false},"author":3,"featured_media":396070,"parent":0,"menu_order":0,"comment_status":"closed","ping_status":"closed","template":"","meta":{"_acf_changed":false,"footnotes":""},"class_list":["post-396257","page","type-page","status-publish","has-post-thumbnail"],"acf":[],"yoast_head":"<!-- This site is optimized with the Yoast SEO plugin v27.4 - https:\/\/yoast.com\/product\/yoast-seo-wordpress\/ -->\n<title>Avalik transport Istanbulis: T\u00e4ielik juhend 2025 \u2013 metroo, trammid, praamid, piletid ja turistisoovitused<\/title>\n<meta name=\"description\" content=\"Kuidas liikuda Istanbulis nagu kohalik? Metroo, tramm, praam, Istanbulkart, lennujaama\u00fchendus, piletihinnad ja parimad marsruudid turistidele.\" \/>\n<meta name=\"robots\" content=\"index, follow, max-snippet:-1, max-image-preview:large, max-video-preview:-1\" \/>\n<link rel=\"canonical\" href=\"https:\/\/officialguides.com\/et\/avalik-transport-istanbulis\/\" \/>\n<meta property=\"og:locale\" content=\"et_EE\" \/>\n<meta property=\"og:type\" content=\"article\" \/>\n<meta property=\"og:title\" content=\"Avalik transport Istanbulis: T\u00e4ielik juhend 2025 \u2013 metroo, trammid, praamid, piletid ja turistisoovitused\" \/>\n<meta property=\"og:description\" content=\"Kuidas liikuda Istanbulis nagu kohalik? Metroo, tramm, praam, Istanbulkart, lennujaama\u00fchendus, piletihinnad ja parimad marsruudid turistidele.\" \/>\n<meta property=\"og:url\" content=\"https:\/\/officialguides.com\/et\/avalik-transport-istanbulis\/\" \/>\n<meta property=\"og:site_name\" content=\"Find Your Private Tour Guide Around The World!\" \/>\n<meta property=\"og:image\" content=\"https:\/\/officialguides.com\/wp-content\/uploads\/2025\/05\/istanbul-public-transportation.jpg\" \/>\n\t<meta property=\"og:image:width\" content=\"1024\" \/>\n\t<meta property=\"og:image:height\" content=\"576\" \/>\n\t<meta property=\"og:image:type\" content=\"image\/jpeg\" \/>\n<meta name=\"twitter:card\" content=\"summary_large_image\" \/>\n<meta name=\"twitter:label1\" content=\"Est. reading time\" \/>\n\t<meta name=\"twitter:data1\" content=\"3 minutit\" \/>\n<script type=\"application\/ld+json\" class=\"yoast-schema-graph\">{\"@context\":\"https:\\\/\\\/schema.org\",\"@graph\":[{\"@type\":\"WebPage\",\"@id\":\"https:\\\/\\\/officialguides.com\\\/et\\\/avalik-transport-istanbulis\\\/\",\"url\":\"https:\\\/\\\/officialguides.com\\\/et\\\/avalik-transport-istanbulis\\\/\",\"name\":\"Avalik transport Istanbulis: T\u00e4ielik juhend 2025 \u2013 metroo, trammid, praamid, piletid ja turistisoovitused\",\"isPartOf\":{\"@id\":\"https:\\\/\\\/officialguides.com\\\/et\\\/#website\"},\"primaryImageOfPage\":{\"@id\":\"https:\\\/\\\/officialguides.com\\\/et\\\/avalik-transport-istanbulis\\\/#primaryimage\"},\"image\":{\"@id\":\"https:\\\/\\\/officialguides.com\\\/et\\\/avalik-transport-istanbulis\\\/#primaryimage\"},\"thumbnailUrl\":\"https:\\\/\\\/officialguides.com\\\/wp-content\\\/uploads\\\/2025\\\/05\\\/istanbul-public-transportation.jpg\",\"datePublished\":\"2025-05-27T12:36:34+00:00\",\"description\":\"Kuidas liikuda Istanbulis nagu kohalik? Metroo, tramm, praam, Istanbulkart, lennujaama\u00fchendus, piletihinnad ja parimad marsruudid turistidele.\",\"breadcrumb\":{\"@id\":\"https:\\\/\\\/officialguides.com\\\/et\\\/avalik-transport-istanbulis\\\/#breadcrumb\"},\"inLanguage\":\"et\",\"potentialAction\":[{\"@type\":\"ReadAction\",\"target\":[\"https:\\\/\\\/officialguides.com\\\/et\\\/avalik-transport-istanbulis\\\/\"]}]},{\"@type\":\"ImageObject\",\"inLanguage\":\"et\",\"@id\":\"https:\\\/\\\/officialguides.com\\\/et\\\/avalik-transport-istanbulis\\\/#primaryimage\",\"url\":\"https:\\\/\\\/officialguides.com\\\/wp-content\\\/uploads\\\/2025\\\/05\\\/istanbul-public-transportation.jpg\",\"contentUrl\":\"https:\\\/\\\/officialguides.com\\\/wp-content\\\/uploads\\\/2025\\\/05\\\/istanbul-public-transportation.jpg\",\"width\":1024,\"height\":576,\"caption\":\"Avalik transport Istanbulis: metroo, trammid, praamid, lennujaamad, hinnad ja kuidas j\u00f5uda soovitud kohta\"},{\"@type\":\"BreadcrumbList\",\"@id\":\"https:\\\/\\\/officialguides.com\\\/et\\\/avalik-transport-istanbulis\\\/#breadcrumb\",\"itemListElement\":[{\"@type\":\"ListItem\",\"position\":1,\"name\":\"Home\",\"item\":\"https:\\\/\\\/officialguides.com\\\/et\\\/\"},{\"@type\":\"ListItem\",\"position\":2,\"name\":\"Avalik Transport Istanbulis\"}]},{\"@type\":\"WebSite\",\"@id\":\"https:\\\/\\\/officialguides.com\\\/et\\\/#website\",\"url\":\"https:\\\/\\\/officialguides.com\\\/et\\\/\",\"name\":\"Official Tour Guides Around The World! Istanbul, Paris, Rome, Dubai...\",\"description\":\"Explore cities and popular destinations with professional, official, certified tour guides\",\"alternateName\":\"Official Guides\",\"potentialAction\":[{\"@type\":\"SearchAction\",\"target\":{\"@type\":\"EntryPoint\",\"urlTemplate\":\"https:\\\/\\\/officialguides.com\\\/et\\\/?s={search_term_string}\"},\"query-input\":{\"@type\":\"PropertyValueSpecification\",\"valueRequired\":true,\"valueName\":\"search_term_string\"}}],\"inLanguage\":\"et\"}]}<\/script>\n<!-- \/ Yoast SEO plugin. -->","yoast_head_json":{"title":"Avalik transport Istanbulis: T\u00e4ielik juhend 2025 \u2013 metroo, trammid, praamid, piletid ja turistisoovitused","description":"Kuidas liikuda Istanbulis nagu kohalik? Metroo, tramm, praam, Istanbulkart, lennujaama\u00fchendus, piletihinnad ja parimad marsruudid turistidele.","robots":{"index":"index","follow":"follow","max-snippet":"max-snippet:-1","max-image-preview":"max-image-preview:large","max-video-preview":"max-video-preview:-1"},"canonical":"https:\/\/officialguides.com\/et\/avalik-transport-istanbulis\/","og_locale":"et_EE","og_type":"article","og_title":"Avalik transport Istanbulis: T\u00e4ielik juhend 2025 \u2013 metroo, trammid, praamid, piletid ja turistisoovitused","og_description":"Kuidas liikuda Istanbulis nagu kohalik? Metroo, tramm, praam, Istanbulkart, lennujaama\u00fchendus, piletihinnad ja parimad marsruudid turistidele.","og_url":"https:\/\/officialguides.com\/et\/avalik-transport-istanbulis\/","og_site_name":"Find Your Private Tour Guide Around The World!","og_image":[{"width":1024,"height":576,"url":"https:\/\/officialguides.com\/wp-content\/uploads\/2025\/05\/istanbul-public-transportation.jpg","type":"image\/jpeg"}],"twitter_card":"summary_large_image","twitter_misc":{"Est. reading time":"3 minutit"},"schema":{"@context":"https:\/\/schema.org","@graph":[{"@type":"WebPage","@id":"https:\/\/officialguides.com\/et\/avalik-transport-istanbulis\/","url":"https:\/\/officialguides.com\/et\/avalik-transport-istanbulis\/","name":"Avalik transport Istanbulis: T\u00e4ielik juhend 2025 \u2013 metroo, trammid, praamid, piletid ja turistisoovitused","isPartOf":{"@id":"https:\/\/officialguides.com\/et\/#website"},"primaryImageOfPage":{"@id":"https:\/\/officialguides.com\/et\/avalik-transport-istanbulis\/#primaryimage"},"image":{"@id":"https:\/\/officialguides.com\/et\/avalik-transport-istanbulis\/#primaryimage"},"thumbnailUrl":"https:\/\/officialguides.com\/wp-content\/uploads\/2025\/05\/istanbul-public-transportation.jpg","datePublished":"2025-05-27T12:36:34+00:00","description":"Kuidas liikuda Istanbulis nagu kohalik? Metroo, tramm, praam, Istanbulkart, lennujaama\u00fchendus, piletihinnad ja parimad marsruudid turistidele.","breadcrumb":{"@id":"https:\/\/officialguides.com\/et\/avalik-transport-istanbulis\/#breadcrumb"},"inLanguage":"et","potentialAction":[{"@type":"ReadAction","target":["https:\/\/officialguides.com\/et\/avalik-transport-istanbulis\/"]}]},{"@type":"ImageObject","inLanguage":"et","@id":"https:\/\/officialguides.com\/et\/avalik-transport-istanbulis\/#primaryimage","url":"https:\/\/officialguides.com\/wp-content\/uploads\/2025\/05\/istanbul-public-transportation.jpg","contentUrl":"https:\/\/officialguides.com\/wp-content\/uploads\/2025\/05\/istanbul-public-transportation.jpg","width":1024,"height":576,"caption":"Avalik transport Istanbulis: metroo, trammid, praamid, lennujaamad, hinnad ja kuidas j\u00f5uda soovitud kohta"},{"@type":"BreadcrumbList","@id":"https:\/\/officialguides.com\/et\/avalik-transport-istanbulis\/#breadcrumb","itemListElement":[{"@type":"ListItem","position":1,"name":"Home","item":"https:\/\/officialguides.com\/et\/"},{"@type":"ListItem","position":2,"name":"Avalik Transport Istanbulis"}]},{"@type":"WebSite","@id":"https:\/\/officialguides.com\/et\/#website","url":"https:\/\/officialguides.com\/et\/","name":"Official Tour Guides Around The World! Istanbul, Paris, Rome, Dubai...","description":"Explore cities and popular destinations with professional, official, certified tour guides","alternateName":"Official Guides","potentialAction":[{"@type":"SearchAction","target":{"@type":"EntryPoint","urlTemplate":"https:\/\/officialguides.com\/et\/?s={search_term_string}"},"query-input":{"@type":"PropertyValueSpecification","valueRequired":true,"valueName":"search_term_string"}}],"inLanguage":"et"}]}},"_links":{"self":[{"href":"https:\/\/officialguides.com\/et\/wp-json\/wp\/v2\/pages\/396257","targetHints":{"allow":["GET"]}}],"collection":[{"href":"https:\/\/officialguides.com\/et\/wp-json\/wp\/v2\/pages"}],"about":[{"href":"https:\/\/officialguides.com\/et\/wp-json\/wp\/v2\/types\/page"}],"author":[{"embeddable":true,"href":"https:\/\/officialguides.com\/et\/wp-json\/wp\/v2\/users\/3"}],"replies":[{"embeddable":true,"href":"https:\/\/officialguides.com\/et\/wp-json\/wp\/v2\/comments?post=396257"}],"version-history":[{"count":0,"href":"https:\/\/officialguides.com\/et\/wp-json\/wp\/v2\/pages\/396257\/revisions"}],"wp:featuredmedia":[{"embeddable":true,"href":"https:\/\/officialguides.com\/et\/wp-json\/wp\/v2\/media\/396070"}],"wp:attachment":[{"href":"https:\/\/officialguides.com\/et\/wp-json\/wp\/v2\/media?parent=396257"}],"curies":[{"name":"wp","href":"https:\/\/api.w.org\/{rel}","templated":true}]}}