{"id":394750,"date":"2025-04-18T19:23:54","date_gmt":"2025-04-18T16:23:54","guid":{"rendered":"https:\/\/officialguides.com\/meditsiiniline-turism\/"},"modified":"2025-04-18T19:23:54","modified_gmt":"2025-04-18T16:23:54","slug":"meditsiiniline-turism","status":"publish","type":"page","link":"https:\/\/officialguides.com\/et\/meditsiiniline-turism\/","title":{"rendered":"Meditsiiniline Turism"},"content":{"rendered":"<h2 class=\"\" data-start=\"597\" data-end=\"641\">\ud83c\udf0d Rahvusvaheline Meditsiiniline Turism<\/h2>\n<p class=\"\" data-start=\"642\" data-end=\"740\"><strong data-start=\"642\" data-end=\"740\">Avasta usaldusv\u00e4\u00e4rsed meditsiiniturismi sihtkohad koos l\u00e4bipaistva teabe ja kultuurielamustega<\/strong><\/p>\n<p class=\"\" data-start=\"742\" data-end=\"934\">Tere tulemast platvormile, mis aitab sul uurida maailma k\u00f5ige tunnustatumaid <strong data-start=\"819\" data-end=\"865\">rahvusvahelise meditsiiniturismi sihtkohti<\/strong>, kus tipptasemel tervishoid p\u00f5imub ainulaadsete kultuurikogemustega.<\/p>\n<p class=\"\" data-start=\"936\" data-end=\"1198\"><strong data-start=\"936\" data-end=\"958\">Officialguides.com<\/strong> pakub \u00fcldist teavet <strong data-start=\"979\" data-end=\"1055\">kliinikute ja haiglate kohta, mis v\u00f5tavad vastu rahvusvahelisi patsiente<\/strong>. Me ei osuta ise meditsiiniteenuseid, kuid aitame sul leida usaldusv\u00e4\u00e4rseid raviasutusi ning \u00fchendada ravi kultuuriliste ja turismielamustega.<\/p>\n<hr class=\"\" data-start=\"1200\" data-end=\"1203\" \/>\n<h3 class=\"\" data-start=\"1205\" data-end=\"1238\">Miks valida meditsiiniturism?<\/h3>\n<p class=\"\" data-start=\"1240\" data-end=\"1320\">Igal aastal otsustab miljoneid inimesi ravida end v\u00e4lismaal, kuna see v\u00f5imaldab:<\/p>\n<ul>\n<li data-start=\"1324\" data-end=\"1394\">\ud83c\udfe5 Ligip\u00e4\u00e4su akrediteeritud kliinikutele ja kogenud spetsialistidele<\/li>\n<li data-start=\"1397\" data-end=\"1444\">\ud83d\udcb0 Madalamaid ravikulusid v\u00f5rreldes kodumaaga<\/li>\n<li data-start=\"1447\" data-end=\"1469\">\ud83d\udcc6 L\u00fchemaid ooteaegu<\/li>\n<li data-start=\"1472\" data-end=\"1510\">\u2708\ufe0f V\u00f5imalust \u00fchendada ravi ja puhkus<\/li>\n<li data-start=\"1513\" data-end=\"1564\">\ud83d\udcac Mitmekeelset ja patsiendis\u00f5bralikku teenindust<\/li>\n<\/ul>\n<p class=\"\" data-start=\"1566\" data-end=\"1695\">Aitame sul avastada <strong data-start=\"1586\" data-end=\"1695\">riike, mis on tuntud kvaliteetse arstiabi ja rahvusvahelistele patsientidele s\u00f5braliku keskkonna poolest.<\/strong><\/p>\n<hr class=\"\" data-start=\"1697\" data-end=\"1700\" \/>\n<h3 class=\"\" data-start=\"1702\" data-end=\"1734\">Populaarsemad Ravivaldkonnad<\/h3>\n<p class=\"\" data-start=\"1736\" data-end=\"1827\">Tutvustame sihtkohti, kus rahvusvahelised patsiendid otsivad sageli j\u00e4rgmisi raviv\u00f5imalusi:<\/p>\n<ul>\n<li data-start=\"1831\" data-end=\"1904\">\u2705 <strong data-start=\"1833\" data-end=\"1846\">Hambaravi<\/strong> (implantaatide paigaldus, laminaadid, naeratuse disain)<\/li>\n<li data-start=\"1907\" data-end=\"1949\">\u2705 <strong data-start=\"1909\" data-end=\"1947\">Esteetiline ja plastiline kirurgia<\/strong><\/li>\n<li data-start=\"1952\" data-end=\"1977\">\u2705 <strong data-start=\"1954\" data-end=\"1975\">Juuste siirdamine<\/strong><\/li>\n<li data-start=\"1980\" data-end=\"2006\">\u2705 <strong data-start=\"1982\" data-end=\"2004\">Viljatusravi (IVF)<\/strong><\/li>\n<li data-start=\"2009\" data-end=\"2058\">\u2705 <strong data-start=\"2011\" data-end=\"2056\">Ortopeedilised ja l\u00fclisamba operatsioonid<\/strong><\/li>\n<li data-start=\"2061\" data-end=\"2099\">\u2705 <strong data-start=\"2063\" data-end=\"2097\">Laserprotseduurid ja silmaravi<\/strong><\/li>\n<li data-start=\"2102\" data-end=\"2171\">\u2705 <strong data-start=\"2104\" data-end=\"2171\">Wellness-programmid, taastusravi ja vananemisvastased hooldused<\/strong><\/li>\n<\/ul>\n<p class=\"\" data-start=\"2173\" data-end=\"2321\">\ud83d\udccc <em data-start=\"2176\" data-end=\"2321\">Palun pane t\u00e4hele: me ei anna meditsiinilist n\u00f5u ega garanteeri ravitulemusi. Teave on m\u00f5eldud \u00fcksnes v\u00f5rdlevaks ja informatiivseks otstarbeks.<\/em><\/p>\n<hr class=\"\" data-start=\"2323\" data-end=\"2326\" \/>\n<h3 class=\"\" data-start=\"2328\" data-end=\"2374\">Soovitatavad Sihtkohad Meditsiiniturismiks<\/h3>\n<p class=\"\" data-start=\"2376\" data-end=\"2502\">Siin on m\u00f5ned riigid, mida meie platvormil esitleme, arvestades nende tuntud meditsiiniteenuste kvaliteeti ja usaldusv\u00e4\u00e4rsust:<\/p>\n<ul>\n<li data-start=\"2506\" data-end=\"2681\">\ud83c\uddf9\ud83c\uddf7 <strong data-start=\"2511\" data-end=\"2520\">T\u00fcrgi<\/strong> \u2013 esteetiline hambaravi, plastiline kirurgia, silmaravi, elundisiirdamine, onkoloogia, s\u00fcdamekirurgia, ortopeediline kirurgia ja kehav\u00e4line viljastamine (IVF)<\/li>\n<li data-start=\"2684\" data-end=\"2738\">\ud83c\udded\ud83c\uddfa <strong data-start=\"2689\" data-end=\"2699\">Ungari<\/strong> \u2013 kosmeetiline hambaravi, ortodontia<\/li>\n<li data-start=\"2741\" data-end=\"2798\">\ud83c\udded\ud83c\uddf7 <strong data-start=\"2746\" data-end=\"2759\">Horvaatia<\/strong> \u2013 hambaravi, wellness ja taastusravi<\/li>\n<li data-start=\"2801\" data-end=\"2860\">\ud83c\uddf2\ud83c\uddfd <strong data-start=\"2806\" data-end=\"2817\">Mehhiko<\/strong> \u2013 bariaatriline kirurgia, viljakuse ravi<\/li>\n<li data-start=\"2863\" data-end=\"2936\">\ud83c\uddea\ud83c\uddf8 <strong data-start=\"2868\" data-end=\"2881\">Hispaania<\/strong> \u2013 esteetiline kirurgia, vananemisvastased programmid<\/li>\n<li data-start=\"2939\" data-end=\"2984\">\ud83c\uddf9\ud83c\udded <strong data-start=\"2944\" data-end=\"2951\">Tai<\/strong> \u2013 meditsiinispaad, ilukirurgia<\/li>\n<li data-start=\"2987\" data-end=\"3050\">\ud83c\uddf0\ud83c\uddf7 <strong data-start=\"2992\" data-end=\"3007\">L\u00f5una-Korea<\/strong> \u2013 dermatoloogia, t\u00e4iustatud n\u00e4ohooldused<\/li>\n<li data-start=\"3053\" data-end=\"3117\">\ud83c\uddee\ud83c\uddf3 <strong data-start=\"3058\" data-end=\"3067\">India<\/strong> \u2013 ortopeedia, s\u00fcdamekirurgia, ajurveeda teraapiad<\/li>\n<\/ul>\n<p class=\"\" data-start=\"3119\" data-end=\"3232\">K\u00f5ik mainitud asutused on <strong data-start=\"3145\" data-end=\"3169\">iseseisvad kliinikud<\/strong>, millel on kogemusi rahvusvaheliste patsientide teenindamisel.<\/p>\n<hr class=\"\" data-start=\"3234\" data-end=\"3237\" \/>\n<h3 class=\"\" data-start=\"3239\" data-end=\"3265\">\u00dchenda Ravi Kultuuriga<\/h3>\n<p class=\"\" data-start=\"3267\" data-end=\"3529\">Lisaks meditsiiniteabele pakume v\u00f5imalust luua \u00fchendus <strong data-start=\"3322\" data-end=\"3351\">litsentseeritud giididega<\/strong> erinevates sihtkohtades.<br data-start=\"3376\" data-end=\"3379\" \/>Olgu see ajalooline ekskursioon Istanbulis, veinireis Hispaanias v\u00f5i vaateelamus Doonau \u00e4\u00e4res \u2013 sinu taastumine v\u00f5ib olla meeldiv osa reisi tervikust.<\/p>\n<blockquote data-start=\"3531\" data-end=\"3641\">\n<p class=\"\" data-start=\"3533\" data-end=\"3641\">\ud83c\udfa7 <em data-start=\"3536\" data-end=\"3641\">Privaatekskursioonid on valikulised ja korraldatakse soovi korral koos kontrollitud professionaalidega.<\/em><\/p>\n<\/blockquote>\n<hr class=\"\" data-start=\"3643\" data-end=\"3646\" \/>\n<h3 class=\"\" data-start=\"3648\" data-end=\"3682\">S\u00f5ltumatu ja Teavitav Platvorm<\/h3>\n<ul>\n<li data-start=\"3686\" data-end=\"3751\">\u2757 <strong data-start=\"3688\" data-end=\"3749\">Me ei soovita konkreetseid ravimeetodeid ega protseduure.<\/strong><\/li>\n<li data-start=\"3754\" data-end=\"3830\">\ud83c\udfe5 Kliiniku, arsti ja ravimeetodi valik on t\u00e4ielikult kasutaja vastutusel.<\/li>\n<li data-start=\"3833\" data-end=\"3894\">\ud83d\udcd1 K\u00f5ik esitatud teave on \u00fcldine ega ole \u00f5iguslikult siduv.<\/li>\n<li data-start=\"3897\" data-end=\"3973\">\ud83d\udee1\ufe0f <strong data-start=\"3901\" data-end=\"3973\">Me ei vastuta ravi tulemuste ega kolmandate osapoolte teenuste eest.<\/strong><\/li>\n<\/ul>\n<hr class=\"\" data-start=\"3975\" data-end=\"3978\" \/>\n<h3 class=\"\" data-start=\"3980\" data-end=\"4003\">\u2709\ufe0f Soovid Alustada?<\/h3>\n<p class=\"\" data-start=\"4005\" data-end=\"4144\">Kui kaalud meditsiinireisi ja soovid saada rohkem teavet sihtkohtade, kliinikute v\u00f5i kultuuritegevuste kohta, v\u00f5ta meiega julgelt \u00fchendust.<\/p>\n<p class=\"\" data-start=\"4146\" data-end=\"4239\">\ud83d\udc49 <span style=\"text-decoration: underline;\"><strong data-start=\"4149\" data-end=\"4178\">V\u00d5TA MEIEGA \u00dcHENDUST KOHE<\/strong><\/span> \u2013 saad esmase \u00fclevaate raviv\u00f5imalustest ja ekskursioonidest.<\/p>\n<p data-start=\"4146\" data-end=\"4239\"><div class=\"wpforms-container wpforms-container-full\" id=\"wpforms-4263\"><form id=\"wpforms-form-4263\" class=\"wpforms-validate wpforms-form\" data-formid=\"4263\" method=\"post\" enctype=\"multipart\/form-data\" action=\"\/et\/wp-json\/wp\/v2\/pages\/394750\" data-token=\"e55905b6665478818f3198ba995420eb\" data-token-time=\"1777278820\"><noscript class=\"wpforms-error-noscript\">Please enable JavaScript in your browser to complete this form.<\/noscript><div class=\"wpforms-field-container\"><div id=\"wpforms-4263-field_0-container\" class=\"wpforms-field wpforms-field-name\" data-field-id=\"0\"><label class=\"wpforms-field-label\">Name <span class=\"wpforms-required-label\">*<\/span><\/label><div class=\"wpforms-field-row wpforms-field-medium\"><div class=\"wpforms-field-row-block wpforms-first wpforms-one-half\"><input type=\"text\" id=\"wpforms-4263-field_0\" class=\"wpforms-field-name-first wpforms-field-required\" name=\"wpforms[fields][0][first]\" required><label for=\"wpforms-4263-field_0\" class=\"wpforms-field-sublabel after\">First<\/label><\/div><div class=\"wpforms-field-row-block wpforms-one-half\"><input type=\"text\" id=\"wpforms-4263-field_0-last\" class=\"wpforms-field-name-last wpforms-field-required\" name=\"wpforms[fields][0][last]\" required><label for=\"wpforms-4263-field_0-last\" class=\"wpforms-field-sublabel after\">Last<\/label><\/div><\/div><\/div><div id=\"wpforms-4263-field_1-container\" class=\"wpforms-field wpforms-field-email\" data-field-id=\"1\"><label class=\"wpforms-field-label\" for=\"wpforms-4263-field_1\">Email <span class=\"wpforms-required-label\">*<\/span><\/label><input type=\"email\" id=\"wpforms-4263-field_1\" class=\"wpforms-field-medium wpforms-field-required\" name=\"wpforms[fields][1]\" spellcheck=\"false\" required><\/div><div id=\"wpforms-4263-field_4-container\" class=\"wpforms-field wpforms-field-phone\" data-field-id=\"4\"><label class=\"wpforms-field-label\" for=\"wpforms-4263-field_4\">Mobile Phone<\/label><input type=\"tel\" id=\"wpforms-4263-field_4\" class=\"wpforms-field-medium wpforms-smart-phone-field\" data-rule-smart-phone-field=\"true\" name=\"wpforms[fields][4]\" aria-label=\"Mobile Phone\" ><\/div><div id=\"wpforms-4263-field_2-container\" class=\"wpforms-field wpforms-field-textarea\" data-field-id=\"2\"><label class=\"wpforms-field-label\" for=\"wpforms-4263-field_2\">Comment or Message <span class=\"wpforms-required-label\">*<\/span><\/label><textarea id=\"wpforms-4263-field_2\" class=\"wpforms-field-medium wpforms-field-required\" name=\"wpforms[fields][2]\" required><\/textarea><\/div><\/div><!-- .wpforms-field-container --><div class=\"wpforms-field wpforms-field-hp\"><label for=\"wpforms-4263-field-hp\" class=\"wpforms-field-label\">Message<\/label><input type=\"text\" name=\"wpforms[hp]\" id=\"wpforms-4263-field-hp\" class=\"wpforms-field-medium\"><\/div><div class=\"wpforms-recaptcha-container wpforms-is-recaptcha wpforms-is-recaptcha-type-v2\" ><div class=\"g-recaptcha\" data-sitekey=\"6LcUi_IZAAAAAPZECIskiqveM1KET8SQPPj592eW\"><\/div><input type=\"text\" name=\"g-recaptcha-hidden\" class=\"wpforms-recaptcha-hidden\" style=\"position:absolute!important;clip:rect(0,0,0,0)!important;height:1px!important;width:1px!important;border:0!important;overflow:hidden!important;padding:0!important;margin:0!important;\" data-rule-recaptcha=\"1\"><\/div><div class=\"wpforms-submit-container\" ><input type=\"hidden\" name=\"wpforms[id]\" value=\"4263\"><input type=\"hidden\" name=\"page_title\" value=\"\"><input type=\"hidden\" name=\"page_url\" value=\"https:\/\/officialguides.com\/et\/wp-json\/wp\/v2\/pages\/394750\"><input type=\"hidden\" name=\"url_referer\" value=\"\"><button type=\"submit\" name=\"wpforms[submit]\" id=\"wpforms-submit-4263\" class=\"wpforms-submit\" data-alt-text=\"Sending...\" data-submit-text=\"Submit\" aria-live=\"assertive\" value=\"wpforms-submit\">Submit<\/button><\/div><\/form><\/div>  <!-- .wpforms-container --><\/p>\n","protected":false},"excerpt":{"rendered":"<p>\ud83c\udf0d Rahvusvaheline Meditsiiniline Turism Avasta usaldusv\u00e4\u00e4rsed meditsiiniturismi sihtkohad koos l\u00e4bipaistva teabe ja kultuurielamustega Tere tulemast platvormile, mis aitab sul uurida maailma k\u00f5ige tunnustatumaid rahvusvahelise meditsiiniturismi sihtkohti, kus tipptasemel tervishoid p\u00f5imub ainulaadsete kultuurikogemustega. Officialguides.com pakub \u00fcldist teavet kliinikute ja haiglate kohta, mis v\u00f5tavad vastu rahvusvahelisi patsiente. Me ei osuta ise meditsiiniteenuseid, kuid aitame sul leida usaldusv\u00e4\u00e4rseid &#8230; <a title=\"Meditsiiniline Turism\" class=\"read-more\" href=\"https:\/\/officialguides.com\/et\/meditsiiniline-turism\/\" aria-label=\"Read more about Meditsiiniline Turism\">Read more<\/a><\/p>\n","protected":false},"author":3,"featured_media":394711,"parent":0,"menu_order":0,"comment_status":"closed","ping_status":"closed","template":"","meta":{"_acf_changed":false,"footnotes":""},"class_list":["post-394750","page","type-page","status-publish","has-post-thumbnail"],"acf":[],"yoast_head":"<!-- This site is optimized with the Yoast SEO plugin v27.4 - https:\/\/yoast.com\/product\/yoast-seo-wordpress\/ -->\n<title>Rahvusvaheline Meditsiiniturism \u2013 Usaldusv\u00e4\u00e4rsed Kliinikud ja Kultuurikogemused<\/title>\n<meta name=\"description\" content=\"Avastage parimad terviseturismi sihtkohad maailmas. V\u00f5rdle rahvusvahelisi kliinikuid ja \u00fchenda ravi ainulaadsete reisikogemustega.\" \/>\n<meta name=\"robots\" content=\"index, follow, max-snippet:-1, max-image-preview:large, max-video-preview:-1\" \/>\n<link rel=\"canonical\" href=\"https:\/\/officialguides.com\/et\/meditsiiniline-turism\/\" \/>\n<meta property=\"og:locale\" content=\"et_EE\" \/>\n<meta property=\"og:type\" content=\"article\" \/>\n<meta property=\"og:title\" content=\"Rahvusvaheline Meditsiiniturism \u2013 Usaldusv\u00e4\u00e4rsed Kliinikud ja Kultuurikogemused\" \/>\n<meta property=\"og:description\" content=\"Avastage parimad terviseturismi sihtkohad maailmas. V\u00f5rdle rahvusvahelisi kliinikuid ja \u00fchenda ravi ainulaadsete reisikogemustega.\" \/>\n<meta property=\"og:url\" content=\"https:\/\/officialguides.com\/et\/meditsiiniline-turism\/\" \/>\n<meta property=\"og:site_name\" content=\"Find Your Private Tour Guide Around The World!\" \/>\n<meta property=\"og:image\" content=\"https:\/\/officialguides.com\/wp-content\/uploads\/2025\/04\/medical-tourism.jpg\" \/>\n\t<meta property=\"og:image:width\" content=\"1023\" \/>\n\t<meta property=\"og:image:height\" content=\"373\" \/>\n\t<meta property=\"og:image:type\" content=\"image\/jpeg\" \/>\n<meta name=\"twitter:card\" content=\"summary_large_image\" \/>\n<meta name=\"twitter:label1\" content=\"Est. reading time\" \/>\n\t<meta name=\"twitter:data1\" content=\"2 minutit\" \/>\n<script type=\"application\/ld+json\" class=\"yoast-schema-graph\">{\"@context\":\"https:\\\/\\\/schema.org\",\"@graph\":[{\"@type\":\"WebPage\",\"@id\":\"https:\\\/\\\/officialguides.com\\\/et\\\/meditsiiniline-turism\\\/\",\"url\":\"https:\\\/\\\/officialguides.com\\\/et\\\/meditsiiniline-turism\\\/\",\"name\":\"Rahvusvaheline Meditsiiniturism \u2013 Usaldusv\u00e4\u00e4rsed Kliinikud ja Kultuurikogemused\",\"isPartOf\":{\"@id\":\"https:\\\/\\\/officialguides.com\\\/et\\\/#website\"},\"primaryImageOfPage\":{\"@id\":\"https:\\\/\\\/officialguides.com\\\/et\\\/meditsiiniline-turism\\\/#primaryimage\"},\"image\":{\"@id\":\"https:\\\/\\\/officialguides.com\\\/et\\\/meditsiiniline-turism\\\/#primaryimage\"},\"thumbnailUrl\":\"https:\\\/\\\/officialguides.com\\\/wp-content\\\/uploads\\\/2025\\\/04\\\/medical-tourism.jpg\",\"datePublished\":\"2025-04-18T16:23:54+00:00\",\"description\":\"Avastage parimad terviseturismi sihtkohad maailmas. V\u00f5rdle rahvusvahelisi kliinikuid ja \u00fchenda ravi ainulaadsete reisikogemustega.\",\"breadcrumb\":{\"@id\":\"https:\\\/\\\/officialguides.com\\\/et\\\/meditsiiniline-turism\\\/#breadcrumb\"},\"inLanguage\":\"et\",\"potentialAction\":[{\"@type\":\"ReadAction\",\"target\":[\"https:\\\/\\\/officialguides.com\\\/et\\\/meditsiiniline-turism\\\/\"]}]},{\"@type\":\"ImageObject\",\"inLanguage\":\"et\",\"@id\":\"https:\\\/\\\/officialguides.com\\\/et\\\/meditsiiniline-turism\\\/#primaryimage\",\"url\":\"https:\\\/\\\/officialguides.com\\\/wp-content\\\/uploads\\\/2025\\\/04\\\/medical-tourism.jpg\",\"contentUrl\":\"https:\\\/\\\/officialguides.com\\\/wp-content\\\/uploads\\\/2025\\\/04\\\/medical-tourism.jpg\",\"width\":1023,\"height\":373,\"caption\":\"Rahvusvaheline patsient uurib kultuurireisi ajal meditsiinilist teavet\"},{\"@type\":\"BreadcrumbList\",\"@id\":\"https:\\\/\\\/officialguides.com\\\/et\\\/meditsiiniline-turism\\\/#breadcrumb\",\"itemListElement\":[{\"@type\":\"ListItem\",\"position\":1,\"name\":\"Home\",\"item\":\"https:\\\/\\\/officialguides.com\\\/et\\\/\"},{\"@type\":\"ListItem\",\"position\":2,\"name\":\"Meditsiiniline Turism\"}]},{\"@type\":\"WebSite\",\"@id\":\"https:\\\/\\\/officialguides.com\\\/et\\\/#website\",\"url\":\"https:\\\/\\\/officialguides.com\\\/et\\\/\",\"name\":\"Official Tour Guides Around The World! Istanbul, Paris, Rome, Dubai...\",\"description\":\"Explore cities and popular destinations with professional, official, certified tour guides\",\"alternateName\":\"Official Guides\",\"potentialAction\":[{\"@type\":\"SearchAction\",\"target\":{\"@type\":\"EntryPoint\",\"urlTemplate\":\"https:\\\/\\\/officialguides.com\\\/et\\\/?s={search_term_string}\"},\"query-input\":{\"@type\":\"PropertyValueSpecification\",\"valueRequired\":true,\"valueName\":\"search_term_string\"}}],\"inLanguage\":\"et\"}]}<\/script>\n<!-- \/ Yoast SEO plugin. -->","yoast_head_json":{"title":"Rahvusvaheline Meditsiiniturism \u2013 Usaldusv\u00e4\u00e4rsed Kliinikud ja Kultuurikogemused","description":"Avastage parimad terviseturismi sihtkohad maailmas. V\u00f5rdle rahvusvahelisi kliinikuid ja \u00fchenda ravi ainulaadsete reisikogemustega.","robots":{"index":"index","follow":"follow","max-snippet":"max-snippet:-1","max-image-preview":"max-image-preview:large","max-video-preview":"max-video-preview:-1"},"canonical":"https:\/\/officialguides.com\/et\/meditsiiniline-turism\/","og_locale":"et_EE","og_type":"article","og_title":"Rahvusvaheline Meditsiiniturism \u2013 Usaldusv\u00e4\u00e4rsed Kliinikud ja Kultuurikogemused","og_description":"Avastage parimad terviseturismi sihtkohad maailmas. V\u00f5rdle rahvusvahelisi kliinikuid ja \u00fchenda ravi ainulaadsete reisikogemustega.","og_url":"https:\/\/officialguides.com\/et\/meditsiiniline-turism\/","og_site_name":"Find Your Private Tour Guide Around The World!","og_image":[{"width":1023,"height":373,"url":"https:\/\/officialguides.com\/wp-content\/uploads\/2025\/04\/medical-tourism.jpg","type":"image\/jpeg"}],"twitter_card":"summary_large_image","twitter_misc":{"Est. reading time":"2 minutit"},"schema":{"@context":"https:\/\/schema.org","@graph":[{"@type":"WebPage","@id":"https:\/\/officialguides.com\/et\/meditsiiniline-turism\/","url":"https:\/\/officialguides.com\/et\/meditsiiniline-turism\/","name":"Rahvusvaheline Meditsiiniturism \u2013 Usaldusv\u00e4\u00e4rsed Kliinikud ja Kultuurikogemused","isPartOf":{"@id":"https:\/\/officialguides.com\/et\/#website"},"primaryImageOfPage":{"@id":"https:\/\/officialguides.com\/et\/meditsiiniline-turism\/#primaryimage"},"image":{"@id":"https:\/\/officialguides.com\/et\/meditsiiniline-turism\/#primaryimage"},"thumbnailUrl":"https:\/\/officialguides.com\/wp-content\/uploads\/2025\/04\/medical-tourism.jpg","datePublished":"2025-04-18T16:23:54+00:00","description":"Avastage parimad terviseturismi sihtkohad maailmas. V\u00f5rdle rahvusvahelisi kliinikuid ja \u00fchenda ravi ainulaadsete reisikogemustega.","breadcrumb":{"@id":"https:\/\/officialguides.com\/et\/meditsiiniline-turism\/#breadcrumb"},"inLanguage":"et","potentialAction":[{"@type":"ReadAction","target":["https:\/\/officialguides.com\/et\/meditsiiniline-turism\/"]}]},{"@type":"ImageObject","inLanguage":"et","@id":"https:\/\/officialguides.com\/et\/meditsiiniline-turism\/#primaryimage","url":"https:\/\/officialguides.com\/wp-content\/uploads\/2025\/04\/medical-tourism.jpg","contentUrl":"https:\/\/officialguides.com\/wp-content\/uploads\/2025\/04\/medical-tourism.jpg","width":1023,"height":373,"caption":"Rahvusvaheline patsient uurib kultuurireisi ajal meditsiinilist teavet"},{"@type":"BreadcrumbList","@id":"https:\/\/officialguides.com\/et\/meditsiiniline-turism\/#breadcrumb","itemListElement":[{"@type":"ListItem","position":1,"name":"Home","item":"https:\/\/officialguides.com\/et\/"},{"@type":"ListItem","position":2,"name":"Meditsiiniline Turism"}]},{"@type":"WebSite","@id":"https:\/\/officialguides.com\/et\/#website","url":"https:\/\/officialguides.com\/et\/","name":"Official Tour Guides Around The World! Istanbul, Paris, Rome, Dubai...","description":"Explore cities and popular destinations with professional, official, certified tour guides","alternateName":"Official Guides","potentialAction":[{"@type":"SearchAction","target":{"@type":"EntryPoint","urlTemplate":"https:\/\/officialguides.com\/et\/?s={search_term_string}"},"query-input":{"@type":"PropertyValueSpecification","valueRequired":true,"valueName":"search_term_string"}}],"inLanguage":"et"}]}},"_links":{"self":[{"href":"https:\/\/officialguides.com\/et\/wp-json\/wp\/v2\/pages\/394750","targetHints":{"allow":["GET"]}}],"collection":[{"href":"https:\/\/officialguides.com\/et\/wp-json\/wp\/v2\/pages"}],"about":[{"href":"https:\/\/officialguides.com\/et\/wp-json\/wp\/v2\/types\/page"}],"author":[{"embeddable":true,"href":"https:\/\/officialguides.com\/et\/wp-json\/wp\/v2\/users\/3"}],"replies":[{"embeddable":true,"href":"https:\/\/officialguides.com\/et\/wp-json\/wp\/v2\/comments?post=394750"}],"version-history":[{"count":0,"href":"https:\/\/officialguides.com\/et\/wp-json\/wp\/v2\/pages\/394750\/revisions"}],"wp:featuredmedia":[{"embeddable":true,"href":"https:\/\/officialguides.com\/et\/wp-json\/wp\/v2\/media\/394711"}],"wp:attachment":[{"href":"https:\/\/officialguides.com\/et\/wp-json\/wp\/v2\/media?parent=394750"}],"curies":[{"name":"wp","href":"https:\/\/api.w.org\/{rel}","templated":true}]}}