{"id":394739,"date":"2025-04-18T17:58:37","date_gmt":"2025-04-18T14:58:37","guid":{"rendered":"https:\/\/officialguides.com\/turismo-medico\/"},"modified":"2025-04-18T17:58:37","modified_gmt":"2025-04-18T14:58:37","slug":"turismo-medico","status":"publish","type":"page","link":"https:\/\/officialguides.com\/es\/turismo-medico\/","title":{"rendered":"Turismo M\u00e9dico"},"content":{"rendered":"<h2 class=\"\" data-start=\"296\" data-end=\"330\">\ud83c\udf0d Turismo M\u00e9dico en el Mundo<\/h2>\n<p class=\"\" data-start=\"331\" data-end=\"433\"><strong data-start=\"331\" data-end=\"433\">Descubre Destinos de Turismo M\u00e9dico con Informaci\u00f3n Confiable y Experiencias Culturales Aut\u00e9nticas<\/strong><\/p>\n<p class=\"\" data-start=\"435\" data-end=\"654\">Bienvenido a una plataforma cuidadosamente dise\u00f1ada para explorar los destinos m\u00e1s reconocidos del <strong data-start=\"534\" data-end=\"566\">turismo m\u00e9dico internacional<\/strong>, donde los servicios de salud avanzados se combinan con experiencias culturales \u00fanicas.<\/p>\n<p class=\"\" data-start=\"656\" data-end=\"1008\">En <strong data-start=\"659\" data-end=\"681\">officialguides.com<\/strong>, brindamos informaci\u00f3n general sobre <strong data-start=\"719\" data-end=\"802\">cl\u00ednicas y hospitales que ofrecen servicios m\u00e9dicos a pacientes internacionales<\/strong>. No proporcionamos atenci\u00f3n m\u00e9dica directa, pero nuestro objetivo es ayudarte a descubrir y conectarte con centros confiables en el extranjero, complementando tu viaje con opciones tur\u00edsticas y culturales.<\/p>\n<hr class=\"\" data-start=\"1010\" data-end=\"1013\" \/>\n<h3 class=\"\" data-start=\"1015\" data-end=\"1056\">\u00bfPor Qu\u00e9 Optar por el Turismo M\u00e9dico?<\/h3>\n<p class=\"\" data-start=\"1058\" data-end=\"1158\">Millones de personas eligen cada a\u00f1o recibir tratamientos m\u00e9dicos en el extranjero por razones como:<\/p>\n<ul>\n<li data-start=\"1162\" data-end=\"1228\">\ud83c\udfe5 Acceso a cl\u00ednicas acreditadas y m\u00e9dicos altamente calificados<\/li>\n<li data-start=\"1231\" data-end=\"1289\">\ud83d\udcb0 Costos m\u00e1s bajos en comparaci\u00f3n con el pa\u00eds de origen<\/li>\n<li data-start=\"1292\" data-end=\"1322\">\ud83d\udcc6 Menores tiempos de espera<\/li>\n<li data-start=\"1325\" data-end=\"1380\">\u2708\ufe0f Oportunidad de combinar tratamiento con vacaciones<\/li>\n<li class=\"\" data-start=\"1381\" data-end=\"1428\">\n<p class=\"\" data-start=\"1383\" data-end=\"1428\">\ud83d\udcac Personal m\u00e9dico que habla varios idiomas<\/p>\n<\/li>\n<\/ul>\n<p class=\"\" data-start=\"1430\" data-end=\"1569\">Te ayudamos a explorar <strong data-start=\"1453\" data-end=\"1531\">destinos reconocidos por sus altos est\u00e1ndares sanitarios y su hospitalidad<\/strong> hacia los visitantes internacionales.<\/p>\n<hr class=\"\" data-start=\"1571\" data-end=\"1574\" \/>\n<h3 class=\"\" data-start=\"1576\" data-end=\"1614\">\u00bfQu\u00e9 Informaci\u00f3n Encontrar\u00e1s Aqu\u00ed?<\/h3>\n<p class=\"\" data-start=\"1616\" data-end=\"1709\">En nuestra plataforma, destacamos pa\u00edses donde los pacientes suelen buscar tratamientos como:<\/p>\n<ul>\n<li data-start=\"1713\" data-end=\"1773\">\u2705 <strong data-start=\"1715\" data-end=\"1730\">Odontolog\u00eda<\/strong> (implantes, carillas, dise\u00f1o de sonrisa)<\/li>\n<li data-start=\"1776\" data-end=\"1811\">\u2705 <strong data-start=\"1778\" data-end=\"1809\">Cirug\u00eda est\u00e9tica y pl\u00e1stica<\/strong><\/li>\n<li data-start=\"1814\" data-end=\"1840\">\u2705 <strong data-start=\"1816\" data-end=\"1838\">Trasplante capilar<\/strong><\/li>\n<li data-start=\"1843\" data-end=\"1883\">\u2705 <strong data-start=\"1845\" data-end=\"1881\">Fertilidad y tratamientos de FIV<\/strong><\/li>\n<li data-start=\"1886\" data-end=\"1935\">\u2705 <strong data-start=\"1888\" data-end=\"1933\">Cirug\u00eda ortop\u00e9dica y de columna vertebral<\/strong><\/li>\n<li data-start=\"1938\" data-end=\"1981\">\u2705 <strong data-start=\"1940\" data-end=\"1979\">Oftalmolog\u00eda y cirug\u00eda l\u00e1ser ocular<\/strong><\/li>\n<li data-start=\"1984\" data-end=\"2029\">\u2705 <strong data-start=\"1986\" data-end=\"2029\">Programas de bienestar y rehabilitaci\u00f3n<\/strong><\/li>\n<\/ul>\n<p class=\"\" data-start=\"2031\" data-end=\"2199\">\ud83d\udccc <em data-start=\"2034\" data-end=\"2199\">Ten en cuenta que no ofrecemos recomendaciones m\u00e9dicas ni garantizamos resultados cl\u00ednicos. Toda la informaci\u00f3n tiene fines informativos y comparativos \u00fanicamente.<\/em><\/p>\n<hr class=\"\" data-start=\"2201\" data-end=\"2204\" \/>\n<h3 class=\"\" data-start=\"2206\" data-end=\"2237\">Destinos M\u00e9dicos Destacados<\/h3>\n<p class=\"\" data-start=\"2239\" data-end=\"2337\">Estos son algunos de los pa\u00edses que presentamos por la calidad de sus servicios de turismo m\u00e9dico:<\/p>\n<ul>\n<li data-start=\"2341\" data-end=\"2414\">\ud83c\uddf9\ud83c\uddf7 <strong data-start=\"2346\" data-end=\"2357\">Turqu\u00eda<\/strong> \u2013 odontolog\u00eda est\u00e9tica, cirug\u00eda pl\u00e1stica, oftalmolog\u00eda, trasplante de \u00f3rganos, oncolog\u00eda, cirug\u00eda card\u00edaca, cirug\u00eda ortop\u00e9dica y tratamientos de fertilizaci\u00f3n in vitro (FIV).<\/li>\n<li data-start=\"2417\" data-end=\"2471\">\ud83c\udded\ud83c\uddfa <strong data-start=\"2422\" data-end=\"2433\">Hungr\u00eda<\/strong> \u2013 tratamientos dentales, ortodoncia<\/li>\n<li data-start=\"2474\" data-end=\"2534\">\ud83c\udded\ud83c\uddf7 <strong data-start=\"2479\" data-end=\"2490\">Croacia<\/strong> \u2013 odontolog\u00eda, bienestar y rehabilitaci\u00f3n<\/li>\n<li data-start=\"2537\" data-end=\"2603\">\ud83c\uddf2\ud83c\uddfd <strong data-start=\"2542\" data-end=\"2552\">M\u00e9xico<\/strong> \u2013 cirug\u00eda bari\u00e1trica, tratamientos de fertilidad<\/li>\n<li data-start=\"2606\" data-end=\"2671\">\ud83c\uddea\ud83c\uddf8 <strong data-start=\"2611\" data-end=\"2621\">Espa\u00f1a<\/strong> \u2013 cirug\u00eda est\u00e9tica, medicina antienvejecimiento<\/li>\n<li data-start=\"2674\" data-end=\"2727\">\ud83c\uddf9\ud83c\udded <strong data-start=\"2679\" data-end=\"2692\">Tailandia<\/strong> \u2013 spa m\u00e9dicos, cirug\u00eda cosm\u00e9tica<\/li>\n<li data-start=\"2730\" data-end=\"2802\">\ud83c\uddf0\ud83c\uddf7 <strong data-start=\"2735\" data-end=\"2752\">Corea del Sur<\/strong> \u2013 dermatolog\u00eda, tratamientos faciales avanzados<\/li>\n<li data-start=\"2805\" data-end=\"2871\">\ud83c\uddee\ud83c\uddf3 <strong data-start=\"2810\" data-end=\"2819\">India<\/strong> \u2013 ortopedia, cirug\u00eda card\u00edaca, terapias ayurv\u00e9dicas<\/li>\n<\/ul>\n<p class=\"\" data-start=\"2873\" data-end=\"2989\">Todos los centros presentados son <strong data-start=\"2907\" data-end=\"2947\">instituciones m\u00e9dicas independientes<\/strong> que atienden a pacientes internacionales.<\/p>\n<hr class=\"\" data-start=\"2991\" data-end=\"2994\" \/>\n<h3 class=\"\" data-start=\"2996\" data-end=\"3028\">Combina Tu Viaje con Cultura<\/h3>\n<p class=\"\" data-start=\"3030\" data-end=\"3346\">Adem\u00e1s de brindar informaci\u00f3n m\u00e9dica, tambi\u00e9n ofrecemos conexiones con <strong data-start=\"3101\" data-end=\"3135\">gu\u00edas tur\u00edsticos profesionales<\/strong> en varios destinos. Ya sea un tour hist\u00f3rico por Estambul, una ruta del vino en Espa\u00f1a o una experiencia esc\u00e9nica por el Danubio, tu proceso de recuperaci\u00f3n puede ser tan enriquecedor como el tratamiento mismo.<\/p>\n<blockquote data-start=\"3348\" data-end=\"3470\">\n<p class=\"\" data-start=\"3350\" data-end=\"3470\">\ud83c\udfa7 <em data-start=\"3353\" data-end=\"3470\">Los tours privados con gu\u00edas autorizados son opcionales y se organizan bajo petici\u00f3n con profesionales verificados.<\/em><\/p>\n<\/blockquote>\n<hr class=\"\" data-start=\"3472\" data-end=\"3475\" \/>\n<h3 class=\"\" data-start=\"3477\" data-end=\"3515\">Plataforma Neutral e Independiente<\/h3>\n<ul>\n<li data-start=\"3519\" data-end=\"3594\">\u2757 <strong data-start=\"3521\" data-end=\"3592\">No recomendamos tratamientos m\u00e9dicos ni procedimientos espec\u00edficos.<\/strong><\/li>\n<li data-start=\"3597\" data-end=\"3682\">\ud83c\udfe5 La elecci\u00f3n de cl\u00ednica, m\u00e9dico y tratamiento depende exclusivamente del usuario.<\/li>\n<li data-start=\"3685\" data-end=\"3747\">\ud83d\udcd1 Toda la informaci\u00f3n es orientativa y de car\u00e1cter general.<\/li>\n<li data-start=\"3750\" data-end=\"3876\">\ud83d\udee1\ufe0f <strong data-start=\"3754\" data-end=\"3876\">No asumimos responsabilidad alguna por los resultados de los tratamientos ni por los servicios brindados por terceros.<\/strong><\/li>\n<\/ul>\n<hr class=\"\" data-start=\"3878\" data-end=\"3881\" \/>\n<h3 class=\"\" data-start=\"3883\" data-end=\"3907\">\u2709\ufe0f \u00bfQuieres Empezar?<\/h3>\n<p class=\"\" data-start=\"3909\" data-end=\"4095\">Si est\u00e1s considerando viajar por motivos m\u00e9dicos y deseas conocer tus opciones de destino \u2014as\u00ed como las actividades tur\u00edsticas disponibles\u2014, no dudes en ponerte en contacto con nosotros.<\/p>\n<p class=\"\" data-start=\"4097\" data-end=\"4206\">\ud83d\udc49 <span style=\"text-decoration: underline;\"><strong data-start=\"4100\" data-end=\"4123\">Cont\u00e1ctanos Ahora<\/strong><\/span><\/p>\n<p data-start=\"4097\" data-end=\"4206\"><div class=\"wpforms-container wpforms-container-full\" id=\"wpforms-4263\"><form id=\"wpforms-form-4263\" class=\"wpforms-validate wpforms-form\" data-formid=\"4263\" method=\"post\" enctype=\"multipart\/form-data\" action=\"\/es\/wp-json\/wp\/v2\/pages\/394739\" data-token=\"e55905b6665478818f3198ba995420eb\" data-token-time=\"1777279930\"><noscript class=\"wpforms-error-noscript\">Por favor, activa JavaScript en tu navegador para completar este formulario.<\/noscript><div class=\"wpforms-field-container\"><div id=\"wpforms-4263-field_0-container\" class=\"wpforms-field wpforms-field-name\" data-field-id=\"0\"><label class=\"wpforms-field-label\">Name <span class=\"wpforms-required-label\">*<\/span><\/label><div class=\"wpforms-field-row wpforms-field-medium\"><div class=\"wpforms-field-row-block wpforms-first wpforms-one-half\"><input type=\"text\" id=\"wpforms-4263-field_0\" class=\"wpforms-field-name-first wpforms-field-required\" name=\"wpforms[fields][0][first]\" required><label for=\"wpforms-4263-field_0\" class=\"wpforms-field-sublabel after\">Nombre<\/label><\/div><div class=\"wpforms-field-row-block wpforms-one-half\"><input type=\"text\" id=\"wpforms-4263-field_0-last\" class=\"wpforms-field-name-last wpforms-field-required\" name=\"wpforms[fields][0][last]\" required><label for=\"wpforms-4263-field_0-last\" class=\"wpforms-field-sublabel after\">Apellidos<\/label><\/div><\/div><\/div><div id=\"wpforms-4263-field_1-container\" class=\"wpforms-field wpforms-field-email\" data-field-id=\"1\"><label class=\"wpforms-field-label\" for=\"wpforms-4263-field_1\">Email <span class=\"wpforms-required-label\">*<\/span><\/label><input type=\"email\" id=\"wpforms-4263-field_1\" class=\"wpforms-field-medium wpforms-field-required\" name=\"wpforms[fields][1]\" spellcheck=\"false\" required><\/div><div id=\"wpforms-4263-field_4-container\" class=\"wpforms-field wpforms-field-phone\" data-field-id=\"4\"><label class=\"wpforms-field-label\" for=\"wpforms-4263-field_4\">Mobile Phone<\/label><input type=\"tel\" id=\"wpforms-4263-field_4\" class=\"wpforms-field-medium wpforms-smart-phone-field\" data-rule-smart-phone-field=\"true\" name=\"wpforms[fields][4]\" aria-label=\"Mobile Phone\" ><\/div><div id=\"wpforms-4263-field_2-container\" class=\"wpforms-field wpforms-field-textarea\" data-field-id=\"2\"><label class=\"wpforms-field-label\" for=\"wpforms-4263-field_2\">Comment or Message <span class=\"wpforms-required-label\">*<\/span><\/label><textarea id=\"wpforms-4263-field_2\" class=\"wpforms-field-medium wpforms-field-required\" name=\"wpforms[fields][2]\" required><\/textarea><\/div><\/div><!-- .wpforms-field-container --><div class=\"wpforms-field wpforms-field-hp\"><label for=\"wpforms-4263-field-hp\" class=\"wpforms-field-label\">Comment<\/label><input type=\"text\" name=\"wpforms[hp]\" id=\"wpforms-4263-field-hp\" class=\"wpforms-field-medium\"><\/div><div class=\"wpforms-recaptcha-container wpforms-is-recaptcha wpforms-is-recaptcha-type-v2\" ><div class=\"g-recaptcha\" data-sitekey=\"6LcUi_IZAAAAAPZECIskiqveM1KET8SQPPj592eW\"><\/div><input type=\"text\" name=\"g-recaptcha-hidden\" class=\"wpforms-recaptcha-hidden\" style=\"position:absolute!important;clip:rect(0,0,0,0)!important;height:1px!important;width:1px!important;border:0!important;overflow:hidden!important;padding:0!important;margin:0!important;\" data-rule-recaptcha=\"1\"><\/div><div class=\"wpforms-submit-container\" ><input type=\"hidden\" name=\"wpforms[id]\" value=\"4263\"><input type=\"hidden\" name=\"page_title\" value=\"\"><input type=\"hidden\" name=\"page_url\" value=\"https:\/\/officialguides.com\/es\/wp-json\/wp\/v2\/pages\/394739\"><input type=\"hidden\" name=\"url_referer\" value=\"\"><button type=\"submit\" name=\"wpforms[submit]\" id=\"wpforms-submit-4263\" class=\"wpforms-submit\" data-alt-text=\"Sending...\" data-submit-text=\"Submit\" aria-live=\"assertive\" value=\"wpforms-submit\">Submit<\/button><\/div><\/form><\/div>  <!-- .wpforms-container --><\/p>\n","protected":false},"excerpt":{"rendered":"<p>\ud83c\udf0d Turismo M\u00e9dico en el Mundo Descubre Destinos de Turismo M\u00e9dico con Informaci\u00f3n Confiable y Experiencias Culturales Aut\u00e9nticas Bienvenido a una plataforma cuidadosamente dise\u00f1ada para explorar los destinos m\u00e1s reconocidos del turismo m\u00e9dico internacional, donde los servicios de salud avanzados se combinan con experiencias culturales \u00fanicas. En officialguides.com, brindamos informaci\u00f3n general sobre cl\u00ednicas y hospitales &#8230; <a title=\"Turismo M\u00e9dico\" class=\"read-more\" href=\"https:\/\/officialguides.com\/es\/turismo-medico\/\" aria-label=\"Leer m\u00e1s sobre Turismo M\u00e9dico\">Leer m\u00e1s<\/a><\/p>\n","protected":false},"author":3,"featured_media":394734,"parent":0,"menu_order":0,"comment_status":"closed","ping_status":"closed","template":"","meta":{"_acf_changed":false,"footnotes":""},"class_list":["post-394739","page","type-page","status-publish","has-post-thumbnail"],"acf":[],"yoast_head":"<!-- This site is optimized with the Yoast SEO plugin v27.4 - https:\/\/yoast.com\/product\/yoast-seo-wordpress\/ -->\n<title>Turismo M\u00e9dico Internacional \u2013 Destinos, Cl\u00ednicas Confiables y Opciones de Viaje<\/title>\n<meta name=\"description\" content=\"Explora destinos globales de turismo m\u00e9dico. Compara cl\u00ednicas y tratamientos internacionales con apoyo informativo y experiencias culturales guiadas.\" \/>\n<meta name=\"robots\" content=\"index, follow, max-snippet:-1, max-image-preview:large, max-video-preview:-1\" \/>\n<link rel=\"canonical\" href=\"https:\/\/officialguides.com\/es\/turismo-medico\/\" \/>\n<meta property=\"og:locale\" content=\"es_ES\" \/>\n<meta property=\"og:type\" content=\"article\" \/>\n<meta property=\"og:title\" content=\"Turismo M\u00e9dico Internacional \u2013 Destinos, Cl\u00ednicas Confiables y Opciones de Viaje\" \/>\n<meta property=\"og:description\" content=\"Explora destinos globales de turismo m\u00e9dico. Compara cl\u00ednicas y tratamientos internacionales con apoyo informativo y experiencias culturales guiadas.\" \/>\n<meta property=\"og:url\" content=\"https:\/\/officialguides.com\/es\/turismo-medico\/\" \/>\n<meta property=\"og:site_name\" content=\"Find Your Private Tour Guide Around The World!\" \/>\n<meta property=\"og:image\" content=\"https:\/\/officialguides.com\/wp-content\/uploads\/2025\/04\/medical-tourism.jpg\" \/>\n\t<meta property=\"og:image:width\" content=\"1023\" \/>\n\t<meta property=\"og:image:height\" content=\"373\" \/>\n\t<meta property=\"og:image:type\" content=\"image\/jpeg\" \/>\n<meta name=\"twitter:card\" content=\"summary_large_image\" \/>\n<meta name=\"twitter:label1\" content=\"Tiempo de lectura\" \/>\n\t<meta name=\"twitter:data1\" content=\"3 minutos\" \/>\n<script type=\"application\/ld+json\" class=\"yoast-schema-graph\">{\"@context\":\"https:\\\/\\\/schema.org\",\"@graph\":[{\"@type\":\"WebPage\",\"@id\":\"https:\\\/\\\/officialguides.com\\\/es\\\/turismo-medico\\\/\",\"url\":\"https:\\\/\\\/officialguides.com\\\/es\\\/turismo-medico\\\/\",\"name\":\"Turismo M\u00e9dico Internacional \u2013 Destinos, Cl\u00ednicas Confiables y Opciones de Viaje\",\"isPartOf\":{\"@id\":\"https:\\\/\\\/officialguides.com\\\/es\\\/#website\"},\"primaryImageOfPage\":{\"@id\":\"https:\\\/\\\/officialguides.com\\\/es\\\/turismo-medico\\\/#primaryimage\"},\"image\":{\"@id\":\"https:\\\/\\\/officialguides.com\\\/es\\\/turismo-medico\\\/#primaryimage\"},\"thumbnailUrl\":\"https:\\\/\\\/officialguides.com\\\/wp-content\\\/uploads\\\/2025\\\/04\\\/medical-tourism.jpg\",\"datePublished\":\"2025-04-18T14:58:37+00:00\",\"description\":\"Explora destinos globales de turismo m\u00e9dico. Compara cl\u00ednicas y tratamientos internacionales con apoyo informativo y experiencias culturales guiadas.\",\"breadcrumb\":{\"@id\":\"https:\\\/\\\/officialguides.com\\\/es\\\/turismo-medico\\\/#breadcrumb\"},\"inLanguage\":\"es\",\"potentialAction\":[{\"@type\":\"ReadAction\",\"target\":[\"https:\\\/\\\/officialguides.com\\\/es\\\/turismo-medico\\\/\"]}]},{\"@type\":\"ImageObject\",\"inLanguage\":\"es\",\"@id\":\"https:\\\/\\\/officialguides.com\\\/es\\\/turismo-medico\\\/#primaryimage\",\"url\":\"https:\\\/\\\/officialguides.com\\\/wp-content\\\/uploads\\\/2025\\\/04\\\/medical-tourism.jpg\",\"contentUrl\":\"https:\\\/\\\/officialguides.com\\\/wp-content\\\/uploads\\\/2025\\\/04\\\/medical-tourism.jpg\",\"width\":1023,\"height\":373,\"caption\":\"Paciente internacional consultando informaci\u00f3n m\u00e9dica mientras disfruta de un destino cultural\"},{\"@type\":\"BreadcrumbList\",\"@id\":\"https:\\\/\\\/officialguides.com\\\/es\\\/turismo-medico\\\/#breadcrumb\",\"itemListElement\":[{\"@type\":\"ListItem\",\"position\":1,\"name\":\"Home\",\"item\":\"https:\\\/\\\/officialguides.com\\\/es\\\/\"},{\"@type\":\"ListItem\",\"position\":2,\"name\":\"Turismo M\u00e9dico\"}]},{\"@type\":\"WebSite\",\"@id\":\"https:\\\/\\\/officialguides.com\\\/es\\\/#website\",\"url\":\"https:\\\/\\\/officialguides.com\\\/es\\\/\",\"name\":\"Official Tour Guides Around The World! Istanbul, Paris, Rome, Dubai...\",\"description\":\"Explore cities and popular destinations with professional, official, certified tour guides\",\"alternateName\":\"Official Guides\",\"potentialAction\":[{\"@type\":\"SearchAction\",\"target\":{\"@type\":\"EntryPoint\",\"urlTemplate\":\"https:\\\/\\\/officialguides.com\\\/es\\\/?s={search_term_string}\"},\"query-input\":{\"@type\":\"PropertyValueSpecification\",\"valueRequired\":true,\"valueName\":\"search_term_string\"}}],\"inLanguage\":\"es\"}]}<\/script>\n<!-- \/ Yoast SEO plugin. -->","yoast_head_json":{"title":"Turismo M\u00e9dico Internacional \u2013 Destinos, Cl\u00ednicas Confiables y Opciones de Viaje","description":"Explora destinos globales de turismo m\u00e9dico. Compara cl\u00ednicas y tratamientos internacionales con apoyo informativo y experiencias culturales guiadas.","robots":{"index":"index","follow":"follow","max-snippet":"max-snippet:-1","max-image-preview":"max-image-preview:large","max-video-preview":"max-video-preview:-1"},"canonical":"https:\/\/officialguides.com\/es\/turismo-medico\/","og_locale":"es_ES","og_type":"article","og_title":"Turismo M\u00e9dico Internacional \u2013 Destinos, Cl\u00ednicas Confiables y Opciones de Viaje","og_description":"Explora destinos globales de turismo m\u00e9dico. Compara cl\u00ednicas y tratamientos internacionales con apoyo informativo y experiencias culturales guiadas.","og_url":"https:\/\/officialguides.com\/es\/turismo-medico\/","og_site_name":"Find Your Private Tour Guide Around The World!","og_image":[{"width":1023,"height":373,"url":"https:\/\/officialguides.com\/wp-content\/uploads\/2025\/04\/medical-tourism.jpg","type":"image\/jpeg"}],"twitter_card":"summary_large_image","twitter_misc":{"Tiempo de lectura":"3 minutos"},"schema":{"@context":"https:\/\/schema.org","@graph":[{"@type":"WebPage","@id":"https:\/\/officialguides.com\/es\/turismo-medico\/","url":"https:\/\/officialguides.com\/es\/turismo-medico\/","name":"Turismo M\u00e9dico Internacional \u2013 Destinos, Cl\u00ednicas Confiables y Opciones de Viaje","isPartOf":{"@id":"https:\/\/officialguides.com\/es\/#website"},"primaryImageOfPage":{"@id":"https:\/\/officialguides.com\/es\/turismo-medico\/#primaryimage"},"image":{"@id":"https:\/\/officialguides.com\/es\/turismo-medico\/#primaryimage"},"thumbnailUrl":"https:\/\/officialguides.com\/wp-content\/uploads\/2025\/04\/medical-tourism.jpg","datePublished":"2025-04-18T14:58:37+00:00","description":"Explora destinos globales de turismo m\u00e9dico. Compara cl\u00ednicas y tratamientos internacionales con apoyo informativo y experiencias culturales guiadas.","breadcrumb":{"@id":"https:\/\/officialguides.com\/es\/turismo-medico\/#breadcrumb"},"inLanguage":"es","potentialAction":[{"@type":"ReadAction","target":["https:\/\/officialguides.com\/es\/turismo-medico\/"]}]},{"@type":"ImageObject","inLanguage":"es","@id":"https:\/\/officialguides.com\/es\/turismo-medico\/#primaryimage","url":"https:\/\/officialguides.com\/wp-content\/uploads\/2025\/04\/medical-tourism.jpg","contentUrl":"https:\/\/officialguides.com\/wp-content\/uploads\/2025\/04\/medical-tourism.jpg","width":1023,"height":373,"caption":"Paciente internacional consultando informaci\u00f3n m\u00e9dica mientras disfruta de un destino cultural"},{"@type":"BreadcrumbList","@id":"https:\/\/officialguides.com\/es\/turismo-medico\/#breadcrumb","itemListElement":[{"@type":"ListItem","position":1,"name":"Home","item":"https:\/\/officialguides.com\/es\/"},{"@type":"ListItem","position":2,"name":"Turismo M\u00e9dico"}]},{"@type":"WebSite","@id":"https:\/\/officialguides.com\/es\/#website","url":"https:\/\/officialguides.com\/es\/","name":"Official Tour Guides Around The World! Istanbul, Paris, Rome, Dubai...","description":"Explore cities and popular destinations with professional, official, certified tour guides","alternateName":"Official Guides","potentialAction":[{"@type":"SearchAction","target":{"@type":"EntryPoint","urlTemplate":"https:\/\/officialguides.com\/es\/?s={search_term_string}"},"query-input":{"@type":"PropertyValueSpecification","valueRequired":true,"valueName":"search_term_string"}}],"inLanguage":"es"}]}},"_links":{"self":[{"href":"https:\/\/officialguides.com\/es\/wp-json\/wp\/v2\/pages\/394739","targetHints":{"allow":["GET"]}}],"collection":[{"href":"https:\/\/officialguides.com\/es\/wp-json\/wp\/v2\/pages"}],"about":[{"href":"https:\/\/officialguides.com\/es\/wp-json\/wp\/v2\/types\/page"}],"author":[{"embeddable":true,"href":"https:\/\/officialguides.com\/es\/wp-json\/wp\/v2\/users\/3"}],"replies":[{"embeddable":true,"href":"https:\/\/officialguides.com\/es\/wp-json\/wp\/v2\/comments?post=394739"}],"version-history":[{"count":0,"href":"https:\/\/officialguides.com\/es\/wp-json\/wp\/v2\/pages\/394739\/revisions"}],"wp:featuredmedia":[{"embeddable":true,"href":"https:\/\/officialguides.com\/es\/wp-json\/wp\/v2\/media\/394734"}],"wp:attachment":[{"href":"https:\/\/officialguides.com\/es\/wp-json\/wp\/v2\/media?parent=394739"}],"curies":[{"name":"wp","href":"https:\/\/api.w.org\/{rel}","templated":true}]}}