{"id":40361,"date":"2020-05-17T21:22:06","date_gmt":"2020-05-17T18:22:06","guid":{"rendered":"https:\/\/www.officialguides.net\/anmeldung-fuer-reiseleiter\/"},"modified":"2020-05-26T15:45:49","modified_gmt":"2020-05-26T12:45:49","slug":"anmeldung-fuer-reiseleiter","status":"publish","type":"page","link":"https:\/\/officialguides.com\/de\/anmeldung-fuer-reiseleiter\/","title":{"rendered":"Anmeldung f\u00fcr Reiseleiter"},"content":{"rendered":"<h2>Registrierung f\u00fcr Reiseleiter<\/h2>\n<p>Officialguide.net ist eine Website, auf der die offiziellen Reiseleiter auf der ganzen Welt zusammenkommen. Auf unseren Webseiten k\u00f6nnen Sie Ihre privaten Touren direkt an Reisende pr\u00e4sentieren und verkaufen. Bitte f\u00fcllen Sie das folgende Formular aus, um zu erfahren, wie Sie auf unserer Website aufgef\u00fchrt werden.<\/p>\n<h3>Warum soll ich meine privaten Touren online verkaufen?<\/h3>\n<p>Zusammen mit dem Coronavirus stehen wir leider am Anfang einer brandneuen Bestellung im Jahr 2020. Unter allen verschiedenen Sektoren ist der Tourismus vielleicht der am st\u00e4rksten betroffene. Experten zufolge werden in diesem neuen und ungew\u00f6hnlichen Konzept touristische Reisen meist auf individueller Basis und nicht in Gruppen durchgef\u00fchrt. Daher werden die Reisen, Transfers, Stadtrundfahrten und alle anderen Ausfl\u00fcge privat sein und dieses neue Konzept wird die Kosten pro Person erh\u00f6hen. Familien oder kleine Gruppen wenden sich lieber direkt an die Reiseleiter als an Reiseb\u00fcros, um einen privaten Service zu finden. Und nat\u00fcrlich wird ihre erste Adresse Google sein. An diesem Punkt geht es darum, f\u00fcr jeden Reiseleiter eine Website zu haben, und es kann nicht erwartet werden, dass jeder eine Website besitzt. Selbst wenn Sie eine pers\u00f6nliche Website besitzen, m\u00fcssen Sie viel Geld f\u00fcr eine ernsthafte SEO-Arbeit bezahlen und lange warten, um die Ergebnisse zu sehen. Diese Bem\u00fchungen garantieren auch bei Google kein gutes Ranking. Daher bietet Officialguides.net als alternative L\u00f6sung jetzt an, alle Aufgaben f\u00fcr Sie zu erledigen. Als Ergebnis haben Sie Ihr eigenes Webprofil und verkaufen Ihre privaten Touren online. Um diesen kostenlosen Service nutzen zu k\u00f6nnen, f\u00fcllen Sie bitte das Formular auf dieser Seite aus.<\/p>\n<h3>Warum sollten Sie officialguides.net w\u00e4hlen?<\/h3>\n<p>Weil Officialguides.net eine mehrsprachige Website ist und Sie Ihre privaten Touren in jeder gew\u00fcnschten Sprache (einschlie\u00dflich deutscher Sprache) und sogar in mehreren Sprachen anbieten k\u00f6nnen. Dar\u00fcber hinaus wird es mit Hilfe der neuesten SEO-Techniken, die wir verwenden, nicht schwierig sein, potenzielle Besucher in Google zu erreichen.<\/p>\n<p>\t\t\t\t\t\t\t\t\t\t<img decoding=\"async\" width=\"1024\" height=\"365\" src=\"https:\/\/www.officialguides.net\/wp-content\/uploads\/2020\/05\/how-to-sell-my-private-tours-online-1024x365.jpg\" alt=\"Wie verkaufe ich meine privaten Touren und Ausfl\u00fcge im Internet direkt an den Gast?\" srcset=\"https:\/\/www.officialguides.net\/wp-content\/uploads\/2020\/05\/how-to-sell-my-private-tours-online-1024x365.jpg 1024w, https:\/\/www.officialguides.net\/wp-content\/uploads\/2020\/05\/how-to-sell-my-private-tours-online-300x107.jpg 300w, https:\/\/www.officialguides.net\/wp-content\/uploads\/2020\/05\/how-to-sell-my-private-tours-online-768x274.jpg 768w, https:\/\/www.officialguides.net\/wp-content\/uploads\/2020\/05\/how-to-sell-my-private-tours-online.jpg 1280w\" sizes=\"(max-width: 1024px) 100vw, 1024px\" \/><\/p>\n","protected":false},"excerpt":{"rendered":"<p>Registrierung f\u00fcr Reiseleiter Officialguide.net ist eine Website, auf der die offiziellen Reiseleiter auf der ganzen Welt zusammenkommen. Auf unseren Webseiten k\u00f6nnen Sie Ihre privaten Touren direkt an Reisende pr\u00e4sentieren und verkaufen. Bitte f\u00fcllen Sie das folgende Formular aus, um zu erfahren, wie Sie auf unserer Website aufgef\u00fchrt werden. Warum soll ich meine privaten Touren online &#8230; <a title=\"Anmeldung f\u00fcr Reiseleiter\" class=\"read-more\" href=\"https:\/\/officialguides.com\/de\/anmeldung-fuer-reiseleiter\/\" aria-label=\"Mehr Informationen \u00fcber Anmeldung f\u00fcr Reiseleiter\">Weiterlesen &#8230;<\/a><\/p>\n","protected":false},"author":3,"featured_media":0,"parent":0,"menu_order":0,"comment_status":"closed","ping_status":"closed","template":"","meta":{"_acf_changed":false,"_lmt_disableupdate":"","_lmt_disable":"","footnotes":""},"class_list":["post-40361","page","type-page","status-publish"],"acf":[],"yoast_head":"<!-- This site is optimized with the Yoast SEO plugin v27.6 - https:\/\/yoast.com\/product\/yoast-seo-wordpress\/ -->\n<title>Anmeldung F\u00fcr Deutsche Reiseleiter | Verkaufen Sie Ihre Privaten Touren Online<\/title>\n<meta name=\"description\" content=\"Wie kann ich meine Touren in Google \/ Internet verkaufen? Sind Sie ein professioneller F\u00fchrer? Haben Sie eine Lizenz? Bieten Sie Ihre Ausfl\u00fcge \u00fcber unsere Website an.\" \/>\n<meta name=\"robots\" content=\"index, follow, max-snippet:-1, max-image-preview:large, max-video-preview:-1\" \/>\n<link rel=\"canonical\" href=\"https:\/\/officialguides.com\/de\/anmeldung-fuer-reiseleiter\/\" \/>\n<meta property=\"og:locale\" content=\"de_DE\" \/>\n<meta property=\"og:type\" content=\"article\" \/>\n<meta property=\"og:title\" content=\"Anmeldung F\u00fcr Deutsche Reiseleiter | Verkaufen Sie Ihre Privaten Touren Online\" \/>\n<meta property=\"og:description\" content=\"Wie kann ich meine Touren in Google \/ Internet verkaufen? Sind Sie ein professioneller F\u00fchrer? Haben Sie eine Lizenz? Bieten Sie Ihre Ausfl\u00fcge \u00fcber unsere Website an.\" \/>\n<meta property=\"og:url\" content=\"https:\/\/officialguides.com\/de\/anmeldung-fuer-reiseleiter\/\" \/>\n<meta property=\"og:site_name\" content=\"Find Your Private Tour Guide Around The World!\" \/>\n<meta property=\"article:modified_time\" content=\"2020-05-26T12:45:49+00:00\" \/>\n<meta property=\"og:image\" content=\"https:\/\/www.officialguides.net\/wp-content\/uploads\/2020\/05\/how-to-sell-my-private-tours-online-1024x365.jpg\" \/>\n<meta name=\"twitter:card\" content=\"summary_large_image\" \/>\n<meta name=\"twitter:label1\" content=\"Gesch\u00e4tzte Lesezeit\" \/>\n\t<meta name=\"twitter:data1\" content=\"2\u00a0Minuten\" \/>\n<script type=\"application\/ld+json\" class=\"yoast-schema-graph\">{\"@context\":\"https:\\\/\\\/schema.org\",\"@graph\":[{\"@type\":\"WebPage\",\"@id\":\"https:\\\/\\\/officialguides.com\\\/de\\\/anmeldung-fuer-reiseleiter\\\/\",\"url\":\"https:\\\/\\\/officialguides.com\\\/de\\\/anmeldung-fuer-reiseleiter\\\/\",\"name\":\"Anmeldung F\u00fcr Deutsche Reiseleiter | Verkaufen Sie Ihre Privaten Touren Online\",\"isPartOf\":{\"@id\":\"https:\\\/\\\/officialguides.com\\\/de\\\/#website\"},\"primaryImageOfPage\":{\"@id\":\"https:\\\/\\\/officialguides.com\\\/de\\\/anmeldung-fuer-reiseleiter\\\/#primaryimage\"},\"image\":{\"@id\":\"https:\\\/\\\/officialguides.com\\\/de\\\/anmeldung-fuer-reiseleiter\\\/#primaryimage\"},\"thumbnailUrl\":\"https:\\\/\\\/www.officialguides.net\\\/wp-content\\\/uploads\\\/2020\\\/05\\\/how-to-sell-my-private-tours-online-1024x365.jpg\",\"datePublished\":\"2020-05-17T18:22:06+00:00\",\"dateModified\":\"2020-05-26T12:45:49+00:00\",\"description\":\"Wie kann ich meine Touren in Google \\\/ Internet verkaufen? Sind Sie ein professioneller F\u00fchrer? Haben Sie eine Lizenz? Bieten Sie Ihre Ausfl\u00fcge \u00fcber unsere Website an.\",\"breadcrumb\":{\"@id\":\"https:\\\/\\\/officialguides.com\\\/de\\\/anmeldung-fuer-reiseleiter\\\/#breadcrumb\"},\"inLanguage\":\"de\",\"potentialAction\":[{\"@type\":\"ReadAction\",\"target\":[\"https:\\\/\\\/officialguides.com\\\/de\\\/anmeldung-fuer-reiseleiter\\\/\"]}]},{\"@type\":\"ImageObject\",\"inLanguage\":\"de\",\"@id\":\"https:\\\/\\\/officialguides.com\\\/de\\\/anmeldung-fuer-reiseleiter\\\/#primaryimage\",\"url\":\"https:\\\/\\\/www.officialguides.net\\\/wp-content\\\/uploads\\\/2020\\\/05\\\/how-to-sell-my-private-tours-online-1024x365.jpg\",\"contentUrl\":\"https:\\\/\\\/www.officialguides.net\\\/wp-content\\\/uploads\\\/2020\\\/05\\\/how-to-sell-my-private-tours-online-1024x365.jpg\"},{\"@type\":\"BreadcrumbList\",\"@id\":\"https:\\\/\\\/officialguides.com\\\/de\\\/anmeldung-fuer-reiseleiter\\\/#breadcrumb\",\"itemListElement\":[{\"@type\":\"ListItem\",\"position\":1,\"name\":\"Home\",\"item\":\"https:\\\/\\\/officialguides.com\\\/de\\\/\"},{\"@type\":\"ListItem\",\"position\":2,\"name\":\"Anmeldung f\u00fcr Reiseleiter\"}]},{\"@type\":\"WebSite\",\"@id\":\"https:\\\/\\\/officialguides.com\\\/de\\\/#website\",\"url\":\"https:\\\/\\\/officialguides.com\\\/de\\\/\",\"name\":\"Official Tour Guides Around The World! Istanbul, Paris, Rome, Dubai...\",\"description\":\"Explore cities and popular destinations with professional, official, certified tour guides\",\"alternateName\":\"Official Guides\",\"potentialAction\":[{\"@type\":\"SearchAction\",\"target\":{\"@type\":\"EntryPoint\",\"urlTemplate\":\"https:\\\/\\\/officialguides.com\\\/de\\\/?s={search_term_string}\"},\"query-input\":{\"@type\":\"PropertyValueSpecification\",\"valueRequired\":true,\"valueName\":\"search_term_string\"}}],\"inLanguage\":\"de\"}]}<\/script>\n<!-- \/ Yoast SEO plugin. -->","yoast_head_json":{"title":"Anmeldung F\u00fcr Deutsche Reiseleiter | Verkaufen Sie Ihre Privaten Touren Online","description":"Wie kann ich meine Touren in Google \/ Internet verkaufen? Sind Sie ein professioneller F\u00fchrer? Haben Sie eine Lizenz? Bieten Sie Ihre Ausfl\u00fcge \u00fcber unsere Website an.","robots":{"index":"index","follow":"follow","max-snippet":"max-snippet:-1","max-image-preview":"max-image-preview:large","max-video-preview":"max-video-preview:-1"},"canonical":"https:\/\/officialguides.com\/de\/anmeldung-fuer-reiseleiter\/","og_locale":"de_DE","og_type":"article","og_title":"Anmeldung F\u00fcr Deutsche Reiseleiter | Verkaufen Sie Ihre Privaten Touren Online","og_description":"Wie kann ich meine Touren in Google \/ Internet verkaufen? Sind Sie ein professioneller F\u00fchrer? Haben Sie eine Lizenz? Bieten Sie Ihre Ausfl\u00fcge \u00fcber unsere Website an.","og_url":"https:\/\/officialguides.com\/de\/anmeldung-fuer-reiseleiter\/","og_site_name":"Find Your Private Tour Guide Around The World!","article_modified_time":"2020-05-26T12:45:49+00:00","og_image":[{"url":"https:\/\/www.officialguides.net\/wp-content\/uploads\/2020\/05\/how-to-sell-my-private-tours-online-1024x365.jpg","type":"","width":"","height":""}],"twitter_card":"summary_large_image","twitter_misc":{"Gesch\u00e4tzte Lesezeit":"2\u00a0Minuten"},"schema":{"@context":"https:\/\/schema.org","@graph":[{"@type":"WebPage","@id":"https:\/\/officialguides.com\/de\/anmeldung-fuer-reiseleiter\/","url":"https:\/\/officialguides.com\/de\/anmeldung-fuer-reiseleiter\/","name":"Anmeldung F\u00fcr Deutsche Reiseleiter | Verkaufen Sie Ihre Privaten Touren Online","isPartOf":{"@id":"https:\/\/officialguides.com\/de\/#website"},"primaryImageOfPage":{"@id":"https:\/\/officialguides.com\/de\/anmeldung-fuer-reiseleiter\/#primaryimage"},"image":{"@id":"https:\/\/officialguides.com\/de\/anmeldung-fuer-reiseleiter\/#primaryimage"},"thumbnailUrl":"https:\/\/www.officialguides.net\/wp-content\/uploads\/2020\/05\/how-to-sell-my-private-tours-online-1024x365.jpg","datePublished":"2020-05-17T18:22:06+00:00","dateModified":"2020-05-26T12:45:49+00:00","description":"Wie kann ich meine Touren in Google \/ Internet verkaufen? Sind Sie ein professioneller F\u00fchrer? Haben Sie eine Lizenz? Bieten Sie Ihre Ausfl\u00fcge \u00fcber unsere Website an.","breadcrumb":{"@id":"https:\/\/officialguides.com\/de\/anmeldung-fuer-reiseleiter\/#breadcrumb"},"inLanguage":"de","potentialAction":[{"@type":"ReadAction","target":["https:\/\/officialguides.com\/de\/anmeldung-fuer-reiseleiter\/"]}]},{"@type":"ImageObject","inLanguage":"de","@id":"https:\/\/officialguides.com\/de\/anmeldung-fuer-reiseleiter\/#primaryimage","url":"https:\/\/www.officialguides.net\/wp-content\/uploads\/2020\/05\/how-to-sell-my-private-tours-online-1024x365.jpg","contentUrl":"https:\/\/www.officialguides.net\/wp-content\/uploads\/2020\/05\/how-to-sell-my-private-tours-online-1024x365.jpg"},{"@type":"BreadcrumbList","@id":"https:\/\/officialguides.com\/de\/anmeldung-fuer-reiseleiter\/#breadcrumb","itemListElement":[{"@type":"ListItem","position":1,"name":"Home","item":"https:\/\/officialguides.com\/de\/"},{"@type":"ListItem","position":2,"name":"Anmeldung f\u00fcr Reiseleiter"}]},{"@type":"WebSite","@id":"https:\/\/officialguides.com\/de\/#website","url":"https:\/\/officialguides.com\/de\/","name":"Official Tour Guides Around The World! Istanbul, Paris, Rome, Dubai...","description":"Explore cities and popular destinations with professional, official, certified tour guides","alternateName":"Official Guides","potentialAction":[{"@type":"SearchAction","target":{"@type":"EntryPoint","urlTemplate":"https:\/\/officialguides.com\/de\/?s={search_term_string}"},"query-input":{"@type":"PropertyValueSpecification","valueRequired":true,"valueName":"search_term_string"}}],"inLanguage":"de"}]}},"_links":{"self":[{"href":"https:\/\/officialguides.com\/de\/wp-json\/wp\/v2\/pages\/40361","targetHints":{"allow":["GET"]}}],"collection":[{"href":"https:\/\/officialguides.com\/de\/wp-json\/wp\/v2\/pages"}],"about":[{"href":"https:\/\/officialguides.com\/de\/wp-json\/wp\/v2\/types\/page"}],"author":[{"embeddable":true,"href":"https:\/\/officialguides.com\/de\/wp-json\/wp\/v2\/users\/3"}],"replies":[{"embeddable":true,"href":"https:\/\/officialguides.com\/de\/wp-json\/wp\/v2\/comments?post=40361"}],"version-history":[{"count":0,"href":"https:\/\/officialguides.com\/de\/wp-json\/wp\/v2\/pages\/40361\/revisions"}],"wp:attachment":[{"href":"https:\/\/officialguides.com\/de\/wp-json\/wp\/v2\/media?parent=40361"}],"curies":[{"name":"wp","href":"https:\/\/api.w.org\/{rel}","templated":true}]}}