{"id":397896,"date":"2026-01-30T14:51:13","date_gmt":"2026-01-30T11:51:13","guid":{"rendered":"https:\/\/officialguides.com\/haftungsausschluss\/"},"modified":"2026-01-30T14:51:13","modified_gmt":"2026-01-30T11:51:13","slug":"haftungsausschluss","status":"publish","type":"page","link":"https:\/\/officialguides.com\/de\/haftungsausschluss\/","title":{"rendered":"Haftungsausschluss"},"content":{"rendered":"<h2 data-path-to-node=\"4\">1. Rolle der Plattform und Art der Dienstleistungen<\/h2>\n<p data-path-to-node=\"5\">Official Guides fungiert ausschlie\u00dflich als unabh\u00e4ngiger Online-Marktplatz, der Reisende mit lizenzierten Reiseleitern verbindet. Bitte beachten Sie, dass Official Guides <b data-path-to-node=\"5\" data-index-in-node=\"171\">kein Reiseb\u00fcro<\/b> ist und keine Reisepakete, Transporte oder agenturbezogenen Dienstleistungen anbietet, verwaltet oder kontrolliert.<\/p>\n<h2 data-path-to-node=\"6\">2. Unabh\u00e4ngige Vereinbarungen<\/h2>\n<p data-path-to-node=\"7\">Jede Vereinbarung, Best\u00e4tigung oder jeder Vertrag bez\u00fcglich einer Tour kommt ausschlie\u00dflich zwischen dem <b data-path-to-node=\"7\" data-index-in-node=\"105\">Reisenden<\/b> und dem <b data-path-to-node=\"7\" data-index-in-node=\"123\">Reiseleiter<\/b> zustande. Official Guides ist nicht Partei dieser privaten Vereinbarungen. Folglich \u00fcbernimmt die Plattform keine Verantwortung f\u00fcr die Erf\u00fcllung, Qualit\u00e4t oder den Zeitpunkt der vereinbarten Leistungen.<\/p>\n<h2 data-path-to-node=\"8\">3. Finanztransaktionen und R\u00fcckerstattungen<\/h2>\n<p data-path-to-node=\"9\">Alle Angelegenheiten im Zusammenhang mit Zahlungen, Geldtransfers, Fristen und R\u00fcckerstattungsrichtlinien sind direkt zwischen dem Reisenden und dem Reiseleiter zu kl\u00e4ren. Official Guides wickelt keine Zahlungen ab und haftet nicht f\u00fcr finanzielle Streitigkeiten, Stornogeb\u00fchren oder die Nichtbearbeitung von R\u00fcckerstattungen.<\/p>\n<h2 data-path-to-node=\"10\">4. Betriebliche Einschr\u00e4nkungen (Tickets und Wartezeiten)<\/h2>\n<p data-path-to-node=\"11\">Obwohl unsere Reiseleiter nach Exzellenz streben, ist Official Guides nicht verantwortlich f\u00fcr:<\/p>\n<ul data-path-to-node=\"12\">\n<li>\n<p data-path-to-node=\"12,0,0\"><b data-path-to-node=\"12,0,0\" data-index-in-node=\"0\">Verf\u00fcgbarkeit von Tickets:<\/b> Nichtverf\u00fcgbarkeit von Eintrittskarten f\u00fcr Museen oder Sehensw\u00fcrdigkeiten (z. B. Louvre, Vatikan usw.).<\/p>\n<\/li>\n<li>\n<p data-path-to-node=\"12,1,0\"><b data-path-to-node=\"12,1,0\" data-index-in-node=\"0\">Wartezeiten:<\/b> Lange Warteschlangen oder unerwartete Verz\u00f6gerungen an den Eing\u00e4ngen.<\/p>\n<\/li>\n<li>\n<p data-path-to-node=\"12,2,0\"><b data-path-to-node=\"12,2,0\" data-index-in-node=\"0\">Externe Faktoren:<\/b> Unvorhergesehene Umst\u00e4nde oder Ereignisse &#8222;h\u00f6herer Gewalt&#8220;, die die Tour beeintr\u00e4chtigen k\u00f6nnen.<\/p>\n<\/li>\n<\/ul>\n<h2 data-path-to-node=\"13\">5. Serviceleistung und Zufriedenheit<\/h2>\n<p data-path-to-node=\"14\">Official Guides garantiert keine Zufriedenheit oder dass eine Tour bestimmte Erwartungen erf\u00fcllt. Jegliche Unzufriedenheit mit der Art der Leistungserbringung oder die Nichteinhaltung angeforderter Anforderungen muss direkt mit dem Reiseleiter besprochen werden. Official Guides \u00fcbernimmt keine Haftung f\u00fcr Sch\u00e4den, Verluste oder Entt\u00e4uschungen, die aus der Nutzung der \u00fcber diese Plattform gefundenen Dienste resultieren.<\/p>\n<h2 data-path-to-node=\"15\">6. Illustrativer Inhalt<\/h2>\n<p data-path-to-node=\"16\">Die auf dieser Website ver\u00f6ffentlichten Tourprogramme und Reiserouten dienen nur zu <b data-path-to-node=\"16\" data-index-in-node=\"84\">Illustrations- und Informationszwecken<\/b>. Sie dienen dazu, den Reisenden Ideen zu geben; die endg\u00fcltige Reiseroute unterliegt der direkten Vereinbarung zwischen dem Reisenden und dem lizenzierten Reiseleiter.<\/p>\n","protected":false},"excerpt":{"rendered":"<p>1. Rolle der Plattform und Art der Dienstleistungen Official Guides fungiert ausschlie\u00dflich als unabh\u00e4ngiger Online-Marktplatz, der Reisende mit lizenzierten Reiseleitern verbindet. Bitte beachten Sie, dass Official Guides kein Reiseb\u00fcro ist und keine Reisepakete, Transporte oder agenturbezogenen Dienstleistungen anbietet, verwaltet oder kontrolliert. 2. Unabh\u00e4ngige Vereinbarungen Jede Vereinbarung, Best\u00e4tigung oder jeder Vertrag bez\u00fcglich einer Tour kommt ausschlie\u00dflich &#8230; <a title=\"Haftungsausschluss\" class=\"read-more\" href=\"https:\/\/officialguides.com\/de\/haftungsausschluss\/\" aria-label=\"Mehr Informationen \u00fcber Haftungsausschluss\">Weiterlesen &#8230;<\/a><\/p>\n","protected":false},"author":3,"featured_media":0,"parent":0,"menu_order":0,"comment_status":"closed","ping_status":"closed","template":"","meta":{"_acf_changed":false,"footnotes":""},"class_list":["post-397896","page","type-page","status-publish"],"acf":[],"yoast_head":"<!-- This site is optimized with the Yoast SEO plugin v27.5 - https:\/\/yoast.com\/product\/yoast-seo-wordpress\/ -->\n<title>Haftungsausschluss | Official Guides - Marktplatz f\u00fcr Reiseleiter<\/title>\n<meta name=\"description\" content=\"Lesen Sie den Haftungsausschluss von Official Guides. Informationen \u00fcber unsere Rolle als Marktplatz f\u00fcr lizenzierte Reiseleiter weltweit.\" \/>\n<meta name=\"robots\" content=\"index, follow, max-snippet:-1, max-image-preview:large, max-video-preview:-1\" \/>\n<link rel=\"canonical\" href=\"https:\/\/officialguides.com\/de\/haftungsausschluss\/\" \/>\n<meta property=\"og:locale\" content=\"de_DE\" \/>\n<meta property=\"og:type\" content=\"article\" \/>\n<meta property=\"og:title\" content=\"Haftungsausschluss | Official Guides - Marktplatz f\u00fcr Reiseleiter\" \/>\n<meta property=\"og:description\" content=\"Lesen Sie den Haftungsausschluss von Official Guides. Informationen \u00fcber unsere Rolle als Marktplatz f\u00fcr lizenzierte Reiseleiter weltweit.\" \/>\n<meta property=\"og:url\" content=\"https:\/\/officialguides.com\/de\/haftungsausschluss\/\" \/>\n<meta property=\"og:site_name\" content=\"Find Your Private Tour Guide Around The World!\" \/>\n<meta name=\"twitter:card\" content=\"summary_large_image\" \/>\n<meta name=\"twitter:label1\" content=\"Gesch\u00e4tzte Lesezeit\" \/>\n\t<meta name=\"twitter:data1\" content=\"2\u00a0Minuten\" \/>\n<script type=\"application\/ld+json\" class=\"yoast-schema-graph\">{\"@context\":\"https:\\\/\\\/schema.org\",\"@graph\":[{\"@type\":\"WebPage\",\"@id\":\"https:\\\/\\\/officialguides.com\\\/de\\\/haftungsausschluss\\\/\",\"url\":\"https:\\\/\\\/officialguides.com\\\/de\\\/haftungsausschluss\\\/\",\"name\":\"Haftungsausschluss | Official Guides - Marktplatz f\u00fcr Reiseleiter\",\"isPartOf\":{\"@id\":\"https:\\\/\\\/officialguides.com\\\/de\\\/#website\"},\"datePublished\":\"2026-01-30T11:51:13+00:00\",\"description\":\"Lesen Sie den Haftungsausschluss von Official Guides. Informationen \u00fcber unsere Rolle als Marktplatz f\u00fcr lizenzierte Reiseleiter weltweit.\",\"breadcrumb\":{\"@id\":\"https:\\\/\\\/officialguides.com\\\/de\\\/haftungsausschluss\\\/#breadcrumb\"},\"inLanguage\":\"de\",\"potentialAction\":[{\"@type\":\"ReadAction\",\"target\":[\"https:\\\/\\\/officialguides.com\\\/de\\\/haftungsausschluss\\\/\"]}]},{\"@type\":\"BreadcrumbList\",\"@id\":\"https:\\\/\\\/officialguides.com\\\/de\\\/haftungsausschluss\\\/#breadcrumb\",\"itemListElement\":[{\"@type\":\"ListItem\",\"position\":1,\"name\":\"Home\",\"item\":\"https:\\\/\\\/officialguides.com\\\/de\\\/\"},{\"@type\":\"ListItem\",\"position\":2,\"name\":\"Haftungsausschluss\"}]},{\"@type\":\"WebSite\",\"@id\":\"https:\\\/\\\/officialguides.com\\\/de\\\/#website\",\"url\":\"https:\\\/\\\/officialguides.com\\\/de\\\/\",\"name\":\"Official Tour Guides Around The World! Istanbul, Paris, Rome, Dubai...\",\"description\":\"Explore cities and popular destinations with professional, official, certified tour guides\",\"alternateName\":\"Official Guides\",\"potentialAction\":[{\"@type\":\"SearchAction\",\"target\":{\"@type\":\"EntryPoint\",\"urlTemplate\":\"https:\\\/\\\/officialguides.com\\\/de\\\/?s={search_term_string}\"},\"query-input\":{\"@type\":\"PropertyValueSpecification\",\"valueRequired\":true,\"valueName\":\"search_term_string\"}}],\"inLanguage\":\"de\"}]}<\/script>\n<!-- \/ Yoast SEO plugin. -->","yoast_head_json":{"title":"Haftungsausschluss | Official Guides - Marktplatz f\u00fcr Reiseleiter","description":"Lesen Sie den Haftungsausschluss von Official Guides. Informationen \u00fcber unsere Rolle als Marktplatz f\u00fcr lizenzierte Reiseleiter weltweit.","robots":{"index":"index","follow":"follow","max-snippet":"max-snippet:-1","max-image-preview":"max-image-preview:large","max-video-preview":"max-video-preview:-1"},"canonical":"https:\/\/officialguides.com\/de\/haftungsausschluss\/","og_locale":"de_DE","og_type":"article","og_title":"Haftungsausschluss | Official Guides - Marktplatz f\u00fcr Reiseleiter","og_description":"Lesen Sie den Haftungsausschluss von Official Guides. Informationen \u00fcber unsere Rolle als Marktplatz f\u00fcr lizenzierte Reiseleiter weltweit.","og_url":"https:\/\/officialguides.com\/de\/haftungsausschluss\/","og_site_name":"Find Your Private Tour Guide Around The World!","twitter_card":"summary_large_image","twitter_misc":{"Gesch\u00e4tzte Lesezeit":"2\u00a0Minuten"},"schema":{"@context":"https:\/\/schema.org","@graph":[{"@type":"WebPage","@id":"https:\/\/officialguides.com\/de\/haftungsausschluss\/","url":"https:\/\/officialguides.com\/de\/haftungsausschluss\/","name":"Haftungsausschluss | Official Guides - Marktplatz f\u00fcr Reiseleiter","isPartOf":{"@id":"https:\/\/officialguides.com\/de\/#website"},"datePublished":"2026-01-30T11:51:13+00:00","description":"Lesen Sie den Haftungsausschluss von Official Guides. Informationen \u00fcber unsere Rolle als Marktplatz f\u00fcr lizenzierte Reiseleiter weltweit.","breadcrumb":{"@id":"https:\/\/officialguides.com\/de\/haftungsausschluss\/#breadcrumb"},"inLanguage":"de","potentialAction":[{"@type":"ReadAction","target":["https:\/\/officialguides.com\/de\/haftungsausschluss\/"]}]},{"@type":"BreadcrumbList","@id":"https:\/\/officialguides.com\/de\/haftungsausschluss\/#breadcrumb","itemListElement":[{"@type":"ListItem","position":1,"name":"Home","item":"https:\/\/officialguides.com\/de\/"},{"@type":"ListItem","position":2,"name":"Haftungsausschluss"}]},{"@type":"WebSite","@id":"https:\/\/officialguides.com\/de\/#website","url":"https:\/\/officialguides.com\/de\/","name":"Official Tour Guides Around The World! Istanbul, Paris, Rome, Dubai...","description":"Explore cities and popular destinations with professional, official, certified tour guides","alternateName":"Official Guides","potentialAction":[{"@type":"SearchAction","target":{"@type":"EntryPoint","urlTemplate":"https:\/\/officialguides.com\/de\/?s={search_term_string}"},"query-input":{"@type":"PropertyValueSpecification","valueRequired":true,"valueName":"search_term_string"}}],"inLanguage":"de"}]}},"_links":{"self":[{"href":"https:\/\/officialguides.com\/de\/wp-json\/wp\/v2\/pages\/397896","targetHints":{"allow":["GET"]}}],"collection":[{"href":"https:\/\/officialguides.com\/de\/wp-json\/wp\/v2\/pages"}],"about":[{"href":"https:\/\/officialguides.com\/de\/wp-json\/wp\/v2\/types\/page"}],"author":[{"embeddable":true,"href":"https:\/\/officialguides.com\/de\/wp-json\/wp\/v2\/users\/3"}],"replies":[{"embeddable":true,"href":"https:\/\/officialguides.com\/de\/wp-json\/wp\/v2\/comments?post=397896"}],"version-history":[{"count":0,"href":"https:\/\/officialguides.com\/de\/wp-json\/wp\/v2\/pages\/397896\/revisions"}],"wp:attachment":[{"href":"https:\/\/officialguides.com\/de\/wp-json\/wp\/v2\/media?parent=397896"}],"curies":[{"name":"wp","href":"https:\/\/api.w.org\/{rel}","templated":true}]}}