{"id":397926,"date":"2026-01-30T21:34:59","date_gmt":"2026-01-30T18:34:59","guid":{"rendered":"https:\/\/officialguides.com\/privatlivspolitik\/"},"modified":"2026-01-30T21:34:59","modified_gmt":"2026-01-30T18:34:59","slug":"privatlivspolitik","status":"publish","type":"page","link":"https:\/\/officialguides.com\/da\/privatlivspolitik\/","title":{"rendered":"Privatlivspolitik"},"content":{"rendered":"<h2 data-path-to-node=\"5\">1. Dataansvarlig<\/h2>\n<p data-path-to-node=\"6\">Dataansvarlig for dette websted er <b data-path-to-node=\"6\" data-index-in-node=\"35\">OfficialGuides.com<\/b>. For sp\u00f8rgsm\u00e5l vedr\u00f8rende dine personoplysninger kan du kontakte os p\u00e5: <b data-path-to-node=\"6\" data-index-in-node=\"126\">info@officialguides.com<\/b>.<\/p>\n<h2 data-path-to-node=\"7\">2. Oplysninger vi indsamler<\/h2>\n<p data-path-to-node=\"8\">Vi indsamler kun de n\u00f8dvendige oplysninger for at lette forbindelsen mellem rejsende og guider:<\/p>\n<ul data-path-to-node=\"9\">\n<li>\n<p data-path-to-node=\"9,0,0\"><b data-path-to-node=\"9,0,0\" data-index-in-node=\"0\">For rejsende:<\/b> Navn, e-mailadresse og telefonnummer.<\/p>\n<\/li>\n<li>\n<p data-path-to-node=\"9,1,0\"><b data-path-to-node=\"9,1,0\" data-index-in-node=\"0\">For guider:<\/b> Navn, e-mail, telefonnummer, profilbillede, biografi og professionelle licensdokumenter (hvor det er relevant).<\/p>\n<\/li>\n<\/ul>\n<h2 data-path-to-node=\"10\">3. Hvordan vi bruger og deler dine data<\/h2>\n<p data-path-to-node=\"11\">OfficialGuides.com fungerer som en markedsplads. Dine data behandles som f\u00f8lger:<\/p>\n<ul data-path-to-node=\"12\">\n<li>\n<p data-path-to-node=\"12,0,0\"><b data-path-to-node=\"12,0,0\" data-index-in-node=\"0\">Interaktion p\u00e5 platformen:<\/b> Den indledende kommunikation foreg\u00e5r via vores interne system.<\/p>\n<\/li>\n<li>\n<p data-path-to-node=\"12,1,0\"><b data-path-to-node=\"12,1,0\" data-index-in-node=\"0\">Deling af kontaktoplysninger:<\/b> Din e-mail og dit telefonnummer deles <b data-path-to-node=\"12,1,0\" data-index-in-node=\"68\">ikke<\/b>, f\u00f8r en bruger eksplicit klikker p\u00e5 knappen <b data-path-to-node=\"12,1,0\" data-index-in-node=\"117\">&#8220;Bekr\u00e6ft&#8221; (Confirm)<\/b>. Ved at g\u00f8re dette accepterer du frivilligt at dele dine kontaktoplysninger med den anden part.<\/p>\n<\/li>\n<li>\n<p data-path-to-node=\"12,2,0\"><b data-path-to-node=\"12,2,0\" data-index-in-node=\"0\">Analyse:<\/b> Vi bruger <b data-path-to-node=\"12,2,0\" data-index-in-node=\"19\">Google Analytics<\/b> til anonymt at overv\u00e5ge trafikken p\u00e5 webstedet.<\/p>\n<\/li>\n<li>\n<p data-path-to-node=\"12,3,0\"><b data-path-to-node=\"12,3,0\" data-index-in-node=\"0\">Ingen betalinger:<\/b> Vi indsamler eller gemmer ikke kortoplysninger, da der ikke behandles betalinger p\u00e5 vores platform.<\/p>\n<\/li>\n<\/ul>\n<h2 data-path-to-node=\"13\">4. Opbevaring af data<\/h2>\n<p data-path-to-node=\"14\">Vi opbevarer dine personoplysninger i en periode p\u00e5 <b data-path-to-node=\"14\" data-index-in-node=\"52\">1 \u00e5r<\/b> efter lukning af din konto. Efter denne periode slettes dine data permanent.<\/p>\n<h2 data-path-to-node=\"15\">5. Dine rettigheder<\/h2>\n<p data-path-to-node=\"16\">Du har ret til at f\u00e5 adgang til, rette eller slette dine personoplysninger. For at ud\u00f8ve disse rettigheder bedes du kontakte os p\u00e5 <b data-path-to-node=\"16\" data-index-in-node=\"131\">info@officialguides.com<\/b>.<\/p>\n","protected":false},"excerpt":{"rendered":"<p>1. Dataansvarlig Dataansvarlig for dette websted er OfficialGuides.com. For sp\u00f8rgsm\u00e5l vedr\u00f8rende dine personoplysninger kan du kontakte os p\u00e5: info@officialguides.com. 2. Oplysninger vi indsamler Vi indsamler kun de n\u00f8dvendige oplysninger for at lette forbindelsen mellem rejsende og guider: For rejsende: Navn, e-mailadresse og telefonnummer. For guider: Navn, e-mail, telefonnummer, profilbillede, biografi og professionelle licensdokumenter (hvor det &#8230; <a title=\"Privatlivspolitik\" class=\"read-more\" href=\"https:\/\/officialguides.com\/da\/privatlivspolitik\/\" aria-label=\"Read more about Privatlivspolitik\">L\u00e6s Mere<\/a><\/p>\n","protected":false},"author":3,"featured_media":0,"parent":0,"menu_order":0,"comment_status":"closed","ping_status":"closed","template":"","meta":{"_acf_changed":false,"footnotes":""},"class_list":["post-397926","page","type-page","status-publish"],"acf":[],"yoast_head":"<!-- This site is optimized with the Yoast SEO plugin v27.5 - https:\/\/yoast.com\/product\/yoast-seo-wordpress\/ -->\n<title>Privatlivspolitik | OfficialGuides.com<\/title>\n<meta name=\"description\" content=\"L\u00e6s om, hvordan OfficialGuides.com beskytter dine data. Gennemsigtig information om privatliv for rejsende og guider.\" \/>\n<meta name=\"robots\" content=\"index, follow, max-snippet:-1, max-image-preview:large, max-video-preview:-1\" \/>\n<link rel=\"canonical\" href=\"https:\/\/officialguides.com\/da\/privatlivspolitik\/\" \/>\n<meta property=\"og:locale\" content=\"da_DK\" \/>\n<meta property=\"og:type\" content=\"article\" \/>\n<meta property=\"og:title\" content=\"Privatlivspolitik | OfficialGuides.com\" \/>\n<meta property=\"og:description\" content=\"L\u00e6s om, hvordan OfficialGuides.com beskytter dine data. Gennemsigtig information om privatliv for rejsende og guider.\" \/>\n<meta property=\"og:url\" content=\"https:\/\/officialguides.com\/da\/privatlivspolitik\/\" \/>\n<meta property=\"og:site_name\" content=\"Find Your Private Tour Guide Around The World!\" \/>\n<meta name=\"twitter:card\" content=\"summary_large_image\" \/>\n<meta name=\"twitter:label1\" content=\"Estimeret l\u00e6setid\" \/>\n\t<meta name=\"twitter:data1\" content=\"1 minut\" \/>\n<script type=\"application\/ld+json\" class=\"yoast-schema-graph\">{\"@context\":\"https:\\\/\\\/schema.org\",\"@graph\":[{\"@type\":\"WebPage\",\"@id\":\"https:\\\/\\\/officialguides.com\\\/da\\\/privatlivspolitik\\\/\",\"url\":\"https:\\\/\\\/officialguides.com\\\/da\\\/privatlivspolitik\\\/\",\"name\":\"Privatlivspolitik | OfficialGuides.com\",\"isPartOf\":{\"@id\":\"https:\\\/\\\/officialguides.com\\\/da\\\/#website\"},\"datePublished\":\"2026-01-30T18:34:59+00:00\",\"description\":\"L\u00e6s om, hvordan OfficialGuides.com beskytter dine data. Gennemsigtig information om privatliv for rejsende og guider.\",\"breadcrumb\":{\"@id\":\"https:\\\/\\\/officialguides.com\\\/da\\\/privatlivspolitik\\\/#breadcrumb\"},\"inLanguage\":\"da-DK\",\"potentialAction\":[{\"@type\":\"ReadAction\",\"target\":[\"https:\\\/\\\/officialguides.com\\\/da\\\/privatlivspolitik\\\/\"]}]},{\"@type\":\"BreadcrumbList\",\"@id\":\"https:\\\/\\\/officialguides.com\\\/da\\\/privatlivspolitik\\\/#breadcrumb\",\"itemListElement\":[{\"@type\":\"ListItem\",\"position\":1,\"name\":\"Home\",\"item\":\"https:\\\/\\\/officialguides.com\\\/da\\\/\"},{\"@type\":\"ListItem\",\"position\":2,\"name\":\"Privatlivspolitik\"}]},{\"@type\":\"WebSite\",\"@id\":\"https:\\\/\\\/officialguides.com\\\/da\\\/#website\",\"url\":\"https:\\\/\\\/officialguides.com\\\/da\\\/\",\"name\":\"Official Tour Guides Around The World! Istanbul, Paris, Rome, Dubai...\",\"description\":\"Explore cities and popular destinations with professional, official, certified tour guides\",\"alternateName\":\"Official Guides\",\"potentialAction\":[{\"@type\":\"SearchAction\",\"target\":{\"@type\":\"EntryPoint\",\"urlTemplate\":\"https:\\\/\\\/officialguides.com\\\/da\\\/?s={search_term_string}\"},\"query-input\":{\"@type\":\"PropertyValueSpecification\",\"valueRequired\":true,\"valueName\":\"search_term_string\"}}],\"inLanguage\":\"da-DK\"}]}<\/script>\n<!-- \/ Yoast SEO plugin. -->","yoast_head_json":{"title":"Privatlivspolitik | OfficialGuides.com","description":"L\u00e6s om, hvordan OfficialGuides.com beskytter dine data. Gennemsigtig information om privatliv for rejsende og guider.","robots":{"index":"index","follow":"follow","max-snippet":"max-snippet:-1","max-image-preview":"max-image-preview:large","max-video-preview":"max-video-preview:-1"},"canonical":"https:\/\/officialguides.com\/da\/privatlivspolitik\/","og_locale":"da_DK","og_type":"article","og_title":"Privatlivspolitik | OfficialGuides.com","og_description":"L\u00e6s om, hvordan OfficialGuides.com beskytter dine data. Gennemsigtig information om privatliv for rejsende og guider.","og_url":"https:\/\/officialguides.com\/da\/privatlivspolitik\/","og_site_name":"Find Your Private Tour Guide Around The World!","twitter_card":"summary_large_image","twitter_misc":{"Estimeret l\u00e6setid":"1 minut"},"schema":{"@context":"https:\/\/schema.org","@graph":[{"@type":"WebPage","@id":"https:\/\/officialguides.com\/da\/privatlivspolitik\/","url":"https:\/\/officialguides.com\/da\/privatlivspolitik\/","name":"Privatlivspolitik | OfficialGuides.com","isPartOf":{"@id":"https:\/\/officialguides.com\/da\/#website"},"datePublished":"2026-01-30T18:34:59+00:00","description":"L\u00e6s om, hvordan OfficialGuides.com beskytter dine data. Gennemsigtig information om privatliv for rejsende og guider.","breadcrumb":{"@id":"https:\/\/officialguides.com\/da\/privatlivspolitik\/#breadcrumb"},"inLanguage":"da-DK","potentialAction":[{"@type":"ReadAction","target":["https:\/\/officialguides.com\/da\/privatlivspolitik\/"]}]},{"@type":"BreadcrumbList","@id":"https:\/\/officialguides.com\/da\/privatlivspolitik\/#breadcrumb","itemListElement":[{"@type":"ListItem","position":1,"name":"Home","item":"https:\/\/officialguides.com\/da\/"},{"@type":"ListItem","position":2,"name":"Privatlivspolitik"}]},{"@type":"WebSite","@id":"https:\/\/officialguides.com\/da\/#website","url":"https:\/\/officialguides.com\/da\/","name":"Official Tour Guides Around The World! Istanbul, Paris, Rome, Dubai...","description":"Explore cities and popular destinations with professional, official, certified tour guides","alternateName":"Official Guides","potentialAction":[{"@type":"SearchAction","target":{"@type":"EntryPoint","urlTemplate":"https:\/\/officialguides.com\/da\/?s={search_term_string}"},"query-input":{"@type":"PropertyValueSpecification","valueRequired":true,"valueName":"search_term_string"}}],"inLanguage":"da-DK"}]}},"_links":{"self":[{"href":"https:\/\/officialguides.com\/da\/wp-json\/wp\/v2\/pages\/397926","targetHints":{"allow":["GET"]}}],"collection":[{"href":"https:\/\/officialguides.com\/da\/wp-json\/wp\/v2\/pages"}],"about":[{"href":"https:\/\/officialguides.com\/da\/wp-json\/wp\/v2\/types\/page"}],"author":[{"embeddable":true,"href":"https:\/\/officialguides.com\/da\/wp-json\/wp\/v2\/users\/3"}],"replies":[{"embeddable":true,"href":"https:\/\/officialguides.com\/da\/wp-json\/wp\/v2\/comments?post=397926"}],"version-history":[{"count":0,"href":"https:\/\/officialguides.com\/da\/wp-json\/wp\/v2\/pages\/397926\/revisions"}],"wp:attachment":[{"href":"https:\/\/officialguides.com\/da\/wp-json\/wp\/v2\/media?parent=397926"}],"curies":[{"name":"wp","href":"https:\/\/api.w.org\/{rel}","templated":true}]}}