{"id":394629,"date":"2025-03-12T22:27:28","date_gmt":"2025-03-12T19:27:28","guid":{"rendered":"https:\/\/officialguides.com\/basilika-cisterne-istanbul\/"},"modified":"2026-01-12T15:26:00","modified_gmt":"2026-01-12T12:26:00","slug":"basilika-cisterne-istanbul","status":"publish","type":"page","link":"https:\/\/officialguides.com\/da\/basilika-cisterne-istanbul\/","title":{"rendered":"Basilika Cisterne Istanbul"},"content":{"rendered":"<h2 data-pm-slice=\"1 1 []\">Indgang og billetter til Basilica Cistern<\/h2>\n<p>En af Istanbuls mest betagende historiske vartegn, <b data-path-to-node=\"11\" data-index-in-node=\"51\">Basilica Cisternen<\/b> (eller Det Sunkne Palads), blev bygget i 532 e.Kr. af den <b data-path-to-node=\"11\" data-index-in-node=\"128\">romerske kejser Justinian I<\/b>. Med over 10.000 bes\u00f8gende om dagen er lange billetk\u00f8er almindelige ved indgangen (op til 1,5 times ventetid i h\u00f8js\u00e6sonen fra april til november). Hvis du foretr\u00e6kker hurtig adgang, \ud83c\udf1f <i data-path-to-node=\"11\" data-index-in-node=\"338\"><a class=\"ng-star-inserted\" href=\"https:\/\/www.tiqets.com\/basilica-cistern-tickets-l147375\/?partner=travelingturks\" target=\"_blank\" rel=\"noopener\" data-hveid=\"0\" data-ved=\"0CAAQ_4QMahgKEwj8kfGp2oWSAxUAAAAAHQAAAAAQigU\">kan du bestille dine billetter her<\/a><\/i> og <span style=\"color: #800000;\"><em><a style=\"color: #800000;\" href=\"https:\/\/officialguides.com\/da\/dansk-turistguide-i-istanbul\/\" target=\"_blank\" rel=\"noopener\">bestille en privat guide<\/a><\/em><\/span> til et bes\u00f8g i cisternen, hvor du springer k\u00f8en over.<\/p>\n<p><img decoding=\"async\" class=\"aligncenter size-full wp-image-394490\" src=\"https:\/\/officialguides.com\/wp-content\/uploads\/2025\/03\/basilica-cistern-fast-track-entry.jpg\" alt=\"Billetter til underjordiske cisterner\" width=\"1024\" height=\"358\" srcset=\"https:\/\/officialguides.com\/wp-content\/uploads\/2025\/03\/basilica-cistern-fast-track-entry.jpg 1024w, https:\/\/officialguides.com\/wp-content\/uploads\/2025\/03\/basilica-cistern-fast-track-entry-300x105.jpg 300w, https:\/\/officialguides.com\/wp-content\/uploads\/2025\/03\/basilica-cistern-fast-track-entry-768x269.jpg 768w\" sizes=\"(max-width: 1024px) 100vw, 1024px\" \/><\/p>\n<p>I den osmanniske \u00e6ra blev cisternen prim\u00e6rt brugt til <strong>kunstvanding<\/strong> og ikke til drikkevand. Blandt de <strong>mere end 100 byzantinske og romerske cisterner<\/strong> i <strong>Konstantinopel<\/strong> er det den <strong>st\u00f8rste<\/strong> og ogs\u00e5 den <strong>st\u00f8rste underjordiske cisterne i verden<\/strong>. I dag forts\u00e6tter den med at fascinere bes\u00f8gende med sin fascinerende <strong>atmosf\u00e6re, gamle s\u00f8jler og dramatiske belysning<\/strong>.<\/p>\n<h3><span style=\"text-decoration: underline;\">Billetpriser og information om k\u00f8b 2026<\/span><\/h3>\n<h4>Gebyrer for bes\u00f8g i dagtimerne (09:00 &#8211; 18:30)<\/h4>\n<ul>\n<li><strong>Voksen bes\u00f8gende:<\/strong> 1.300 TL<\/li>\n<li><strong>B\u00f8rn under 7 \u00e5r:<\/strong> Gratis<\/li>\n<li>Studenterabat g\u00e6lder kun for studerende, der l\u00e6ser i Tyrkiet.<\/li>\n<\/ul>\n<p><img decoding=\"async\" class=\"aligncenter size-full wp-image-394524\" src=\"https:\/\/officialguides.com\/wp-content\/uploads\/2025\/03\/ticket-prices-basilica-cistern.jpg\" alt=\"Billetpris og online k\u00f8b til Underground Cistern i Istanbul, gratis og reduceret adgang\" width=\"1200\" height=\"800\" srcset=\"https:\/\/officialguides.com\/wp-content\/uploads\/2025\/03\/ticket-prices-basilica-cistern.jpg 1200w, https:\/\/officialguides.com\/wp-content\/uploads\/2025\/03\/ticket-prices-basilica-cistern-300x200.jpg 300w, https:\/\/officialguides.com\/wp-content\/uploads\/2025\/03\/ticket-prices-basilica-cistern-1024x683.jpg 1024w, https:\/\/officialguides.com\/wp-content\/uploads\/2025\/03\/ticket-prices-basilica-cistern-768x512.jpg 768w\" sizes=\"(max-width: 1200px) 100vw, 1200px\" \/><\/p>\n<h4>Gebyr for natbes\u00f8g (19:30 &#8211; 22:00)<\/h4>\n<ul>\n<li><strong>Voksen bes\u00f8gende:<\/strong> 2.400 TL<\/li>\n<li><strong>B\u00f8rn under 7 \u00e5r:<\/strong> Gratis<\/li>\n<\/ul>\n<ul>\n<li><strong>Dagsbilletter (09:00 &#8211; 18:30)<\/strong> kan k\u00f8bes ved billetlugerne.<\/li>\n<li><strong>Natbilletter (19:30 &#8211; 22:00)<\/strong> kan <strong>kun<\/strong> k\u00f8bes i Basilica Cisterns billetkontor fra kl. <strong>19:30.<\/strong><\/li>\n<li><strong>Uautoriserede billets\u00e6lgere<\/strong> anerkendes ikke af K\u00fclt\u00fcr A\u015e. Brug altid <strong>officielle salgskanaler<\/strong>. <em><a href=\"https:\/\/gyg.me\/RaeT5WTs\" target=\"_blank\" rel=\"noopener\">(Getyourguide er en officiel s\u00e6lger).<\/a><\/em><\/li>\n<li><strong>Billetterne er til en enkelt indgang<\/strong> og skal bruges <strong>samme dag<\/strong>. Ingen refundering eller ombytning er tilladt.<\/li>\n<li><strong>B\u00f8rn under 7 \u00e5r<\/strong> og autoriserede guider kan komme gratis ind under <strong>Night Shift-programmet<\/strong>.<\/li>\n<li><strong>Kun kontanter og kreditkort accepteres<\/strong>. Udenlandsk valuta <strong>accepteres ikke<\/strong>.<\/li>\n<li><strong>Museumspasset er ikke gyldigt<\/strong>, da Basilica Cistern ikke er tilknyttet kulturministeriet.<\/li>\n<\/ul>\n<h3><span style=\"text-decoration: underline;\">\u00c5bningstider og lukkedage, 2026<\/span><\/h3>\n<ul>\n<li>\u00c5ben <strong>dagligt<\/strong> fra <strong>09:00 &#8211; 22:00.<\/strong><\/li>\n<li>Lukket for vedligeholdelse fra <strong>18:30 &#8211; 19:30 p\u00e5<\/strong> grund af sessionsjusteringer.<\/li>\n<\/ul>\n<p><img decoding=\"async\" class=\"aligncenter size-full wp-image-394558\" src=\"https:\/\/officialguides.com\/wp-content\/uploads\/2025\/03\/basilica-cistern-opening-hours.jpg\" alt=\"Cisterna Basilica \/ Sunken Palace bes\u00f8gsinformation, lukketid og dage\" width=\"1200\" height=\"800\" srcset=\"https:\/\/officialguides.com\/wp-content\/uploads\/2025\/03\/basilica-cistern-opening-hours.jpg 1200w, https:\/\/officialguides.com\/wp-content\/uploads\/2025\/03\/basilica-cistern-opening-hours-300x200.jpg 300w, https:\/\/officialguides.com\/wp-content\/uploads\/2025\/03\/basilica-cistern-opening-hours-1024x683.jpg 1024w, https:\/\/officialguides.com\/wp-content\/uploads\/2025\/03\/basilica-cistern-opening-hours-768x512.jpg 768w\" sizes=\"(max-width: 1200px) 100vw, 1200px\" \/><\/p>\n<h3><span style=\"text-decoration: underline;\">Hvordan kommer man til Basilica Cistern?<\/span><\/h3>\n<h4>Med sporvogn:<\/h4>\n<ul data-spread=\"false\">\n<li>Det n\u00e6rmeste sporvognsstoppested er <strong>Sultanahmet Station<\/strong> p\u00e5 <strong>sporvognslinje T1 Ba\u011fc\u0131lar-Kabata\u015f<\/strong>. Derfra er der <strong>5 minutters gang<\/strong>.<\/li>\n<\/ul>\n<p><iframe style=\"border: 0;\" src=\"https:\/\/www.google.com\/maps\/embed?pb=!1m18!1m12!1m3!1d3010.7708709753197!2d28.975303074478624!3d41.00838801942053!2m3!1f0!2f0!3f0!3m2!1i1024!2i768!4f13.1!3m3!1m2!1s0x14cab9bde0c66ac9%3A0x60c02fe1ee6d8471!2zWWVyZWJhdGFuIFNhcm7EsWPEsQ!5e0!3m2!1str!2str!4v1741789356228!5m2!1str!2str\" width=\"600\" height=\"450\" allowfullscreen=\"allowfullscreen\"><\/iframe><\/p>\n<h4>Med metro:<\/h4>\n<ul>\n<li>Tag <strong>Marmaray-linjen<\/strong> til <strong>Sirkeci Station<\/strong>, skift derefter til sporvognen og st\u00e5 af ved <strong>Sultanahmet<\/strong> (3 minutters gang).<\/li>\n<li>Alternativt kan du forlade <strong>Marmaray ved Gate 2 eller 3<\/strong> og g\u00e5 <strong>10-15 minutter<\/strong>.<\/li>\n<\/ul>\n<h4>Med bus:<\/h4>\n<ul data-spread=\"false\">\n<li>Der k\u00f8rer ingen kommunale busser i n\u00e6rheden.<\/li>\n<\/ul>\n<h4>Med privat bil:<\/h4>\n<ul data-spread=\"false\">\n<li>P\u00e5 grund af <strong>den tunge trafik p\u00e5 den historiske halv\u00f8<\/strong> anbefales offentlig transport. Parkeringsmulighederne er <strong>begr\u00e6nsede<\/strong>.<\/li>\n<\/ul>\n<h3><span style=\"text-decoration: underline;\">Must-see h\u00f8jdepunkter i Basilica Cistern<\/span><\/h3>\n<h4>1. Skulpturer af medusahoved<\/h4>\n<p>Et af de mest sl\u00e5ende elementer inde i cisternen er de <strong>to skulpturer af Medusahoveder<\/strong>, der er placeret <strong>p\u00e5 hovedet og p\u00e5 siden<\/strong> ved foden af to s\u00f8jler i det <strong>nordvestlige hj\u00f8rne<\/strong>.<\/p>\n<p><strong>Mytologisk betydning:<\/strong><\/p>\n<ul data-spread=\"false\">\n<li>I den <strong>antikke gr\u00e6ske mytologi<\/strong> var <strong>Medusa<\/strong> en gorgon med <strong>slangeh\u00e5r<\/strong>, som kunne forvandle mennesker til sten med sit blik.<\/li>\n<li>I <strong>romertiden<\/strong> mente man, at medusahoveder kunne afv\u00e6rge <strong>onde \u00e5nder<\/strong>.<\/li>\n<li>Nogle historikere mener, at Medusa-hovederne blev <strong>genbrugt fra en \u00e6ldre romersk struktur.<\/strong><\/li>\n<li>\u00c5rsagen til deres <strong>omvendte placering<\/strong> er stadig uklar. Nogle teorier g\u00e5r p\u00e5, at det blev gjort for at <strong>neutralisere Medusas magt<\/strong> if\u00f8lge den <strong>kristne tro.<\/strong><\/li>\n<\/ul>\n<h4>2. De majest\u00e6tiske s\u00f8jler<\/h4>\n<p><strong>Basilikaens cisterne<\/strong> b\u00e6res af <strong>336 massive marmors\u00f8jler<\/strong>, der hver er ca. <strong>9 meter h\u00f8je.<\/strong> De fleste af dem har <strong>korintiske og joniske kapit\u00e6ler<\/strong>, som stammer fra <strong>hedenske templer<\/strong> eller er <strong>fremstillet specielt<\/strong> til cisternen. Den d\u00e6mpede belysning og vandets refleksioner skaber en <strong>fortryllende og mystisk<\/strong> atmosf\u00e6re.<\/p>\n<p><img decoding=\"async\" class=\"size-full wp-image-394593 aligncenter\" src=\"https:\/\/officialguides.com\/wp-content\/uploads\/2025\/03\/what-to-see-in-basilica-cistern.jpg\" alt=\"Hvad er interessant at se i den underjordiske cisterne i Istanbul?\" width=\"675\" height=\"900\" srcset=\"https:\/\/officialguides.com\/wp-content\/uploads\/2025\/03\/what-to-see-in-basilica-cistern.jpg 675w, https:\/\/officialguides.com\/wp-content\/uploads\/2025\/03\/what-to-see-in-basilica-cistern-225x300.jpg 225w\" sizes=\"(max-width: 675px) 100vw, 675px\" \/><\/p>\n<h4>3. Vandreflekteret atmosf\u00e6re<\/h4>\n<p>Et af de <strong>mest mystiske tr\u00e6k<\/strong> ved Basilica Cistern er <strong>refleksionen af lys p\u00e5 vandoverfladen<\/strong>.<\/p>\n<p><strong>Hvorfor er det noget s\u00e6rligt?<\/strong><\/p>\n<ul>\n<li>Belysningen skaber en <strong>uhyggelig og dr\u00f8mmeagtig visuel effekt<\/strong>.<\/li>\n<li>Disse refleksioner f\u00e5r cisternen til at virke <strong>uendelig dyb.<\/strong><\/li>\n<li>Bes\u00f8gende beskriver ofte stemningen som <strong>overjordisk og hypnotisk<\/strong>.<\/li>\n<li>Det giver <strong>fantastiske fotomuligheder<\/strong>, is\u00e6r for fotoentusiaster.<\/li>\n<\/ul>\n<h4>4. Den gr\u00e6dende s\u00f8jle<\/h4>\n<p>I mods\u00e6tning til de andre har <strong>Weeping Column<\/strong> <strong>t\u00e5relignende udsk\u00e6ringer<\/strong>. P\u00e5 trods af navnet er disse udsk\u00e6ringer <strong>ikke egentlige t\u00e5rer<\/strong>, men gengivelser af <strong>tr\u00e6knuder<\/strong>.<\/p>\n<h3><span style=\"text-decoration: underline;\">Oplevelser og begivenheder i Basilica Cistern<\/span><\/h3>\n<ul>\n<li><strong>Kunstneriske optr\u00e6dener:<\/strong> Lejlighedsvise <strong>lysshows og koncerter<\/strong> forst\u00e6rker den magiske atmosf\u00e6re.<\/li>\n<li><strong>Audioguide-service:<\/strong> Lej en <strong>audioguide<\/strong> for at udforske cisternens historie og mytologi.<\/li>\n<li><strong>Fotografering:<\/strong> Det <strong>mystiske lys og refleksionerne<\/strong> giver <strong>unikke fotomuligheder<\/strong>.<\/li>\n<\/ul>\n<h3><span style=\"text-decoration: underline;\">Tips til bes\u00f8g i Basilica Cistern<\/span><\/h3>\n<ul>\n<li>For at <strong>undg\u00e5 tr\u00e6ngsel<\/strong> skal du bes\u00f8ge <strong>stedet tidligt om morgenen<\/strong> eller <strong>sent om aftenen<\/strong>.<\/li>\n<li>Brug <strong>skridsikre sko<\/strong>, da gulvet kan v\u00e6re v\u00e5dt.<\/li>\n<li><strong>Temperaturen indenfor er k\u00f8ligere<\/strong> end udenfor, s\u00e5 det anbefales at tage en <strong>let jakke<\/strong> med.<\/li>\n<li>Hvis du vil springe billetk\u00f8en over, skal du k\u00f8be din <strong>onlinebillet p\u00e5 forh\u00e5nd<\/strong> <a href=\"https:\/\/www.getyourguide.com\/istanbul-l56\/istanbul-basilica-cistern-fast-track-entry-and-audio-guide-t523484\/?partner_id=F2GZGY3&amp;utm_medium=online_publisher\">her.<\/a><\/li>\n<\/ul>\n<h3><span style=\"text-decoration: underline;\">Ofte stillede sp\u00f8rgsm\u00e5l<\/span><\/h3>\n<h4>1. Er museumspasset gyldigt i Basilica Cistern?<\/h4>\n<p>Nej, <strong>museumspasset er ikke gyldigt<\/strong>, da Basilica Cistern drives privat.<\/p>\n<h4>2. Er Basilica Cistern tilg\u00e6ngelig for handicappede bes\u00f8gende?<\/h4>\n<p>P\u00e5 grund af det uj\u00e6vne underlag kan der <strong>v\u00e6re begr\u00e6nset adgang for k\u00f8restole<\/strong>, men man kan bede om hj\u00e6lp fra personalet.<\/p>\n<h4>3. Hvorn\u00e5r er det bedst at bes\u00f8ge os?<\/h4>\n<p>For at undg\u00e5 <strong>tr\u00e6ngsel<\/strong> anbefales det at bes\u00f8ge stedet <strong>om morgenen p\u00e5 hverdage<\/strong>.<\/p>\n<p><strong>Basilikacisternen<\/strong> er et <strong>must<\/strong> for dem, der gerne vil udforske <strong>Istanbuls fortryllende historie.<\/strong> Planl\u00e6g din rejse, og fordyb dig i den <strong>mystiske atmosf\u00e6re<\/strong>!<\/p>\n<ul>\n<li><em><a href=\"\/?p=393333\">Topkapi-paladsets guide til bes\u00f8gende<\/a><\/em><\/li>\n<li><em><a href=\"https:\/\/officialguides.com\/istanbul\/hagia-sophia\/\" target=\"_blank\" rel=\"noopener\">Hagia Sophia guide til bes\u00f8gende<\/a><\/em><\/li>\n<li><em><a href=\"https:\/\/istanbul.ktb.gov.tr\/\" target=\"_blank\" rel=\"noopener\">Istanbuls provinsielle direktorat for turisme<\/a><\/em><\/li>\n<li><em><a href=\"https:\/\/yerebatan.com\/en\/\">https:\/\/yerebatan.com\/en\/<\/a><\/em><\/li>\n<li><em>Instagram: <a href=\"https:\/\/www.instagram.com\/yerebatansarnic\/\">@yerebatansarnic<\/a><\/em><\/li>\n<\/ul>\n","protected":false},"excerpt":{"rendered":"<p>Indgang og billetter til Basilica Cistern En af Istanbuls mest betagende historiske vartegn, Basilica Cisternen (eller Det Sunkne Palads), blev bygget i 532 e.Kr. af den romerske kejser Justinian I. Med over 10.000 bes\u00f8gende om dagen er lange billetk\u00f8er almindelige ved indgangen (op til 1,5 times ventetid i h\u00f8js\u00e6sonen fra april til november). Hvis du &#8230; <a title=\"Basilika Cisterne Istanbul\" class=\"read-more\" href=\"https:\/\/officialguides.com\/da\/basilika-cisterne-istanbul\/\" aria-label=\"Read more about Basilika Cisterne Istanbul\">L\u00e6s Mere<\/a><\/p>\n","protected":false},"author":3,"featured_media":394461,"parent":0,"menu_order":0,"comment_status":"closed","ping_status":"closed","template":"","meta":{"_acf_changed":false,"footnotes":""},"class_list":["post-394629","page","type-page","status-publish","has-post-thumbnail"],"acf":[],"yoast_head":"<!-- This site is optimized with the Yoast SEO plugin v27.5 - https:\/\/yoast.com\/product\/yoast-seo-wordpress\/ -->\n<title>Basilica Cistern Istanbul | Billetter, indgangsgebyr, \u00e5bningstider<\/title>\n<meta name=\"description\" content=\"Guide til Underground Cistern; spring k\u00f8en over, hurtig adgangsbilletpris, lukkedage, hvordan man kommer med sporvogn\/metro, hvad man kan se indeni\" \/>\n<meta name=\"robots\" content=\"index, follow, max-snippet:-1, max-image-preview:large, max-video-preview:-1\" \/>\n<link rel=\"canonical\" href=\"https:\/\/officialguides.com\/da\/basilika-cisterne-istanbul\/\" \/>\n<meta property=\"og:locale\" content=\"da_DK\" \/>\n<meta property=\"og:type\" content=\"article\" \/>\n<meta property=\"og:title\" content=\"Basilica Cistern Istanbul | Billetter, indgangsgebyr, \u00e5bningstider\" \/>\n<meta property=\"og:description\" content=\"Guide til Underground Cistern; spring k\u00f8en over, hurtig adgangsbilletpris, lukkedage, hvordan man kommer med sporvogn\/metro, hvad man kan se indeni\" \/>\n<meta property=\"og:url\" content=\"https:\/\/officialguides.com\/da\/basilika-cisterne-istanbul\/\" \/>\n<meta property=\"og:site_name\" content=\"Find Your Private Tour Guide Around The World!\" \/>\n<meta property=\"article:modified_time\" content=\"2026-01-12T12:26:00+00:00\" \/>\n<meta property=\"og:image\" content=\"https:\/\/officialguides.com\/wp-content\/uploads\/2025\/03\/underground-cistern-istanbul.jpg\" \/>\n\t<meta property=\"og:image:width\" content=\"1164\" \/>\n\t<meta property=\"og:image:height\" content=\"899\" \/>\n\t<meta property=\"og:image:type\" content=\"image\/jpeg\" \/>\n<meta name=\"twitter:card\" content=\"summary_large_image\" \/>\n<meta name=\"twitter:label1\" content=\"Estimeret l\u00e6setid\" \/>\n\t<meta name=\"twitter:data1\" content=\"5 minutter\" \/>\n<script type=\"application\/ld+json\" class=\"yoast-schema-graph\">{\"@context\":\"https:\\\/\\\/schema.org\",\"@graph\":[{\"@type\":\"WebPage\",\"@id\":\"https:\\\/\\\/officialguides.com\\\/da\\\/basilika-cisterne-istanbul\\\/\",\"url\":\"https:\\\/\\\/officialguides.com\\\/da\\\/basilika-cisterne-istanbul\\\/\",\"name\":\"Basilica Cistern Istanbul | Billetter, indgangsgebyr, \u00e5bningstider\",\"isPartOf\":{\"@id\":\"https:\\\/\\\/officialguides.com\\\/da\\\/#website\"},\"primaryImageOfPage\":{\"@id\":\"https:\\\/\\\/officialguides.com\\\/da\\\/basilika-cisterne-istanbul\\\/#primaryimage\"},\"image\":{\"@id\":\"https:\\\/\\\/officialguides.com\\\/da\\\/basilika-cisterne-istanbul\\\/#primaryimage\"},\"thumbnailUrl\":\"https:\\\/\\\/officialguides.com\\\/wp-content\\\/uploads\\\/2025\\\/03\\\/underground-cistern-istanbul.jpg\",\"datePublished\":\"2025-03-12T19:27:28+00:00\",\"dateModified\":\"2026-01-12T12:26:00+00:00\",\"description\":\"Guide til Underground Cistern; spring k\u00f8en over, hurtig adgangsbilletpris, lukkedage, hvordan man kommer med sporvogn\\\/metro, hvad man kan se indeni\",\"breadcrumb\":{\"@id\":\"https:\\\/\\\/officialguides.com\\\/da\\\/basilika-cisterne-istanbul\\\/#breadcrumb\"},\"inLanguage\":\"da-DK\",\"potentialAction\":[{\"@type\":\"ReadAction\",\"target\":[\"https:\\\/\\\/officialguides.com\\\/da\\\/basilika-cisterne-istanbul\\\/\"]}]},{\"@type\":\"ImageObject\",\"inLanguage\":\"da-DK\",\"@id\":\"https:\\\/\\\/officialguides.com\\\/da\\\/basilika-cisterne-istanbul\\\/#primaryimage\",\"url\":\"https:\\\/\\\/officialguides.com\\\/wp-content\\\/uploads\\\/2025\\\/03\\\/underground-cistern-istanbul.jpg\",\"contentUrl\":\"https:\\\/\\\/officialguides.com\\\/wp-content\\\/uploads\\\/2025\\\/03\\\/underground-cistern-istanbul.jpg\",\"width\":1164,\"height\":899,\"caption\":\"Indgangsbillet og komplet information om Basilica Cistern i Istanbul, Tyrkiet\"},{\"@type\":\"BreadcrumbList\",\"@id\":\"https:\\\/\\\/officialguides.com\\\/da\\\/basilika-cisterne-istanbul\\\/#breadcrumb\",\"itemListElement\":[{\"@type\":\"ListItem\",\"position\":1,\"name\":\"Home\",\"item\":\"https:\\\/\\\/officialguides.com\\\/da\\\/\"},{\"@type\":\"ListItem\",\"position\":2,\"name\":\"Basilika Cisterne Istanbul\"}]},{\"@type\":\"WebSite\",\"@id\":\"https:\\\/\\\/officialguides.com\\\/da\\\/#website\",\"url\":\"https:\\\/\\\/officialguides.com\\\/da\\\/\",\"name\":\"Official Tour Guides Around The World! Istanbul, Paris, Rome, Dubai...\",\"description\":\"Explore cities and popular destinations with professional, official, certified tour guides\",\"alternateName\":\"Official Guides\",\"potentialAction\":[{\"@type\":\"SearchAction\",\"target\":{\"@type\":\"EntryPoint\",\"urlTemplate\":\"https:\\\/\\\/officialguides.com\\\/da\\\/?s={search_term_string}\"},\"query-input\":{\"@type\":\"PropertyValueSpecification\",\"valueRequired\":true,\"valueName\":\"search_term_string\"}}],\"inLanguage\":\"da-DK\"}]}<\/script>\n<!-- \/ Yoast SEO plugin. -->","yoast_head_json":{"title":"Basilica Cistern Istanbul | Billetter, indgangsgebyr, \u00e5bningstider","description":"Guide til Underground Cistern; spring k\u00f8en over, hurtig adgangsbilletpris, lukkedage, hvordan man kommer med sporvogn\/metro, hvad man kan se indeni","robots":{"index":"index","follow":"follow","max-snippet":"max-snippet:-1","max-image-preview":"max-image-preview:large","max-video-preview":"max-video-preview:-1"},"canonical":"https:\/\/officialguides.com\/da\/basilika-cisterne-istanbul\/","og_locale":"da_DK","og_type":"article","og_title":"Basilica Cistern Istanbul | Billetter, indgangsgebyr, \u00e5bningstider","og_description":"Guide til Underground Cistern; spring k\u00f8en over, hurtig adgangsbilletpris, lukkedage, hvordan man kommer med sporvogn\/metro, hvad man kan se indeni","og_url":"https:\/\/officialguides.com\/da\/basilika-cisterne-istanbul\/","og_site_name":"Find Your Private Tour Guide Around The World!","article_modified_time":"2026-01-12T12:26:00+00:00","og_image":[{"width":1164,"height":899,"url":"https:\/\/officialguides.com\/wp-content\/uploads\/2025\/03\/underground-cistern-istanbul.jpg","type":"image\/jpeg"}],"twitter_card":"summary_large_image","twitter_misc":{"Estimeret l\u00e6setid":"5 minutter"},"schema":{"@context":"https:\/\/schema.org","@graph":[{"@type":"WebPage","@id":"https:\/\/officialguides.com\/da\/basilika-cisterne-istanbul\/","url":"https:\/\/officialguides.com\/da\/basilika-cisterne-istanbul\/","name":"Basilica Cistern Istanbul | Billetter, indgangsgebyr, \u00e5bningstider","isPartOf":{"@id":"https:\/\/officialguides.com\/da\/#website"},"primaryImageOfPage":{"@id":"https:\/\/officialguides.com\/da\/basilika-cisterne-istanbul\/#primaryimage"},"image":{"@id":"https:\/\/officialguides.com\/da\/basilika-cisterne-istanbul\/#primaryimage"},"thumbnailUrl":"https:\/\/officialguides.com\/wp-content\/uploads\/2025\/03\/underground-cistern-istanbul.jpg","datePublished":"2025-03-12T19:27:28+00:00","dateModified":"2026-01-12T12:26:00+00:00","description":"Guide til Underground Cistern; spring k\u00f8en over, hurtig adgangsbilletpris, lukkedage, hvordan man kommer med sporvogn\/metro, hvad man kan se indeni","breadcrumb":{"@id":"https:\/\/officialguides.com\/da\/basilika-cisterne-istanbul\/#breadcrumb"},"inLanguage":"da-DK","potentialAction":[{"@type":"ReadAction","target":["https:\/\/officialguides.com\/da\/basilika-cisterne-istanbul\/"]}]},{"@type":"ImageObject","inLanguage":"da-DK","@id":"https:\/\/officialguides.com\/da\/basilika-cisterne-istanbul\/#primaryimage","url":"https:\/\/officialguides.com\/wp-content\/uploads\/2025\/03\/underground-cistern-istanbul.jpg","contentUrl":"https:\/\/officialguides.com\/wp-content\/uploads\/2025\/03\/underground-cistern-istanbul.jpg","width":1164,"height":899,"caption":"Indgangsbillet og komplet information om Basilica Cistern i Istanbul, Tyrkiet"},{"@type":"BreadcrumbList","@id":"https:\/\/officialguides.com\/da\/basilika-cisterne-istanbul\/#breadcrumb","itemListElement":[{"@type":"ListItem","position":1,"name":"Home","item":"https:\/\/officialguides.com\/da\/"},{"@type":"ListItem","position":2,"name":"Basilika Cisterne Istanbul"}]},{"@type":"WebSite","@id":"https:\/\/officialguides.com\/da\/#website","url":"https:\/\/officialguides.com\/da\/","name":"Official Tour Guides Around The World! Istanbul, Paris, Rome, Dubai...","description":"Explore cities and popular destinations with professional, official, certified tour guides","alternateName":"Official Guides","potentialAction":[{"@type":"SearchAction","target":{"@type":"EntryPoint","urlTemplate":"https:\/\/officialguides.com\/da\/?s={search_term_string}"},"query-input":{"@type":"PropertyValueSpecification","valueRequired":true,"valueName":"search_term_string"}}],"inLanguage":"da-DK"}]}},"_links":{"self":[{"href":"https:\/\/officialguides.com\/da\/wp-json\/wp\/v2\/pages\/394629","targetHints":{"allow":["GET"]}}],"collection":[{"href":"https:\/\/officialguides.com\/da\/wp-json\/wp\/v2\/pages"}],"about":[{"href":"https:\/\/officialguides.com\/da\/wp-json\/wp\/v2\/types\/page"}],"author":[{"embeddable":true,"href":"https:\/\/officialguides.com\/da\/wp-json\/wp\/v2\/users\/3"}],"replies":[{"embeddable":true,"href":"https:\/\/officialguides.com\/da\/wp-json\/wp\/v2\/comments?post=394629"}],"version-history":[{"count":5,"href":"https:\/\/officialguides.com\/da\/wp-json\/wp\/v2\/pages\/394629\/revisions"}],"predecessor-version":[{"id":397389,"href":"https:\/\/officialguides.com\/da\/wp-json\/wp\/v2\/pages\/394629\/revisions\/397389"}],"wp:featuredmedia":[{"embeddable":true,"href":"https:\/\/officialguides.com\/da\/wp-json\/wp\/v2\/media\/394461"}],"wp:attachment":[{"href":"https:\/\/officialguides.com\/da\/wp-json\/wp\/v2\/media?parent=394629"}],"curies":[{"name":"wp","href":"https:\/\/api.w.org\/{rel}","templated":true}]}}