{"id":40332,"date":"2020-05-17T18:37:51","date_gmt":"2020-05-17T15:37:51","guid":{"rendered":"https:\/\/www.officialguides.net\/pruvodce-registraci\/"},"modified":"2020-05-25T16:48:28","modified_gmt":"2020-05-25T13:48:28","slug":"pruvodce-registraci","status":"publish","type":"page","link":"https:\/\/officialguides.com\/cs\/pruvodce-registraci\/","title":{"rendered":"Pr\u016fvodce Registrac\u00ed"},"content":{"rendered":"<h2><strong>Pr\u016fvodce Registrac\u00ed<\/strong><\/h2>\n<p>Officialguide.net je webov\u00e1 str\u00e1nka, kter\u00e1 shroma\u017e\u010fuje ofici\u00e1ln\u00ed pr\u016fvodce po cel\u00e9m sv\u011bt\u011b. Na na\u0161ich webov\u00fdch str\u00e1nk\u00e1ch m\u016f\u017eete prezentovat a prod\u00e1vat sv\u00e9 soukrom\u00e9 z\u00e1jezdy p\u0159\u00edmo cestuj\u00edc\u00edm. Vypl\u0148te n\u00ed\u017ee uveden\u00fd formul\u00e1\u0159 a zjist\u011bte, jak budete na na\u0161em webu uvedeni.<\/p>\n<h3>Pro\u010d prod\u00e1v\u00e1m sv\u00e9 soukrom\u00e9 z\u00e1jezdy online?<\/h3>\n<p>Spolu s koronavirem jsme bohu\u017eel na za\u010d\u00e1tku zbrusu nov\u00e9 objedn\u00e1vky v roce 2020. Mezi v\u0161emi r\u016fzn\u00fdmi sektory je pravd\u011bpodobn\u011b nejv\u00edce negativn\u011b ovlivn\u011bn cestovn\u00ed ruch. Podle odborn\u00edk\u016f budou v tomto nov\u00e9m a neobvykl\u00e9m konceptu turistick\u00e9 v\u00fdlety realizov\u00e1ny v\u011bt\u0161inou sp\u00ed\u0161e individu\u00e1ln\u011b ne\u017e ve skupin\u00e1ch. Proto budou v\u00fdlety, transfery, prohl\u00eddky m\u011bsta a v\u0161echny ostatn\u00ed v\u00fdlety soukrom\u011b a tento nov\u00fd koncept zv\u00fd\u0161\u00ed n\u00e1klady na osobu. Rodiny nebo mal\u00e9 skupiny budou rad\u011bji kontaktovat p\u0159\u00edmo pr\u016fvodce, ne\u017e cestovn\u00ed kancel\u00e1\u0159e, aby na\u0161li soukromou slu\u017ebu. Jejich prvn\u00ed adresou bude samoz\u0159ejm\u011b Google. V tomto okam\u017eiku jde o webovou str\u00e1nku pro ka\u017ed\u00e9ho pr\u016fvodce a nelze od ka\u017ed\u00e9ho o\u010dek\u00e1vat, \u017ee bude web vlastnit. I kdy\u017e vlastn\u00edte osobn\u00ed web, budete muset za seri\u00f3zn\u00ed pr\u00e1ci se SEO zaplatit spoustu pen\u011bz a dlouho \u010dekat na v\u00fdsledky. Toto \u00fasil\u00ed nezaru\u010duje dobr\u00e9 hodnocen\u00ed tak\u00e9 na Googlu. Proto jako alternativn\u00ed \u0159e\u0161en\u00ed nyn\u00ed spole\u010dnost Officialguides.net nab\u00edz\u00ed, aby za v\u00e1s ud\u011blala ve\u0161kerou pr\u00e1ci. D\u00edky tomu budete m\u00edt sv\u016fj vlastn\u00ed webov\u00fd profil a prod\u00e1v\u00e1te sv\u00e9 soukrom\u00e9 z\u00e1jezdy online. Chcete-li vyu\u017e\u00edt t\u00e9to bezplatn\u00e9 slu\u017eby, vypl\u0148te pros\u00edm formul\u00e1\u0159 na t\u00e9to str\u00e1nce.<\/p>\n<h3>Pro\u010d byste si m\u011bli vybrat web Ofici\u00e1ln\u00ed str\u00e1nka pr\u016fvodce?<\/h3>\n<p>Officialguides.net je v\u00edcejazy\u010dn\u00fd web a m\u016f\u017eete nab\u00edzet sv\u00e9 soukrom\u00e9 z\u00e1jezdy v jak\u00e9mkoli jazyce (v\u010detn\u011b \u010desk\u00e9ho jazyka), kter\u00fd si p\u0159ejete, a dokonce i ve v\u00edce jazyc\u00edch. Nav\u00edc nebude obt\u00ed\u017en\u00e9 oslovit potenci\u00e1ln\u00ed n\u00e1v\u0161t\u011bvn\u00edky Google pomoc\u00ed nejnov\u011bj\u0161\u00edch technik SEO, kter\u00e9 pou\u017e\u00edv\u00e1me.<\/p>\n<p>\t\t\t\t\t\t\t\t\t\t<img decoding=\"async\" width=\"1024\" height=\"365\" src=\"https:\/\/www.officialguides.net\/wp-content\/uploads\/2020\/05\/how-to-sell-my-private-tours-online-1024x365.jpg\" alt=\"jak prodat sv\u00e9 soukrom\u00e9 z\u00e1jezdy a v\u00fdlety na internetu p\u0159\u00edmo hostovi\" srcset=\"https:\/\/www.officialguides.net\/wp-content\/uploads\/2020\/05\/how-to-sell-my-private-tours-online-1024x365.jpg 1024w, https:\/\/www.officialguides.net\/wp-content\/uploads\/2020\/05\/how-to-sell-my-private-tours-online-300x107.jpg 300w, https:\/\/www.officialguides.net\/wp-content\/uploads\/2020\/05\/how-to-sell-my-private-tours-online-768x274.jpg 768w, https:\/\/www.officialguides.net\/wp-content\/uploads\/2020\/05\/how-to-sell-my-private-tours-online.jpg 1280w\" sizes=\"(max-width: 1024px) 100vw, 1024px\" \/><\/p>\n","protected":false},"excerpt":{"rendered":"<p>Pr\u016fvodce Registrac\u00ed Officialguide.net je webov\u00e1 str\u00e1nka, kter\u00e1 shroma\u017e\u010fuje ofici\u00e1ln\u00ed pr\u016fvodce po cel\u00e9m sv\u011bt\u011b. Na na\u0161ich webov\u00fdch str\u00e1nk\u00e1ch m\u016f\u017eete prezentovat a prod\u00e1vat sv\u00e9 soukrom\u00e9 z\u00e1jezdy p\u0159\u00edmo cestuj\u00edc\u00edm. Vypl\u0148te n\u00ed\u017ee uveden\u00fd formul\u00e1\u0159 a zjist\u011bte, jak budete na na\u0161em webu uvedeni. Pro\u010d prod\u00e1v\u00e1m sv\u00e9 soukrom\u00e9 z\u00e1jezdy online? Spolu s koronavirem jsme bohu\u017eel na za\u010d\u00e1tku zbrusu nov\u00e9 objedn\u00e1vky v &#8230; <a title=\"Pr\u016fvodce Registrac\u00ed\" class=\"read-more\" href=\"https:\/\/officialguides.com\/cs\/pruvodce-registraci\/\" aria-label=\"\u010c\u00edst v\u00edce o Pr\u016fvodce Registrac\u00ed\">Read more<\/a><\/p>\n","protected":false},"author":3,"featured_media":0,"parent":0,"menu_order":0,"comment_status":"closed","ping_status":"closed","template":"","meta":{"_acf_changed":false,"_lmt_disableupdate":"","_lmt_disable":"","footnotes":""},"class_list":["post-40332","page","type-page","status-publish"],"acf":[],"yoast_head":"<!-- This site is optimized with the Yoast SEO plugin v27.6 - https:\/\/yoast.com\/product\/yoast-seo-wordpress\/ -->\n<title>Registrace Pro Pr\u016fvodce | Jak Prodat Sv\u00e9 Soukrom\u00e9 Z\u00e1jezdy Online?<\/title>\n<meta name=\"description\" content=\"Jak mohu prodat sv\u00e9 z\u00e1jezdy na Google \/ Internet? Jste profesion\u00e1ln\u00ed pr\u016fvodce? M\u00e1te licenci? Nab\u00eddn\u011bte sv\u00e9 exkurze na na\u0161em webu.\" \/>\n<meta name=\"robots\" content=\"index, follow, max-snippet:-1, max-image-preview:large, max-video-preview:-1\" \/>\n<link rel=\"canonical\" href=\"https:\/\/officialguides.com\/cs\/pruvodce-registraci\/\" \/>\n<meta property=\"og:locale\" content=\"cs_CZ\" \/>\n<meta property=\"og:type\" content=\"article\" \/>\n<meta property=\"og:title\" content=\"Registrace Pro Pr\u016fvodce | Jak Prodat Sv\u00e9 Soukrom\u00e9 Z\u00e1jezdy Online?\" \/>\n<meta property=\"og:description\" content=\"Jak mohu prodat sv\u00e9 z\u00e1jezdy na Google \/ Internet? Jste profesion\u00e1ln\u00ed pr\u016fvodce? M\u00e1te licenci? Nab\u00eddn\u011bte sv\u00e9 exkurze na na\u0161em webu.\" \/>\n<meta property=\"og:url\" content=\"https:\/\/officialguides.com\/cs\/pruvodce-registraci\/\" \/>\n<meta property=\"og:site_name\" content=\"Find Your Private Tour Guide Around The World!\" \/>\n<meta property=\"article:modified_time\" content=\"2020-05-25T13:48:28+00:00\" \/>\n<meta property=\"og:image\" content=\"https:\/\/www.officialguides.net\/wp-content\/uploads\/2020\/05\/how-to-sell-my-private-tours-online-1024x365.jpg\" \/>\n<meta name=\"twitter:card\" content=\"summary_large_image\" \/>\n<meta name=\"twitter:label1\" content=\"Odhadovan\u00e1 doba \u010dten\u00ed\" \/>\n\t<meta name=\"twitter:data1\" content=\"2 minuty\" \/>\n<script type=\"application\/ld+json\" class=\"yoast-schema-graph\">{\"@context\":\"https:\\\/\\\/schema.org\",\"@graph\":[{\"@type\":\"WebPage\",\"@id\":\"https:\\\/\\\/officialguides.com\\\/cs\\\/pruvodce-registraci\\\/\",\"url\":\"https:\\\/\\\/officialguides.com\\\/cs\\\/pruvodce-registraci\\\/\",\"name\":\"Registrace Pro Pr\u016fvodce | Jak Prodat Sv\u00e9 Soukrom\u00e9 Z\u00e1jezdy Online?\",\"isPartOf\":{\"@id\":\"https:\\\/\\\/officialguides.com\\\/cs\\\/#website\"},\"primaryImageOfPage\":{\"@id\":\"https:\\\/\\\/officialguides.com\\\/cs\\\/pruvodce-registraci\\\/#primaryimage\"},\"image\":{\"@id\":\"https:\\\/\\\/officialguides.com\\\/cs\\\/pruvodce-registraci\\\/#primaryimage\"},\"thumbnailUrl\":\"https:\\\/\\\/www.officialguides.net\\\/wp-content\\\/uploads\\\/2020\\\/05\\\/how-to-sell-my-private-tours-online-1024x365.jpg\",\"datePublished\":\"2020-05-17T15:37:51+00:00\",\"dateModified\":\"2020-05-25T13:48:28+00:00\",\"description\":\"Jak mohu prodat sv\u00e9 z\u00e1jezdy na Google \\\/ Internet? Jste profesion\u00e1ln\u00ed pr\u016fvodce? M\u00e1te licenci? Nab\u00eddn\u011bte sv\u00e9 exkurze na na\u0161em webu.\",\"breadcrumb\":{\"@id\":\"https:\\\/\\\/officialguides.com\\\/cs\\\/pruvodce-registraci\\\/#breadcrumb\"},\"inLanguage\":\"cs\",\"potentialAction\":[{\"@type\":\"ReadAction\",\"target\":[\"https:\\\/\\\/officialguides.com\\\/cs\\\/pruvodce-registraci\\\/\"]}]},{\"@type\":\"ImageObject\",\"inLanguage\":\"cs\",\"@id\":\"https:\\\/\\\/officialguides.com\\\/cs\\\/pruvodce-registraci\\\/#primaryimage\",\"url\":\"https:\\\/\\\/www.officialguides.net\\\/wp-content\\\/uploads\\\/2020\\\/05\\\/how-to-sell-my-private-tours-online-1024x365.jpg\",\"contentUrl\":\"https:\\\/\\\/www.officialguides.net\\\/wp-content\\\/uploads\\\/2020\\\/05\\\/how-to-sell-my-private-tours-online-1024x365.jpg\"},{\"@type\":\"BreadcrumbList\",\"@id\":\"https:\\\/\\\/officialguides.com\\\/cs\\\/pruvodce-registraci\\\/#breadcrumb\",\"itemListElement\":[{\"@type\":\"ListItem\",\"position\":1,\"name\":\"Home\",\"item\":\"https:\\\/\\\/officialguides.com\\\/cs\\\/\"},{\"@type\":\"ListItem\",\"position\":2,\"name\":\"Pr\u016fvodce Registrac\u00ed\"}]},{\"@type\":\"WebSite\",\"@id\":\"https:\\\/\\\/officialguides.com\\\/cs\\\/#website\",\"url\":\"https:\\\/\\\/officialguides.com\\\/cs\\\/\",\"name\":\"Official Tour Guides Around The World! Istanbul, Paris, Rome, Dubai...\",\"description\":\"Explore cities and popular destinations with professional, official, certified tour guides\",\"alternateName\":\"Official Guides\",\"potentialAction\":[{\"@type\":\"SearchAction\",\"target\":{\"@type\":\"EntryPoint\",\"urlTemplate\":\"https:\\\/\\\/officialguides.com\\\/cs\\\/?s={search_term_string}\"},\"query-input\":{\"@type\":\"PropertyValueSpecification\",\"valueRequired\":true,\"valueName\":\"search_term_string\"}}],\"inLanguage\":\"cs\"}]}<\/script>\n<!-- \/ Yoast SEO plugin. -->","yoast_head_json":{"title":"Registrace Pro Pr\u016fvodce | Jak Prodat Sv\u00e9 Soukrom\u00e9 Z\u00e1jezdy Online?","description":"Jak mohu prodat sv\u00e9 z\u00e1jezdy na Google \/ Internet? Jste profesion\u00e1ln\u00ed pr\u016fvodce? M\u00e1te licenci? Nab\u00eddn\u011bte sv\u00e9 exkurze na na\u0161em webu.","robots":{"index":"index","follow":"follow","max-snippet":"max-snippet:-1","max-image-preview":"max-image-preview:large","max-video-preview":"max-video-preview:-1"},"canonical":"https:\/\/officialguides.com\/cs\/pruvodce-registraci\/","og_locale":"cs_CZ","og_type":"article","og_title":"Registrace Pro Pr\u016fvodce | Jak Prodat Sv\u00e9 Soukrom\u00e9 Z\u00e1jezdy Online?","og_description":"Jak mohu prodat sv\u00e9 z\u00e1jezdy na Google \/ Internet? Jste profesion\u00e1ln\u00ed pr\u016fvodce? M\u00e1te licenci? Nab\u00eddn\u011bte sv\u00e9 exkurze na na\u0161em webu.","og_url":"https:\/\/officialguides.com\/cs\/pruvodce-registraci\/","og_site_name":"Find Your Private Tour Guide Around The World!","article_modified_time":"2020-05-25T13:48:28+00:00","og_image":[{"url":"https:\/\/www.officialguides.net\/wp-content\/uploads\/2020\/05\/how-to-sell-my-private-tours-online-1024x365.jpg","type":"","width":"","height":""}],"twitter_card":"summary_large_image","twitter_misc":{"Odhadovan\u00e1 doba \u010dten\u00ed":"2 minuty"},"schema":{"@context":"https:\/\/schema.org","@graph":[{"@type":"WebPage","@id":"https:\/\/officialguides.com\/cs\/pruvodce-registraci\/","url":"https:\/\/officialguides.com\/cs\/pruvodce-registraci\/","name":"Registrace Pro Pr\u016fvodce | Jak Prodat Sv\u00e9 Soukrom\u00e9 Z\u00e1jezdy Online?","isPartOf":{"@id":"https:\/\/officialguides.com\/cs\/#website"},"primaryImageOfPage":{"@id":"https:\/\/officialguides.com\/cs\/pruvodce-registraci\/#primaryimage"},"image":{"@id":"https:\/\/officialguides.com\/cs\/pruvodce-registraci\/#primaryimage"},"thumbnailUrl":"https:\/\/www.officialguides.net\/wp-content\/uploads\/2020\/05\/how-to-sell-my-private-tours-online-1024x365.jpg","datePublished":"2020-05-17T15:37:51+00:00","dateModified":"2020-05-25T13:48:28+00:00","description":"Jak mohu prodat sv\u00e9 z\u00e1jezdy na Google \/ Internet? Jste profesion\u00e1ln\u00ed pr\u016fvodce? M\u00e1te licenci? Nab\u00eddn\u011bte sv\u00e9 exkurze na na\u0161em webu.","breadcrumb":{"@id":"https:\/\/officialguides.com\/cs\/pruvodce-registraci\/#breadcrumb"},"inLanguage":"cs","potentialAction":[{"@type":"ReadAction","target":["https:\/\/officialguides.com\/cs\/pruvodce-registraci\/"]}]},{"@type":"ImageObject","inLanguage":"cs","@id":"https:\/\/officialguides.com\/cs\/pruvodce-registraci\/#primaryimage","url":"https:\/\/www.officialguides.net\/wp-content\/uploads\/2020\/05\/how-to-sell-my-private-tours-online-1024x365.jpg","contentUrl":"https:\/\/www.officialguides.net\/wp-content\/uploads\/2020\/05\/how-to-sell-my-private-tours-online-1024x365.jpg"},{"@type":"BreadcrumbList","@id":"https:\/\/officialguides.com\/cs\/pruvodce-registraci\/#breadcrumb","itemListElement":[{"@type":"ListItem","position":1,"name":"Home","item":"https:\/\/officialguides.com\/cs\/"},{"@type":"ListItem","position":2,"name":"Pr\u016fvodce Registrac\u00ed"}]},{"@type":"WebSite","@id":"https:\/\/officialguides.com\/cs\/#website","url":"https:\/\/officialguides.com\/cs\/","name":"Official Tour Guides Around The World! Istanbul, Paris, Rome, Dubai...","description":"Explore cities and popular destinations with professional, official, certified tour guides","alternateName":"Official Guides","potentialAction":[{"@type":"SearchAction","target":{"@type":"EntryPoint","urlTemplate":"https:\/\/officialguides.com\/cs\/?s={search_term_string}"},"query-input":{"@type":"PropertyValueSpecification","valueRequired":true,"valueName":"search_term_string"}}],"inLanguage":"cs"}]}},"_links":{"self":[{"href":"https:\/\/officialguides.com\/cs\/wp-json\/wp\/v2\/pages\/40332","targetHints":{"allow":["GET"]}}],"collection":[{"href":"https:\/\/officialguides.com\/cs\/wp-json\/wp\/v2\/pages"}],"about":[{"href":"https:\/\/officialguides.com\/cs\/wp-json\/wp\/v2\/types\/page"}],"author":[{"embeddable":true,"href":"https:\/\/officialguides.com\/cs\/wp-json\/wp\/v2\/users\/3"}],"replies":[{"embeddable":true,"href":"https:\/\/officialguides.com\/cs\/wp-json\/wp\/v2\/comments?post=40332"}],"version-history":[{"count":0,"href":"https:\/\/officialguides.com\/cs\/wp-json\/wp\/v2\/pages\/40332\/revisions"}],"wp:attachment":[{"href":"https:\/\/officialguides.com\/cs\/wp-json\/wp\/v2\/media?parent=40332"}],"curies":[{"name":"wp","href":"https:\/\/api.w.org\/{rel}","templated":true}]}}