{"id":40236,"date":"2020-05-13T22:39:24","date_gmt":"2020-05-13T19:39:24","guid":{"rendered":"https:\/\/www.officialguides.net\/home\/"},"modified":"2026-02-01T20:38:16","modified_gmt":"2026-02-01T17:38:16","slug":"home","status":"publish","type":"page","link":"https:\/\/officialguides.com\/cs\/","title":{"rendered":"Spojte Se P\u0159\u00edmo S Ofici\u00e1ln\u00edmi Pr\u016fvodci Po Cel\u00e9m Sv\u011bt\u011b"},"content":{"rendered":"<p data-path-to-node=\"3\"><strong>OfficialGuides.com<\/strong> je specializovan\u00e1 platforma propojuj\u00edc\u00ed nez\u00e1visl\u00e9 cestovatele a <img decoding=\"async\" class=\"alignleft\" src=\"https:\/\/officialguides.com\/wp-content\/uploads\/2026\/01\/licensed-oficial-verified-guides.jpg\" alt=\"only the verified and certified tour guides \" width=\"166\" height=\"166\" \/>skupiny s profesion\u00e1ln\u00edmi licencovan\u00fdmi pr\u016fvodci v p\u0159edn\u00edch sv\u011btov\u00fdch destinac\u00edch. Komunikujte v re\u00e1ln\u00e9m \u010dase a napl\u00e1nujte si sv\u016fj dokonal\u00fd v\u00fdlet ve v\u00edce ne\u017e 30 jazyc\u00edch.<\/p>\n<hr \/>\n<h2 style=\"text-align: center;\" data-path-to-node=\"4\">\ud83c\udf92 Vyberte si m\u011bsto a za\u010dn\u011bte svou cestu<\/h2>\n<p style=\"text-align: center;\" data-path-to-node=\"5\">Prohl\u00e9dn\u011bte si n\u00e1\u0161 adres\u00e1\u0159 na <strong>OfficialGuides.com<\/strong> a najd\u011bte ide\u00e1ln\u00edho certifikovan\u00e9ho profesion\u00e1la pro sv\u00e9 p\u0159\u00ed\u0161t\u00ed dobrodru\u017estv\u00ed. V\u00e1\u0161 autentick\u00fd z\u00e1\u017eitek z cestov\u00e1n\u00ed bez stresu je vzd\u00e1len jen jednu zpr\u00e1vu.<\/p>\n<h3 style=\"text-align: center;\" data-path-to-node=\"5\">Vyberte Si Svou Destinaci \ud83d\udccd<\/h3>\n<p style=\"text-align: center;\" data-path-to-node=\"6\"><b data-path-to-node=\"6\" data-index-in-node=\"0\">Pa\u0159\u00ed\u017e, <span style=\"color: #ff0000;\"><a style=\"color: #ff0000;\" href=\"https:\/\/officialguides.com\/cs\/cesky-pruvodce-v-istanbulu\/\" target=\"_blank\" rel=\"noopener\">Istanbul<\/a><\/span>, \u0158\u00edm, <span style=\"color: #ff0000;\"><a style=\"color: #ff0000;\" href=\"https:\/\/officialguides.com\/cs\/cesti-pruvodci-a-soukrome-prohlidky-v-barcelone\/\" target=\"_blank\" rel=\"noopener\">Barcelona<\/a><\/span>, Dubaj, <span style=\"color: #ff0000;\"><a style=\"color: #ff0000;\" href=\"https:\/\/officialguides.com\/cs\/soukromy-pruvodce-v-cestine-a-soukrome-prohlidky-v-athenach\/\" target=\"_blank\" rel=\"noopener\">At\u00e9ny<\/a><\/span>, Lond\u00fdn, Bangkok, Florencie, Madrid, Lisabon, Kappadokie, Amsterdam, Praha, Neapol, Berl\u00edn, Antalya, Granada, Sevilla, Stockholm.<\/b><\/p>\n<hr \/>\n<h2 data-path-to-node=\"7\">Pro\u010d je licencovan\u00fd pr\u016fvodce va\u0161\u00ed nejlep\u0161\u00ed investic\u00ed do cestov\u00e1n\u00ed<\/h2>\n<p data-path-to-node=\"8\">Objevov\u00e1n\u00ed sv\u011btov\u011b proslul\u00e9 pam\u00e1tky v doprovodu certifikovan\u00e9ho profesion\u00e1la je rozd\u00edl mezi pouh\u00fdm \u201evid\u011bn\u00edm\u201c m\u00edsta a jeho skute\u010dn\u00fdm \u201epro\u017eitkem\u201c. Na OfficialGuides.com v\u00e1m pr\u016fvodci, se kter\u00fdmi spolupracujeme, r\u00e1di nab\u00eddnou n\u00e1sleduj\u00edc\u00ed v\u00fdhody.<\/p>\n<ul data-path-to-node=\"9\">\n<li>\n<p data-path-to-node=\"9,0,0\"><b data-path-to-node=\"9,0,0\" data-index-in-node=\"0\">P\u0159ednostn\u00ed p\u0159\u00edstup a vstup bez front:<\/b> Nenechte sv\u00e9 pr\u00e1zdniny definovat \u010dek\u00e1n\u00edm ve front\u011b. Licencovan\u00ed pr\u016fvodci maj\u00ed \u010dasto prioritn\u00ed p\u0159\u00edstup, vyhrazen\u00e9 rezerva\u010dn\u00ed p\u0159ep\u00e1\u017eky nebo mo\u017enost p\u0159edem rezervovat vstupenky va\u0161\u00edm jm\u00e9nem. Zejm\u00e9na b\u011bhem hlavn\u00ed sez\u00f3ny u sv\u011btozn\u00e1m\u00fdch pam\u00e1tek v\u00e1m to umo\u017en\u00ed obej\u00edt hodinov\u00e9 fronty a j\u00edt p\u0159\u00edmo za z\u00e1\u017eitkem.<\/p>\n<\/li>\n<li>\n<p data-path-to-node=\"9,1,0\"><b data-path-to-node=\"9,1,0\" data-index-in-node=\"0\">Maxim\u00e1ln\u00ed efektivita \u010dasu:<\/b> Muzeum nebo archeologick\u00e9 nalezi\u0161t\u011b, jeho\u017e prohl\u00eddka by v\u00e1m samotn\u00fdm trvala cel\u00fd den, lze mistrovsky prozkoumat za pouh\u00e9 3 hodiny. V\u00e1\u0161 pr\u016fvodce z\u00e1\u017eitek sestav\u00ed tak, aby v\u00e1m uk\u00e1zal nejv\u00fdznamn\u011bj\u0161\u00ed mistrovsk\u00e1 d\u00edla a body, kter\u00e9 &#8222;mus\u00edte vid\u011bt&#8220;, bez \u00fanavy z bloud\u011bn\u00ed.<\/p>\n<\/li>\n<li>\n<p data-path-to-node=\"9,2,0\"><b data-path-to-node=\"9,2,0\" data-index-in-node=\"0\">Profesionalita a akademick\u00e1 hloubka:<\/b> Licencovan\u00ed pr\u016fvodci nejsou jen nad\u0161enci; jsou to profesion\u00e1lov\u00e9, kte\u0159\u00ed pro\u0161li p\u0159\u00edsn\u00fdm akademick\u00fdm v\u00fdcvikem a ofici\u00e1ln\u00edmi zkou\u0161kami. Z\u00edsk\u00e1te p\u0159esn\u00e9, hluboce zako\u0159en\u011bn\u00e9 historick\u00e9 a kulturn\u00ed souvislosti, kter\u00e9 v \u017e\u00e1dn\u00e9m ti\u0161t\u011bn\u00e9m pr\u016fvodci nenajdete.<\/p>\n<\/li>\n<li>\n<p data-path-to-node=\"9,3,0\"><b data-path-to-node=\"9,3,0\" data-index-in-node=\"0\">Personalizovan\u00e9 itiner\u00e1\u0159e a bezpe\u010dnost:<\/b> A\u0165 u\u017e cestujete sami nebo ve skupin\u011b, na\u0161i pr\u016fvodci p\u0159izp\u016fsob\u00ed tempo va\u0161im pot\u0159eb\u00e1m. Pomohou v\u00e1m zorientovat se v\u3000m\u00edstn\u00edch syst\u00e9mech, vyhnout se pastem na turisty a zajist\u00ed bezpe\u010dn\u00e9 a vysoce kvalitn\u00ed prost\u0159ed\u00ed po celou dobu va\u0161\u00ed cesty.<\/p>\n<\/li>\n<\/ul>\n<h2 data-path-to-node=\"10\">\u2728 Pro\u010d si vybrat soukromou prohl\u00eddku?<\/h2>\n<p data-path-to-node=\"11\">Unikn\u011bte dav\u016fm a f\u00e1dn\u00edm program\u016fm. Za\u017eijte svou destinaci podle vlastn\u00edch p\u0159edstav s pr\u016fvodci Official Guides.<\/p>\n<h3 data-path-to-node=\"12\">V\u00fdhody soukrom\u00e9ho prov\u00e1zen\u00ed<\/h3>\n<ul data-path-to-node=\"13\">\n<li>\n<p data-path-to-node=\"13,0,0\"><b data-path-to-node=\"13,0,0\" data-index-in-node=\"0\">Itiner\u00e1\u0159e na m\u00edru:<\/b> Ka\u017ed\u00e1 prohl\u00eddka je p\u0159izp\u016fsobena va\u0161im osobn\u00edm z\u00e1jm\u016fm a v\u00e1\u0161n\u00edm.<\/p>\n<\/li>\n<li>\n<p data-path-to-node=\"13,1,0\"><b data-path-to-node=\"13,1,0\" data-index-in-node=\"0\">Licencovan\u00e1 odbornost:<\/b> Z\u00edskejte hlubok\u00e9 historick\u00e9 a kulturn\u00ed poznatky od profesion\u00e1ln\u00edch m\u00edstn\u00edch expert\u016f.<\/p>\n<\/li>\n<li>\n<p data-path-to-node=\"13,2,0\"><b data-path-to-node=\"13,2,0\" data-index-in-node=\"0\">\u00daspora \u010dasu:<\/b> P\u0159esko\u010dte dlouh\u00e9 fronty a maximalizujte sv\u016fj \u010das d\u00edky optimalizovan\u00fdm tras\u00e1m.<\/p>\n<\/li>\n<li>\n<p data-path-to-node=\"13,3,0\"><b data-path-to-node=\"13,3,0\" data-index-in-node=\"0\">Naprost\u00e1 flexibilita:<\/b> Tempo ur\u010dujete vy \u2013 z\u016fsta\u0148te d\u00e9le na sv\u00fdch obl\u00edben\u00fdch m\u00edstech nebo si ud\u011blejte spont\u00e1nn\u00ed p\u0159est\u00e1vku.<\/p>\n<\/li>\n<li>\n<p data-path-to-node=\"13,4,0\"><b data-path-to-node=\"13,4,0\" data-index-in-node=\"0\">Autentick\u00e9 objevy:<\/b> Prozkoumejte skryt\u00e9 drahokamy a &#8222;tajn\u00e1&#8220; m\u00edsta mimo turistick\u00e9 pasti.<\/p>\n<\/li>\n<\/ul>\n<p data-path-to-node=\"14\"><i data-path-to-node=\"14\" data-index-in-node=\"0\">Kvalita nad kvantitou. Ovl\u00e1dn\u011bte m\u011bsto b\u011bhem hodin, ne dn\u016f.<\/i><\/p>\n<h2 data-path-to-node=\"15\">\ud83c\udfdb\ufe0f Objevujte ikonick\u00e9 pam\u00e1tky s experty<\/h2>\n<p data-path-to-node=\"16\">Od starov\u011bk\u00fdch ruin a\u017e po modern\u00ed architektonick\u00e9 divy, OfficialGuides.com v\u00e1s spoj\u00ed se specialisty na nejnav\u0161t\u011bvovan\u011bj\u0161\u00edch m\u00edstech sv\u011bta, v\u010detn\u011b:<\/p>\n<ul data-path-to-node=\"17\">\n<li>\n<p data-path-to-node=\"17,0,0\"><b data-path-to-node=\"17,0,0\" data-index-in-node=\"0\">Pa\u0159\u00ed\u017e:<\/b> Detailn\u00ed proch\u00e1zky histori\u00ed um\u011bn\u00ed v Louvru, Versailles a na Montmartru.<\/p>\n<\/li>\n<li>\n<p data-path-to-node=\"17,1,0\"><b data-path-to-node=\"17,1,0\" data-index-in-node=\"0\">Istanbul:<\/b> Expertn\u00ed v\u00fdklady v Hagia Sophia, pal\u00e1ci Topkapi, Haremu, Modr\u00e9 me\u0161it\u011b, na Bosporu a Velk\u00e9m bazaru.<\/p>\n<\/li>\n<li>\n<p data-path-to-node=\"17,2,0\"><b data-path-to-node=\"17,2,0\" data-index-in-node=\"0\">Vatik\u00e1n a \u0158\u00edm:<\/b> Bazilika sv. Petra, Koloseum a Vatik\u00e1nsk\u00e1 muzea.<\/p>\n<\/li>\n<li>\n<p data-path-to-node=\"17,3,0\"><b data-path-to-node=\"17,3,0\" data-index-in-node=\"0\">Barcelona:<\/b> Architektonick\u00fd g\u00e9nius Sagrada Fam\u00edlia a Park G\u00fcell.<\/p>\n<\/li>\n<li>\n<p data-path-to-node=\"17,4,0\"><b data-path-to-node=\"17,4,0\" data-index-in-node=\"0\">At\u00e9ny:<\/b> Srdce starov\u011bk\u00e9ho \u0158ecka a velkolep\u00e1 Akropolis.<\/p>\n<\/li>\n<li>\n<p data-path-to-node=\"17,5,0\"><b data-path-to-node=\"17,5,0\" data-index-in-node=\"0\">Dubaj:<\/b> Modern\u00ed divy jako Burd\u017e Chal\u00edfa a prohl\u00eddky d\u011bdictv\u00ed star\u00e9 Dubaje.<\/p>\n<\/li>\n<\/ul>\n<p data-path-to-node=\"18\"><b data-path-to-node=\"18\" data-index-in-node=\"0\">A dal\u0161\u00ed destinace:<\/b> Lond\u00fdn, Kappadokie, Madrid, Florencie, Praha, Antalya, Lisabon, Amsterdam, Berl\u00edn, Stockholm, Bangkok, V\u00edde\u0148, Neapol, New York, Koda\u0148, Sevilla, Granada, Valencie, K\u00e1hira, Tokio.<\/p>\n<h2 data-path-to-node=\"19\">\ud83d\udcf2 Navr\u017eeno pro p\u0159\u00edmou komunikaci<\/h2>\n<p data-path-to-node=\"20\">V\u011b\u0159\u00edme, \u017ee nejlep\u0161\u00ed cestovn\u00ed pl\u00e1ny za\u010d\u00ednaj\u00ed rozhovorem. OfficialGuides.com umo\u017e\u0148uje okam\u017eitou komunikaci v re\u00e1ln\u00e9m \u010dase mezi v\u00e1mi a va\u0161\u00edm potenci\u00e1ln\u00edm pr\u016fvodcem. Pokl\u00e1dejte ot\u00e1zky, diskutujte o sv\u00fdch konkr\u00e9tn\u00edch z\u00e1jmech a finalizujte sv\u016fj itiner\u00e1\u0159 p\u0159\u00edmo s osobou, kter\u00e1 v\u00e1s bude m\u011bstem prov\u00e1zet. \u017d\u00e1dn\u00ed zprost\u0159edkovatel\u00e9, \u017e\u00e1dn\u00e9 skryt\u00e9 poplatky agentu\u0159e \u2013 pouze p\u0159\u00edm\u00e1 m\u00edstn\u00ed odbornost.<\/p>\n<h2 data-path-to-node=\"21\">\ud83c\udf0d P\u0159ipojte se k na\u0161\u00ed glob\u00e1ln\u00ed profesion\u00e1ln\u00ed s\u00edti<\/h2>\n<p data-path-to-node=\"22\">Jste licencovan\u00fd pr\u016fvodce? Neust\u00e1le roz\u0161i\u0159ujeme n\u00e1\u0161 dosah a jsme otev\u0159eni spolupr\u00e1ci s profesion\u00e1ln\u00edmi pr\u016fvodci mluv\u00edc\u00edmi jak\u00fdmkoli jazykem z cel\u00e9ho sv\u011bta. Pokud jste certifikovan\u00fd expert, kter\u00fd se chce spojit p\u0159\u00edmo s mezin\u00e1rodn\u00edmi cestovateli, OfficialGuides.com je va\u0161e platforma. P\u0159ipojte se k na\u0161\u00ed s\u00edti je\u0161t\u011b dnes.<\/p>\n<p data-path-to-node=\"23\"><i data-path-to-node=\"23\" data-index-in-node=\"0\"><strong>D\u016fle\u017eit\u00e1 pozn\u00e1mka:<\/strong> Official Guides je tr\u017ei\u0161t\u011b propojuj\u00edc\u00ed cestovatele s licencovan\u00fdmi pr\u016fvodci; nen\u00ed to cestovn\u00ed kancel\u00e1\u0159. P\u0159e\u010dt\u011bte si na\u0161e \u201e<a href=\"https:\/\/officialguides.com\/cs\/pravni-omezeni\/\" target=\"_blank\" rel=\"noopener\">Pr\u00e1vn\u00ed omezen\u00ed odpov\u011bdnosti<\/a>\u201c a \u201e<a href=\"https:\/\/officialguides.com\/cs\/zasady-ochrany-soukromi\/\" target=\"_blank\" rel=\"noopener\">Z\u00e1sady ochrany osobn\u00edch \u00fadaj\u016f<\/a>\u201c<\/i><\/p>\n","protected":false},"excerpt":{"rendered":"<p>OfficialGuides.com je specializovan\u00e1 platforma propojuj\u00edc\u00ed nez\u00e1visl\u00e9 cestovatele a skupiny s profesion\u00e1ln\u00edmi licencovan\u00fdmi pr\u016fvodci v p\u0159edn\u00edch sv\u011btov\u00fdch destinac\u00edch. Komunikujte v re\u00e1ln\u00e9m \u010dase a napl\u00e1nujte si sv\u016fj dokonal\u00fd v\u00fdlet ve v\u00edce ne\u017e 30 jazyc\u00edch. \ud83c\udf92 Vyberte si m\u011bsto a za\u010dn\u011bte svou cestu Prohl\u00e9dn\u011bte si n\u00e1\u0161 adres\u00e1\u0159 na OfficialGuides.com a najd\u011bte ide\u00e1ln\u00edho certifikovan\u00e9ho profesion\u00e1la pro sv\u00e9 p\u0159\u00ed\u0161t\u00ed dobrodru\u017estv\u00ed. &#8230; <a title=\"Spojte Se P\u0159\u00edmo S Ofici\u00e1ln\u00edmi Pr\u016fvodci Po Cel\u00e9m Sv\u011bt\u011b\" class=\"read-more\" href=\"https:\/\/officialguides.com\/cs\/\" aria-label=\"\u010c\u00edst v\u00edce o Spojte Se P\u0159\u00edmo S Ofici\u00e1ln\u00edmi Pr\u016fvodci Po Cel\u00e9m Sv\u011bt\u011b\">Read more<\/a><\/p>\n","protected":false},"author":3,"featured_media":397684,"parent":0,"menu_order":0,"comment_status":"closed","ping_status":"closed","template":"","meta":{"_acf_changed":false,"footnotes":""},"class_list":["post-40236","page","type-page","status-publish","has-post-thumbnail"],"acf":[],"yoast_head":"<!-- This site is optimized with the Yoast SEO plugin v27.4 - https:\/\/yoast.com\/product\/yoast-seo-wordpress\/ -->\n<title>Autorizovan\u00ed Pr\u016fvodci A Soukrom\u00e9 Prohl\u00eddky V \u010cesk\u00e9m Jazyce<\/title>\n<meta name=\"description\" content=\"Profesion\u00e1ln\u00ed a ofici\u00e1ln\u00ed pr\u016fvodci s licenc\u00ed po cel\u00e9m sv\u011bt\u011b a v \u010cesku, ve v\u0161ech jazyc\u00edch; prohl\u00eddky m\u011bsta, p\u011b\u0161\u00ed v\u00fdlety, v\u00fdlety na pob\u0159e\u017e\u00ed, pro mal\u00e9 skupiny a rodiny\" \/>\n<meta name=\"robots\" content=\"index, follow, max-snippet:-1, max-image-preview:large, max-video-preview:-1\" \/>\n<link rel=\"canonical\" href=\"https:\/\/officialguides.com\/cs\/\" \/>\n<meta property=\"og:locale\" content=\"cs_CZ\" \/>\n<meta property=\"og:type\" content=\"article\" \/>\n<meta property=\"og:title\" content=\"Autorizovan\u00ed Pr\u016fvodci A Soukrom\u00e9 Prohl\u00eddky V \u010cesk\u00e9m Jazyce\" \/>\n<meta property=\"og:description\" content=\"Profesion\u00e1ln\u00ed a ofici\u00e1ln\u00ed pr\u016fvodci s licenc\u00ed po cel\u00e9m sv\u011bt\u011b a v \u010cesku, ve v\u0161ech jazyc\u00edch; prohl\u00eddky m\u011bsta, p\u011b\u0161\u00ed v\u00fdlety, v\u00fdlety na pob\u0159e\u017e\u00ed, pro mal\u00e9 skupiny a rodiny\" \/>\n<meta property=\"og:url\" content=\"https:\/\/officialguides.com\/cs\/\" \/>\n<meta property=\"og:site_name\" content=\"Find Your Private Tour Guide Around The World!\" \/>\n<meta property=\"article:modified_time\" content=\"2026-02-01T17:38:16+00:00\" \/>\n<meta property=\"og:image\" content=\"https:\/\/officialguides.com\/wp-content\/uploads\/2026\/01\/private-tours-and-guides.jpg\" \/>\n\t<meta property=\"og:image:width\" content=\"1024\" \/>\n\t<meta property=\"og:image:height\" content=\"523\" \/>\n\t<meta property=\"og:image:type\" content=\"image\/jpeg\" \/>\n<meta name=\"twitter:card\" content=\"summary_large_image\" \/>\n<meta name=\"twitter:label1\" content=\"Odhadovan\u00e1 doba \u010dten\u00ed\" \/>\n\t<meta name=\"twitter:data1\" content=\"4 minuty\" \/>\n<script type=\"application\/ld+json\" class=\"yoast-schema-graph\">{\"@context\":\"https:\\\/\\\/schema.org\",\"@graph\":[{\"@type\":\"WebPage\",\"@id\":\"https:\\\/\\\/officialguides.com\\\/cs\\\/\",\"url\":\"https:\\\/\\\/officialguides.com\\\/cs\\\/\",\"name\":\"Autorizovan\u00ed Pr\u016fvodci A Soukrom\u00e9 Prohl\u00eddky V \u010cesk\u00e9m Jazyce\",\"isPartOf\":{\"@id\":\"https:\\\/\\\/officialguides.com\\\/cs\\\/#website\"},\"primaryImageOfPage\":{\"@id\":\"https:\\\/\\\/officialguides.com\\\/cs\\\/#primaryimage\"},\"image\":{\"@id\":\"https:\\\/\\\/officialguides.com\\\/cs\\\/#primaryimage\"},\"thumbnailUrl\":\"https:\\\/\\\/officialguides.com\\\/wp-content\\\/uploads\\\/2026\\\/01\\\/private-tours-and-guides.jpg\",\"datePublished\":\"2020-05-13T19:39:24+00:00\",\"dateModified\":\"2026-02-01T17:38:16+00:00\",\"description\":\"Profesion\u00e1ln\u00ed a ofici\u00e1ln\u00ed pr\u016fvodci s licenc\u00ed po cel\u00e9m sv\u011bt\u011b a v \u010cesku, ve v\u0161ech jazyc\u00edch; prohl\u00eddky m\u011bsta, p\u011b\u0161\u00ed v\u00fdlety, v\u00fdlety na pob\u0159e\u017e\u00ed, pro mal\u00e9 skupiny a rodiny\",\"breadcrumb\":{\"@id\":\"https:\\\/\\\/officialguides.com\\\/cs\\\/#breadcrumb\"},\"inLanguage\":\"cs\",\"potentialAction\":[{\"@type\":\"ReadAction\",\"target\":[\"https:\\\/\\\/officialguides.com\\\/cs\\\/\"]}]},{\"@type\":\"ImageObject\",\"inLanguage\":\"cs\",\"@id\":\"https:\\\/\\\/officialguides.com\\\/cs\\\/#primaryimage\",\"url\":\"https:\\\/\\\/officialguides.com\\\/wp-content\\\/uploads\\\/2026\\\/01\\\/private-tours-and-guides.jpg\",\"contentUrl\":\"https:\\\/\\\/officialguides.com\\\/wp-content\\\/uploads\\\/2026\\\/01\\\/private-tours-and-guides.jpg\",\"width\":1024,\"height\":523,\"caption\":\"Certifikovan\u00e1 pr\u016fvodkyn\u011b s licen\u010dn\u00edm odznakem ukazuje a vypr\u00e1v\u00ed rodin\u011b p\u0159ed Koloseem v \u0158\u00edm\u011b.\"},{\"@type\":\"BreadcrumbList\",\"@id\":\"https:\\\/\\\/officialguides.com\\\/cs\\\/#breadcrumb\",\"itemListElement\":[{\"@type\":\"ListItem\",\"position\":1,\"name\":\"Home\",\"item\":\"https:\\\/\\\/officialguides.com\\\/cs\\\/\"},{\"@type\":\"ListItem\",\"position\":2,\"name\":\"Spojte Se P\u0159\u00edmo S Ofici\u00e1ln\u00edmi Pr\u016fvodci Po Cel\u00e9m Sv\u011bt\u011b\"}]},{\"@type\":\"WebSite\",\"@id\":\"https:\\\/\\\/officialguides.com\\\/cs\\\/#website\",\"url\":\"https:\\\/\\\/officialguides.com\\\/cs\\\/\",\"name\":\"Official Tour Guides Around The World! Istanbul, Paris, Rome, Dubai...\",\"description\":\"Explore cities and popular destinations with professional, official, certified tour guides\",\"alternateName\":\"Official Guides\",\"potentialAction\":[{\"@type\":\"SearchAction\",\"target\":{\"@type\":\"EntryPoint\",\"urlTemplate\":\"https:\\\/\\\/officialguides.com\\\/cs\\\/?s={search_term_string}\"},\"query-input\":{\"@type\":\"PropertyValueSpecification\",\"valueRequired\":true,\"valueName\":\"search_term_string\"}}],\"inLanguage\":\"cs\"}]}<\/script>\n<!-- \/ Yoast SEO plugin. -->","yoast_head_json":{"title":"Autorizovan\u00ed Pr\u016fvodci A Soukrom\u00e9 Prohl\u00eddky V \u010cesk\u00e9m Jazyce","description":"Profesion\u00e1ln\u00ed a ofici\u00e1ln\u00ed pr\u016fvodci s licenc\u00ed po cel\u00e9m sv\u011bt\u011b a v \u010cesku, ve v\u0161ech jazyc\u00edch; prohl\u00eddky m\u011bsta, p\u011b\u0161\u00ed v\u00fdlety, v\u00fdlety na pob\u0159e\u017e\u00ed, pro mal\u00e9 skupiny a rodiny","robots":{"index":"index","follow":"follow","max-snippet":"max-snippet:-1","max-image-preview":"max-image-preview:large","max-video-preview":"max-video-preview:-1"},"canonical":"https:\/\/officialguides.com\/cs\/","og_locale":"cs_CZ","og_type":"article","og_title":"Autorizovan\u00ed Pr\u016fvodci A Soukrom\u00e9 Prohl\u00eddky V \u010cesk\u00e9m Jazyce","og_description":"Profesion\u00e1ln\u00ed a ofici\u00e1ln\u00ed pr\u016fvodci s licenc\u00ed po cel\u00e9m sv\u011bt\u011b a v \u010cesku, ve v\u0161ech jazyc\u00edch; prohl\u00eddky m\u011bsta, p\u011b\u0161\u00ed v\u00fdlety, v\u00fdlety na pob\u0159e\u017e\u00ed, pro mal\u00e9 skupiny a rodiny","og_url":"https:\/\/officialguides.com\/cs\/","og_site_name":"Find Your Private Tour Guide Around The World!","article_modified_time":"2026-02-01T17:38:16+00:00","og_image":[{"width":1024,"height":523,"url":"https:\/\/officialguides.com\/wp-content\/uploads\/2026\/01\/private-tours-and-guides.jpg","type":"image\/jpeg"}],"twitter_card":"summary_large_image","twitter_misc":{"Odhadovan\u00e1 doba \u010dten\u00ed":"4 minuty"},"schema":{"@context":"https:\/\/schema.org","@graph":[{"@type":"WebPage","@id":"https:\/\/officialguides.com\/cs\/","url":"https:\/\/officialguides.com\/cs\/","name":"Autorizovan\u00ed Pr\u016fvodci A Soukrom\u00e9 Prohl\u00eddky V \u010cesk\u00e9m Jazyce","isPartOf":{"@id":"https:\/\/officialguides.com\/cs\/#website"},"primaryImageOfPage":{"@id":"https:\/\/officialguides.com\/cs\/#primaryimage"},"image":{"@id":"https:\/\/officialguides.com\/cs\/#primaryimage"},"thumbnailUrl":"https:\/\/officialguides.com\/wp-content\/uploads\/2026\/01\/private-tours-and-guides.jpg","datePublished":"2020-05-13T19:39:24+00:00","dateModified":"2026-02-01T17:38:16+00:00","description":"Profesion\u00e1ln\u00ed a ofici\u00e1ln\u00ed pr\u016fvodci s licenc\u00ed po cel\u00e9m sv\u011bt\u011b a v \u010cesku, ve v\u0161ech jazyc\u00edch; prohl\u00eddky m\u011bsta, p\u011b\u0161\u00ed v\u00fdlety, v\u00fdlety na pob\u0159e\u017e\u00ed, pro mal\u00e9 skupiny a rodiny","breadcrumb":{"@id":"https:\/\/officialguides.com\/cs\/#breadcrumb"},"inLanguage":"cs","potentialAction":[{"@type":"ReadAction","target":["https:\/\/officialguides.com\/cs\/"]}]},{"@type":"ImageObject","inLanguage":"cs","@id":"https:\/\/officialguides.com\/cs\/#primaryimage","url":"https:\/\/officialguides.com\/wp-content\/uploads\/2026\/01\/private-tours-and-guides.jpg","contentUrl":"https:\/\/officialguides.com\/wp-content\/uploads\/2026\/01\/private-tours-and-guides.jpg","width":1024,"height":523,"caption":"Certifikovan\u00e1 pr\u016fvodkyn\u011b s licen\u010dn\u00edm odznakem ukazuje a vypr\u00e1v\u00ed rodin\u011b p\u0159ed Koloseem v \u0158\u00edm\u011b."},{"@type":"BreadcrumbList","@id":"https:\/\/officialguides.com\/cs\/#breadcrumb","itemListElement":[{"@type":"ListItem","position":1,"name":"Home","item":"https:\/\/officialguides.com\/cs\/"},{"@type":"ListItem","position":2,"name":"Spojte Se P\u0159\u00edmo S Ofici\u00e1ln\u00edmi Pr\u016fvodci Po Cel\u00e9m Sv\u011bt\u011b"}]},{"@type":"WebSite","@id":"https:\/\/officialguides.com\/cs\/#website","url":"https:\/\/officialguides.com\/cs\/","name":"Official Tour Guides Around The World! Istanbul, Paris, Rome, Dubai...","description":"Explore cities and popular destinations with professional, official, certified tour guides","alternateName":"Official Guides","potentialAction":[{"@type":"SearchAction","target":{"@type":"EntryPoint","urlTemplate":"https:\/\/officialguides.com\/cs\/?s={search_term_string}"},"query-input":{"@type":"PropertyValueSpecification","valueRequired":true,"valueName":"search_term_string"}}],"inLanguage":"cs"}]}},"_links":{"self":[{"href":"https:\/\/officialguides.com\/cs\/wp-json\/wp\/v2\/pages\/40236","targetHints":{"allow":["GET"]}}],"collection":[{"href":"https:\/\/officialguides.com\/cs\/wp-json\/wp\/v2\/pages"}],"about":[{"href":"https:\/\/officialguides.com\/cs\/wp-json\/wp\/v2\/types\/page"}],"author":[{"embeddable":true,"href":"https:\/\/officialguides.com\/cs\/wp-json\/wp\/v2\/users\/3"}],"replies":[{"embeddable":true,"href":"https:\/\/officialguides.com\/cs\/wp-json\/wp\/v2\/comments?post=40236"}],"version-history":[{"count":41,"href":"https:\/\/officialguides.com\/cs\/wp-json\/wp\/v2\/pages\/40236\/revisions"}],"predecessor-version":[{"id":398130,"href":"https:\/\/officialguides.com\/cs\/wp-json\/wp\/v2\/pages\/40236\/revisions\/398130"}],"wp:featuredmedia":[{"embeddable":true,"href":"https:\/\/officialguides.com\/cs\/wp-json\/wp\/v2\/media\/397684"}],"wp:attachment":[{"href":"https:\/\/officialguides.com\/cs\/wp-json\/wp\/v2\/media?parent=40236"}],"curies":[{"name":"wp","href":"https:\/\/api.w.org\/{rel}","templated":true}]}}