{"id":397925,"date":"2026-01-30T21:32:49","date_gmt":"2026-01-30T18:32:49","guid":{"rendered":"https:\/\/officialguides.com\/zasady-ochrany-soukromi\/"},"modified":"2026-01-30T21:32:49","modified_gmt":"2026-01-30T18:32:49","slug":"zasady-ochrany-soukromi","status":"publish","type":"page","link":"https:\/\/officialguides.com\/cs\/zasady-ochrany-soukromi\/","title":{"rendered":"Z\u00e1sady ochrany osobn\u00edch \u00fadaj\u016f"},"content":{"rendered":"<h2 data-path-to-node=\"56\">1. Spr\u00e1vce \u00fadaj\u016f<\/h2>\n<p data-path-to-node=\"57\">Spr\u00e1vcem \u00fadaj\u016f pro tento web je <b data-path-to-node=\"57\" data-index-in-node=\"32\">OfficialGuides.com<\/b>. V p\u0159\u00edpad\u011b jak\u00fdchkoli dotaz\u016f t\u00fdkaj\u00edc\u00edch se va\u0161ich osobn\u00edch \u00fadaj\u016f n\u00e1s m\u016f\u017eete kontaktovat na adrese: <b data-path-to-node=\"57\" data-index-in-node=\"150\">info@officialguides.com<\/b>.<\/p>\n<h2 data-path-to-node=\"58\">2. Informace, kter\u00e9 shroma\u017e\u010fujeme<\/h2>\n<p data-path-to-node=\"59\">Shroma\u017e\u010fujeme pouze nezbytn\u00e9 informace k usnadn\u011bn\u00ed spojen\u00ed mezi cestovateli a pr\u016fvodci:<\/p>\n<ul data-path-to-node=\"60\">\n<li>\n<p data-path-to-node=\"60,0,0\"><b data-path-to-node=\"60,0,0\" data-index-in-node=\"0\">Pro cestovatele:<\/b> Jm\u00e9no, e-mailov\u00e1 adresa a telefonn\u00ed \u010d\u00edslo.<\/p>\n<\/li>\n<li>\n<p data-path-to-node=\"60,1,0\"><b data-path-to-node=\"60,1,0\" data-index-in-node=\"0\">Pro pr\u016fvodce:<\/b> Jm\u00e9no, e-mail, telefonn\u00ed \u010d\u00edslo, profilov\u00e1 fotografie, biografie a dokumenty o odborn\u00e9 licenci (v p\u0159\u00edslu\u0161n\u00fdch p\u0159\u00edpadech).<\/p>\n<\/li>\n<\/ul>\n<h2 data-path-to-node=\"61\">3. Jak pou\u017e\u00edv\u00e1me a sd\u00edl\u00edme va\u0161e \u00fadaje<\/h2>\n<p data-path-to-node=\"62\">OfficialGuides.com funguje jako tr\u017ei\u0161t\u011b (marketplace). Va\u0161e \u00fadaje jsou zpracov\u00e1v\u00e1ny n\u00e1sledovn\u011b:<\/p>\n<ul data-path-to-node=\"63\">\n<li>\n<p data-path-to-node=\"63,0,0\"><b data-path-to-node=\"63,0,0\" data-index-in-node=\"0\">Interakce na platform\u011b:<\/b> Po\u010d\u00e1te\u010dn\u00ed komunikace mezi cestovateli a pr\u016fvodci prob\u00edh\u00e1 prost\u0159ednictv\u00edm na\u0161eho intern\u00edho syst\u00e9mu.<\/p>\n<\/li>\n<li>\n<p data-path-to-node=\"63,1,0\"><b data-path-to-node=\"63,1,0\" data-index-in-node=\"0\">Sd\u00edlen\u00ed kontakt\u016f:<\/b> V\u00e1\u0161 e-mail a telefon <b data-path-to-node=\"63,1,0\" data-index-in-node=\"39\">nejsou<\/b> sd\u00edleny, dokud u\u017eivatel v\u00fdslovn\u011b neklikne na tla\u010d\u00edtko <b data-path-to-node=\"63,1,0\" data-index-in-node=\"100\">\u201ePotvrdit\u201c (Confirm)<\/b>. T\u00edmto \u00fakonem dobrovoln\u011b souhlas\u00edte se sd\u00edlen\u00edm sv\u00fdch kontaktn\u00edch \u00fadaj\u016f s druhou stranou.<\/p>\n<\/li>\n<li>\n<p data-path-to-node=\"63,2,0\"><b data-path-to-node=\"63,2,0\" data-index-in-node=\"0\">Analytika:<\/b> Pou\u017e\u00edv\u00e1me <b data-path-to-node=\"63,2,0\" data-index-in-node=\"21\">Google Analytics<\/b> k anonymn\u00edmu sledov\u00e1n\u00ed n\u00e1v\u0161t\u011bvnosti webu.<\/p>\n<\/li>\n<li>\n<p data-path-to-node=\"63,3,0\"><b data-path-to-node=\"63,3,0\" data-index-in-node=\"0\">\u017d\u00e1dn\u00e9 platby:<\/b> Neshroma\u017e\u010fujeme ani neukl\u00e1d\u00e1me \u00fadaje o platebn\u00edch kart\u00e1ch, proto\u017ee na na\u0161\u00ed platform\u011b neprob\u00edhaj\u00ed \u017e\u00e1dn\u00e9 platby.<\/p>\n<\/li>\n<\/ul>\n<h2 data-path-to-node=\"64\">4. Uchov\u00e1v\u00e1n\u00ed \u00fadaj\u016f<\/h2>\n<p data-path-to-node=\"65\">Va\u0161e osobn\u00ed \u00fadaje uchov\u00e1v\u00e1me po dobu <b data-path-to-node=\"65\" data-index-in-node=\"37\">1 roku<\/b> od uzav\u0159en\u00ed va\u0161eho \u00fa\u010dtu. Po uplynut\u00ed t\u00e9to doby jsou va\u0161e \u00fadaje trvale smaz\u00e1ny.<\/p>\n<h2 data-path-to-node=\"66\">5. Va\u0161e pr\u00e1va<\/h2>\n<p data-path-to-node=\"67\">M\u00e1te pr\u00e1vo na p\u0159\u00edstup ke sv\u00fdm osobn\u00edm \u00fadaj\u016fm, jejich opravu nebo vymaz\u00e1n\u00ed. Pro uplatn\u011bn\u00ed t\u011bchto pr\u00e1v n\u00e1s pros\u00edm kontaktujte na <b data-path-to-node=\"67\" data-index-in-node=\"127\">info@officialguides.com<\/b>.<\/p>\n","protected":false},"excerpt":{"rendered":"<p>1. Spr\u00e1vce \u00fadaj\u016f Spr\u00e1vcem \u00fadaj\u016f pro tento web je OfficialGuides.com. V p\u0159\u00edpad\u011b jak\u00fdchkoli dotaz\u016f t\u00fdkaj\u00edc\u00edch se va\u0161ich osobn\u00edch \u00fadaj\u016f n\u00e1s m\u016f\u017eete kontaktovat na adrese: info@officialguides.com. 2. Informace, kter\u00e9 shroma\u017e\u010fujeme Shroma\u017e\u010fujeme pouze nezbytn\u00e9 informace k usnadn\u011bn\u00ed spojen\u00ed mezi cestovateli a pr\u016fvodci: Pro cestovatele: Jm\u00e9no, e-mailov\u00e1 adresa a telefonn\u00ed \u010d\u00edslo. Pro pr\u016fvodce: Jm\u00e9no, e-mail, telefonn\u00ed \u010d\u00edslo, profilov\u00e1 &#8230; <a title=\"Z\u00e1sady ochrany osobn\u00edch \u00fadaj\u016f\" class=\"read-more\" href=\"https:\/\/officialguides.com\/cs\/zasady-ochrany-soukromi\/\" aria-label=\"\u010c\u00edst v\u00edce o Z\u00e1sady ochrany osobn\u00edch \u00fadaj\u016f\">Read more<\/a><\/p>\n","protected":false},"author":3,"featured_media":0,"parent":0,"menu_order":0,"comment_status":"closed","ping_status":"closed","template":"","meta":{"_acf_changed":false,"footnotes":""},"class_list":["post-397925","page","type-page","status-publish"],"acf":[],"yoast_head":"<!-- This site is optimized with the Yoast SEO plugin v27.5 - https:\/\/yoast.com\/product\/yoast-seo-wordpress\/ -->\n<title>Z\u00e1sady ochrany osobn\u00edch \u00fadaj\u016f | OfficialGuides.com<\/title>\n<meta name=\"description\" content=\"P\u0159e\u010dt\u011bte si, jak OfficialGuides.com chr\u00e1n\u00ed va\u0161e osobn\u00ed \u00fadaje. Transparentn\u00ed informace o soukrom\u00ed pro cestovatele a licencovan\u00e9 pr\u016fvodce.\" \/>\n<meta name=\"robots\" content=\"index, follow, max-snippet:-1, max-image-preview:large, max-video-preview:-1\" \/>\n<link rel=\"canonical\" href=\"https:\/\/officialguides.com\/cs\/zasady-ochrany-soukromi\/\" \/>\n<meta property=\"og:locale\" content=\"cs_CZ\" \/>\n<meta property=\"og:type\" content=\"article\" \/>\n<meta property=\"og:title\" content=\"Z\u00e1sady ochrany osobn\u00edch \u00fadaj\u016f | OfficialGuides.com\" \/>\n<meta property=\"og:description\" content=\"P\u0159e\u010dt\u011bte si, jak OfficialGuides.com chr\u00e1n\u00ed va\u0161e osobn\u00ed \u00fadaje. Transparentn\u00ed informace o soukrom\u00ed pro cestovatele a licencovan\u00e9 pr\u016fvodce.\" \/>\n<meta property=\"og:url\" content=\"https:\/\/officialguides.com\/cs\/zasady-ochrany-soukromi\/\" \/>\n<meta property=\"og:site_name\" content=\"Find Your Private Tour Guide Around The World!\" \/>\n<meta name=\"twitter:card\" content=\"summary_large_image\" \/>\n<meta name=\"twitter:label1\" content=\"Odhadovan\u00e1 doba \u010dten\u00ed\" \/>\n\t<meta name=\"twitter:data1\" content=\"1 minuta\" \/>\n<script type=\"application\/ld+json\" class=\"yoast-schema-graph\">{\"@context\":\"https:\\\/\\\/schema.org\",\"@graph\":[{\"@type\":\"WebPage\",\"@id\":\"https:\\\/\\\/officialguides.com\\\/cs\\\/zasady-ochrany-soukromi\\\/\",\"url\":\"https:\\\/\\\/officialguides.com\\\/cs\\\/zasady-ochrany-soukromi\\\/\",\"name\":\"Z\u00e1sady ochrany osobn\u00edch \u00fadaj\u016f | OfficialGuides.com\",\"isPartOf\":{\"@id\":\"https:\\\/\\\/officialguides.com\\\/cs\\\/#website\"},\"datePublished\":\"2026-01-30T18:32:49+00:00\",\"description\":\"P\u0159e\u010dt\u011bte si, jak OfficialGuides.com chr\u00e1n\u00ed va\u0161e osobn\u00ed \u00fadaje. Transparentn\u00ed informace o soukrom\u00ed pro cestovatele a licencovan\u00e9 pr\u016fvodce.\",\"breadcrumb\":{\"@id\":\"https:\\\/\\\/officialguides.com\\\/cs\\\/zasady-ochrany-soukromi\\\/#breadcrumb\"},\"inLanguage\":\"cs\",\"potentialAction\":[{\"@type\":\"ReadAction\",\"target\":[\"https:\\\/\\\/officialguides.com\\\/cs\\\/zasady-ochrany-soukromi\\\/\"]}]},{\"@type\":\"BreadcrumbList\",\"@id\":\"https:\\\/\\\/officialguides.com\\\/cs\\\/zasady-ochrany-soukromi\\\/#breadcrumb\",\"itemListElement\":[{\"@type\":\"ListItem\",\"position\":1,\"name\":\"Home\",\"item\":\"https:\\\/\\\/officialguides.com\\\/cs\\\/\"},{\"@type\":\"ListItem\",\"position\":2,\"name\":\"Z\u00e1sady ochrany osobn\u00edch \u00fadaj\u016f\"}]},{\"@type\":\"WebSite\",\"@id\":\"https:\\\/\\\/officialguides.com\\\/cs\\\/#website\",\"url\":\"https:\\\/\\\/officialguides.com\\\/cs\\\/\",\"name\":\"Official Tour Guides Around The World! Istanbul, Paris, Rome, Dubai...\",\"description\":\"Explore cities and popular destinations with professional, official, certified tour guides\",\"alternateName\":\"Official Guides\",\"potentialAction\":[{\"@type\":\"SearchAction\",\"target\":{\"@type\":\"EntryPoint\",\"urlTemplate\":\"https:\\\/\\\/officialguides.com\\\/cs\\\/?s={search_term_string}\"},\"query-input\":{\"@type\":\"PropertyValueSpecification\",\"valueRequired\":true,\"valueName\":\"search_term_string\"}}],\"inLanguage\":\"cs\"}]}<\/script>\n<!-- \/ Yoast SEO plugin. -->","yoast_head_json":{"title":"Z\u00e1sady ochrany osobn\u00edch \u00fadaj\u016f | OfficialGuides.com","description":"P\u0159e\u010dt\u011bte si, jak OfficialGuides.com chr\u00e1n\u00ed va\u0161e osobn\u00ed \u00fadaje. Transparentn\u00ed informace o soukrom\u00ed pro cestovatele a licencovan\u00e9 pr\u016fvodce.","robots":{"index":"index","follow":"follow","max-snippet":"max-snippet:-1","max-image-preview":"max-image-preview:large","max-video-preview":"max-video-preview:-1"},"canonical":"https:\/\/officialguides.com\/cs\/zasady-ochrany-soukromi\/","og_locale":"cs_CZ","og_type":"article","og_title":"Z\u00e1sady ochrany osobn\u00edch \u00fadaj\u016f | OfficialGuides.com","og_description":"P\u0159e\u010dt\u011bte si, jak OfficialGuides.com chr\u00e1n\u00ed va\u0161e osobn\u00ed \u00fadaje. Transparentn\u00ed informace o soukrom\u00ed pro cestovatele a licencovan\u00e9 pr\u016fvodce.","og_url":"https:\/\/officialguides.com\/cs\/zasady-ochrany-soukromi\/","og_site_name":"Find Your Private Tour Guide Around The World!","twitter_card":"summary_large_image","twitter_misc":{"Odhadovan\u00e1 doba \u010dten\u00ed":"1 minuta"},"schema":{"@context":"https:\/\/schema.org","@graph":[{"@type":"WebPage","@id":"https:\/\/officialguides.com\/cs\/zasady-ochrany-soukromi\/","url":"https:\/\/officialguides.com\/cs\/zasady-ochrany-soukromi\/","name":"Z\u00e1sady ochrany osobn\u00edch \u00fadaj\u016f | OfficialGuides.com","isPartOf":{"@id":"https:\/\/officialguides.com\/cs\/#website"},"datePublished":"2026-01-30T18:32:49+00:00","description":"P\u0159e\u010dt\u011bte si, jak OfficialGuides.com chr\u00e1n\u00ed va\u0161e osobn\u00ed \u00fadaje. Transparentn\u00ed informace o soukrom\u00ed pro cestovatele a licencovan\u00e9 pr\u016fvodce.","breadcrumb":{"@id":"https:\/\/officialguides.com\/cs\/zasady-ochrany-soukromi\/#breadcrumb"},"inLanguage":"cs","potentialAction":[{"@type":"ReadAction","target":["https:\/\/officialguides.com\/cs\/zasady-ochrany-soukromi\/"]}]},{"@type":"BreadcrumbList","@id":"https:\/\/officialguides.com\/cs\/zasady-ochrany-soukromi\/#breadcrumb","itemListElement":[{"@type":"ListItem","position":1,"name":"Home","item":"https:\/\/officialguides.com\/cs\/"},{"@type":"ListItem","position":2,"name":"Z\u00e1sady ochrany osobn\u00edch \u00fadaj\u016f"}]},{"@type":"WebSite","@id":"https:\/\/officialguides.com\/cs\/#website","url":"https:\/\/officialguides.com\/cs\/","name":"Official Tour Guides Around The World! Istanbul, Paris, Rome, Dubai...","description":"Explore cities and popular destinations with professional, official, certified tour guides","alternateName":"Official Guides","potentialAction":[{"@type":"SearchAction","target":{"@type":"EntryPoint","urlTemplate":"https:\/\/officialguides.com\/cs\/?s={search_term_string}"},"query-input":{"@type":"PropertyValueSpecification","valueRequired":true,"valueName":"search_term_string"}}],"inLanguage":"cs"}]}},"_links":{"self":[{"href":"https:\/\/officialguides.com\/cs\/wp-json\/wp\/v2\/pages\/397925","targetHints":{"allow":["GET"]}}],"collection":[{"href":"https:\/\/officialguides.com\/cs\/wp-json\/wp\/v2\/pages"}],"about":[{"href":"https:\/\/officialguides.com\/cs\/wp-json\/wp\/v2\/types\/page"}],"author":[{"embeddable":true,"href":"https:\/\/officialguides.com\/cs\/wp-json\/wp\/v2\/users\/3"}],"replies":[{"embeddable":true,"href":"https:\/\/officialguides.com\/cs\/wp-json\/wp\/v2\/comments?post=397925"}],"version-history":[{"count":0,"href":"https:\/\/officialguides.com\/cs\/wp-json\/wp\/v2\/pages\/397925\/revisions"}],"wp:attachment":[{"href":"https:\/\/officialguides.com\/cs\/wp-json\/wp\/v2\/media?parent=397925"}],"curies":[{"name":"wp","href":"https:\/\/api.w.org\/{rel}","templated":true}]}}