{"id":394746,"date":"2025-04-18T19:05:43","date_gmt":"2025-04-18T16:05:43","guid":{"rendered":"https:\/\/officialguides.com\/medicinsky-turismus\/"},"modified":"2025-04-18T19:05:43","modified_gmt":"2025-04-18T16:05:43","slug":"medicinsky-turismus","status":"publish","type":"page","link":"https:\/\/officialguides.com\/cs\/medicinsky-turismus\/","title":{"rendered":"Medic\u00ednsk\u00fd Turismus"},"content":{"rendered":"<h2 class=\"\" data-start=\"504\" data-end=\"543\">\ud83c\udf0d Mezin\u00e1rodn\u00ed Zdravotn\u00ed Turistika<\/h2>\n<p class=\"\" data-start=\"544\" data-end=\"642\"><strong data-start=\"544\" data-end=\"642\">Objevte d\u016fv\u011bryhodn\u00e9 destinace zdravotn\u00ed turistiky s ov\u011b\u0159en\u00fdmi informacemi a kulturn\u00edmi z\u00e1\u017eitky<\/strong><\/p>\n<p class=\"\" data-start=\"644\" data-end=\"821\">V\u00edtejte na platform\u011b zam\u011b\u0159en\u00e9 na objevov\u00e1n\u00ed nejuzn\u00e1van\u011bj\u0161\u00edch destinac\u00ed <strong data-start=\"715\" data-end=\"750\">mezin\u00e1rodn\u00ed zdravotn\u00ed turistiky<\/strong>, kde se \u0161pi\u010dkov\u00e1 zdravotn\u00ed p\u00e9\u010de spojuje s bohat\u00fdmi kulturn\u00edmi z\u00e1\u017eitky.<\/p>\n<p class=\"\" data-start=\"823\" data-end=\"1099\">Na <strong data-start=\"826\" data-end=\"848\">officialguides.com<\/strong> poskytujeme obecn\u00e9 informace o <strong data-start=\"880\" data-end=\"945\">klinik\u00e1ch a nemocnic\u00edch, kter\u00e9 p\u0159ij\u00edmaj\u00ed mezin\u00e1rodn\u00ed pacienty<\/strong>. Sami nenab\u00edz\u00edme l\u00e9ka\u0159sk\u00e9 slu\u017eby, ale pom\u00e1h\u00e1me v\u00e1m naj\u00edt d\u016fv\u011bryhodn\u00e1 za\u0159\u00edzen\u00ed v zahrani\u010d\u00ed a z\u00e1rove\u0148 obohatit va\u0161i cestu o kulturn\u00ed a turistick\u00e9 mo\u017enosti.<\/p>\n<hr class=\"\" data-start=\"1101\" data-end=\"1104\" \/>\n<h3 class=\"\" data-start=\"1106\" data-end=\"1145\">Pro\u010d si zvolit zdravotn\u00ed turistiku?<\/h3>\n<p class=\"\" data-start=\"1147\" data-end=\"1238\">Ka\u017edoro\u010dn\u011b se miliony lid\u00ed rozhoduj\u00ed pro l\u00e9ka\u0159skou p\u00e9\u010di v zahrani\u010d\u00ed z n\u00e1sleduj\u00edc\u00edch d\u016fvod\u016f:<\/p>\n<ul>\n<li data-start=\"1242\" data-end=\"1301\">\ud83c\udfe5 P\u0159\u00edstup k akreditovan\u00fdm klinik\u00e1m a zku\u0161en\u00fdm odborn\u00edk\u016fm<\/li>\n<li data-start=\"1304\" data-end=\"1348\">\ud83d\udcb0 Ni\u017e\u0161\u00ed n\u00e1klady ve srovn\u00e1n\u00ed s dom\u00e1c\u00ed zem\u00ed<\/li>\n<li data-start=\"1351\" data-end=\"1375\">\ud83d\udcc6 Krat\u0161\u00ed \u010dekac\u00ed lh\u016fty<\/li>\n<li data-start=\"1378\" data-end=\"1415\">\u2708\ufe0f Mo\u017enost spojit l\u00e9\u010dbu s dovolenou<\/li>\n<li data-start=\"1418\" data-end=\"1454\">\ud83d\udcac V\u00edcejazy\u010dn\u00fd a vst\u0159\u00edcn\u00fd person\u00e1l<\/li>\n<\/ul>\n<p class=\"\" data-start=\"1456\" data-end=\"1579\">Pom\u00e1h\u00e1me v\u00e1m objevit <strong data-start=\"1477\" data-end=\"1579\">destinace, kter\u00e9 jsou zn\u00e1m\u00e9 vysokou \u00farovn\u00ed zdravotnictv\u00ed a vst\u0159\u00edcnost\u00ed v\u016f\u010di zahrani\u010dn\u00edm pacient\u016fm.<\/strong><\/p>\n<hr class=\"\" data-start=\"1581\" data-end=\"1584\" \/>\n<h3 class=\"\" data-start=\"1586\" data-end=\"1629\">Jak\u00e9 l\u00e9\u010dby jsou nej\u010dast\u011bji vyhled\u00e1v\u00e1ny?<\/h3>\n<p class=\"\" data-start=\"1631\" data-end=\"1692\">Na na\u0161em webu naleznete zem\u011b, kde pacienti \u010dasto vyhled\u00e1vaj\u00ed:<\/p>\n<ul>\n<li data-start=\"1696\" data-end=\"1761\">\u2705 <strong data-start=\"1698\" data-end=\"1724\">Stomatologick\u00e9 z\u00e1kroky<\/strong> (implant\u00e1ty, fazety, n\u00e1vrh \u00fasm\u011bvu)<\/li>\n<li data-start=\"1764\" data-end=\"1805\">\u2705 <strong data-start=\"1766\" data-end=\"1803\">Plastickou a estetickou chirurgii<\/strong><\/li>\n<li data-start=\"1808\" data-end=\"1835\">\u2705 <strong data-start=\"1810\" data-end=\"1833\">Transplantaci vlas\u016f<\/strong><\/li>\n<li data-start=\"1838\" data-end=\"1869\">\u2705 <strong data-start=\"1840\" data-end=\"1867\">L\u00e9\u010dbu neplodnosti (IVF)<\/strong><\/li>\n<li data-start=\"1872\" data-end=\"1909\">\u2705 <strong data-start=\"1874\" data-end=\"1907\">Ortopedick\u00e9 a p\u00e1te\u0159n\u00ed operace<\/strong><\/li>\n<li data-start=\"1912\" data-end=\"1958\">\u2705 <strong data-start=\"1914\" data-end=\"1956\">Laserovou korekci zraku a o\u010dn\u00ed z\u00e1kroky<\/strong><\/li>\n<li data-start=\"1961\" data-end=\"2011\">\u2705 <strong data-start=\"1963\" data-end=\"2011\">Wellness, rehabilitace a anti-aging programy<\/strong><\/li>\n<\/ul>\n<p class=\"\" data-start=\"2013\" data-end=\"2151\">\ud83d\udccc <em data-start=\"2016\" data-end=\"2151\">Upozorn\u011bn\u00ed: Neposkytujeme l\u00e9ka\u0159sk\u00e1 doporu\u010den\u00ed ani nezaru\u010dujeme v\u00fdsledky l\u00e9\u010dby. Ve\u0161ker\u00e9 informace slou\u017e\u00ed pouze k orientaci a srovn\u00e1n\u00ed.<\/em><\/p>\n<hr class=\"\" data-start=\"2153\" data-end=\"2156\" \/>\n<h3 class=\"\" data-start=\"2158\" data-end=\"2202\">Doporu\u010den\u00e9 destinace zdravotn\u00ed turistiky<\/h3>\n<p class=\"\" data-start=\"2204\" data-end=\"2308\">N\u00e1sleduj\u00edc\u00ed zem\u011b jsme vybrali pro jejich pov\u011bst kvalitn\u00ed p\u00e9\u010de a p\u0159\u00edv\u011btivosti v\u016f\u010di mezin\u00e1rodn\u00edm klient\u016fm:<\/p>\n<ul>\n<li data-start=\"2312\" data-end=\"2483\">\ud83c\uddf9\ud83c\uddf7 <strong data-start=\"2317\" data-end=\"2328\">Turecko<\/strong> \u2013 estetick\u00e1 stomatologie, plastick\u00e1 chirurgie, oftalmologie, transplantace org\u00e1n\u016f, onkologie, kardiochirurgie, ortopedick\u00e1 chirurgie a l\u00e9\u010dba metodou IVF<\/li>\n<li data-start=\"2486\" data-end=\"2543\">\ud83c\udded\ud83c\uddfa <strong data-start=\"2491\" data-end=\"2503\">Ma\u010farsko<\/strong> \u2013 kosmetick\u00e1 stomatologie, ortodoncie<\/li>\n<li data-start=\"2546\" data-end=\"2606\">\ud83c\udded\ud83c\uddf7 <strong data-start=\"2551\" data-end=\"2565\">Chorvatsko<\/strong> \u2013 zubn\u00ed l\u00e9\u010dba, wellness a rehabilitace<\/li>\n<li data-start=\"2609\" data-end=\"2661\">\ud83c\uddf2\ud83c\uddfd <strong data-start=\"2614\" data-end=\"2624\">Mexiko<\/strong> \u2013 bariatrick\u00e1 chirurgie, fertilita<\/li>\n<li data-start=\"2664\" data-end=\"2727\">\ud83c\uddea\ud83c\uddf8 <strong data-start=\"2669\" data-end=\"2682\">\u0160pan\u011blsko<\/strong> \u2013 plastick\u00e1 chirurgie, anti-aging medic\u00edna<\/li>\n<li data-start=\"2730\" data-end=\"2784\">\ud83c\uddf9\ud83c\udded <strong data-start=\"2735\" data-end=\"2746\">Thajsko<\/strong> \u2013 l\u00e9ka\u0159sk\u00e9 l\u00e1zn\u011b, estetick\u00e9 z\u00e1kroky<\/li>\n<li data-start=\"2787\" data-end=\"2853\">\ud83c\uddf0\ud83c\uddf7 <strong data-start=\"2792\" data-end=\"2807\">Ji\u017en\u00ed Korea<\/strong> \u2013 dermatologie, pokro\u010dil\u00e1 estetika obli\u010deje<\/li>\n<li data-start=\"2856\" data-end=\"2919\">\ud83c\uddee\ud83c\uddf3 <strong data-start=\"2861\" data-end=\"2870\">Indie<\/strong> \u2013 ortopedie, kardiochirurgie, ajurv\u00e9dsk\u00e9 terapie<\/li>\n<\/ul>\n<p class=\"\" data-start=\"2921\" data-end=\"3023\">V\u0161echna za\u0159\u00edzen\u00ed, kter\u00e1 uv\u00e1d\u00edme, jsou <strong data-start=\"2959\" data-end=\"2980\">nez\u00e1visl\u00e9 kliniky<\/strong> s odbornost\u00ed v p\u00e9\u010di o zahrani\u010dn\u00ed pacienty.<\/p>\n<hr class=\"\" data-start=\"3025\" data-end=\"3028\" \/>\n<h3 class=\"\" data-start=\"3030\" data-end=\"3059\">Spojte l\u00e9\u010dbu s pozn\u00e1v\u00e1n\u00edm<\/h3>\n<p class=\"\" data-start=\"3061\" data-end=\"3343\">Krom\u011b informac\u00ed o zdravotn\u00ed p\u00e9\u010di nab\u00edz\u00edme mo\u017enost propojen\u00ed s <strong data-start=\"3123\" data-end=\"3149\">licencovan\u00fdmi pr\u016fvodci<\/strong> v r\u016fzn\u00fdch zem\u00edch.<br data-start=\"3167\" data-end=\"3170\" \/>A\u0165 u\u017e jde o historickou prohl\u00eddku Istanbulu, vina\u0159skou trasu ve \u0160pan\u011blsku nebo panoramatick\u00fd v\u00fdlet pod\u00e9l Dunaje \u2013 obdob\u00ed zotaven\u00ed se m\u016f\u017ee st\u00e1t hodnotnou sou\u010d\u00e1st\u00ed va\u0161\u00ed cesty.<\/p>\n<blockquote data-start=\"3345\" data-end=\"3440\">\n<p class=\"\" data-start=\"3347\" data-end=\"3440\">\ud83c\udfa7 <em data-start=\"3350\" data-end=\"3440\">Soukrom\u00e9 prohl\u00eddky jsou nepovinn\u00e9 a jsou organizov\u00e1ny na vy\u017e\u00e1d\u00e1n\u00ed s ov\u011b\u0159en\u00fdmi odborn\u00edky.<\/em><\/p>\n<\/blockquote>\n<hr class=\"\" data-start=\"3442\" data-end=\"3445\" \/>\n<h3 class=\"\" data-start=\"3447\" data-end=\"3483\">Nez\u00e1visl\u00e1 a informa\u010dn\u00ed platforma<\/h3>\n<ul>\n<li data-start=\"3487\" data-end=\"3551\">\u2757 <strong data-start=\"3489\" data-end=\"3549\">Nedoporu\u010dujeme konkr\u00e9tn\u00ed l\u00e9ka\u0159sk\u00e9 z\u00e1kroky nebo o\u0161et\u0159en\u00ed.<\/strong><\/li>\n<li data-start=\"3554\" data-end=\"3623\">\ud83c\udfe5 V\u00fdb\u011br kliniky, l\u00e9ka\u0159e a l\u00e9\u010debn\u00e9ho postupu je zcela na u\u017eivateli.<\/li>\n<li data-start=\"3626\" data-end=\"3692\">\ud83d\udcd1 Ve\u0161ker\u00e9 informace slou\u017e\u00ed k obecn\u00e9 orientaci a nejsou z\u00e1vazn\u00e9.<\/li>\n<li data-start=\"3695\" data-end=\"3785\">\ud83d\udee1\ufe0f <strong data-start=\"3699\" data-end=\"3785\">Nep\u0159eb\u00edr\u00e1me odpov\u011bdnost za v\u00fdsledky l\u00e9\u010dby ani slu\u017eby poskytovan\u00e9 t\u0159et\u00edmi stranami.<\/strong><\/li>\n<\/ul>\n<hr class=\"\" data-start=\"3787\" data-end=\"3790\" \/>\n<h3 class=\"\" data-start=\"3792\" data-end=\"3812\">\u2709\ufe0f Chcete za\u010d\u00edt?<\/h3>\n<p class=\"\" data-start=\"3814\" data-end=\"3949\">Pokud uva\u017eujete o l\u00e9\u010db\u011b v zahrani\u010d\u00ed a r\u00e1di byste poznali dostupn\u00e9 destinace, kliniky nebo kulturn\u00ed aktivity, nev\u00e1hejte n\u00e1s kontaktovat.<\/p>\n<p class=\"\" data-start=\"3951\" data-end=\"4044\">\ud83d\udc49 <span style=\"text-decoration: underline;\"><strong data-start=\"3954\" data-end=\"3978\">KONTAKTUJTE N\u00c1S NYN\u00cd<\/strong><\/span> a z\u00edskejte p\u0159ehled o mo\u017enostech l\u00e9\u010dby a pr\u016fvodcovan\u00fdch z\u00e1\u017eitc\u00edch.<\/p>\n","protected":false},"excerpt":{"rendered":"<p>\ud83c\udf0d Mezin\u00e1rodn\u00ed Zdravotn\u00ed Turistika Objevte d\u016fv\u011bryhodn\u00e9 destinace zdravotn\u00ed turistiky s ov\u011b\u0159en\u00fdmi informacemi a kulturn\u00edmi z\u00e1\u017eitky V\u00edtejte na platform\u011b zam\u011b\u0159en\u00e9 na objevov\u00e1n\u00ed nejuzn\u00e1van\u011bj\u0161\u00edch destinac\u00ed mezin\u00e1rodn\u00ed zdravotn\u00ed turistiky, kde se \u0161pi\u010dkov\u00e1 zdravotn\u00ed p\u00e9\u010de spojuje s bohat\u00fdmi kulturn\u00edmi z\u00e1\u017eitky. Na officialguides.com poskytujeme obecn\u00e9 informace o klinik\u00e1ch a nemocnic\u00edch, kter\u00e9 p\u0159ij\u00edmaj\u00ed mezin\u00e1rodn\u00ed pacienty. Sami nenab\u00edz\u00edme l\u00e9ka\u0159sk\u00e9 slu\u017eby, ale pom\u00e1h\u00e1me &#8230; <a title=\"Medic\u00ednsk\u00fd Turismus\" class=\"read-more\" href=\"https:\/\/officialguides.com\/cs\/medicinsky-turismus\/\" aria-label=\"\u010c\u00edst v\u00edce o Medic\u00ednsk\u00fd Turismus\">Read more<\/a><\/p>\n","protected":false},"author":3,"featured_media":394708,"parent":0,"menu_order":0,"comment_status":"closed","ping_status":"closed","template":"","meta":{"_acf_changed":false,"footnotes":""},"class_list":["post-394746","page","type-page","status-publish","has-post-thumbnail"],"acf":[],"yoast_head":"<!-- This site is optimized with the Yoast SEO plugin v27.4 - https:\/\/yoast.com\/product\/yoast-seo-wordpress\/ -->\n<title>Mezin\u00e1rodn\u00ed Zdravotn\u00ed Turistika \u2013 D\u016fv\u011bryhodn\u00e9 Kliniky a Kulturn\u00ed Z\u00e1\u017eitky<\/title>\n<meta name=\"description\" content=\"Objevte nejlep\u0161\u00ed destinace zdravotn\u00ed turistiky na sv\u011bt\u011b. Porovnejte mezin\u00e1rodn\u00ed kliniky a kombinujte l\u00e9\u010dbu s kulturn\u00edmi z\u00e1\u017eitky.\" \/>\n<meta name=\"robots\" content=\"index, follow, max-snippet:-1, max-image-preview:large, max-video-preview:-1\" \/>\n<link rel=\"canonical\" href=\"https:\/\/officialguides.com\/cs\/medicinsky-turismus\/\" \/>\n<meta property=\"og:locale\" content=\"cs_CZ\" \/>\n<meta property=\"og:type\" content=\"article\" \/>\n<meta property=\"og:title\" content=\"Mezin\u00e1rodn\u00ed Zdravotn\u00ed Turistika \u2013 D\u016fv\u011bryhodn\u00e9 Kliniky a Kulturn\u00ed Z\u00e1\u017eitky\" \/>\n<meta property=\"og:description\" content=\"Objevte nejlep\u0161\u00ed destinace zdravotn\u00ed turistiky na sv\u011bt\u011b. Porovnejte mezin\u00e1rodn\u00ed kliniky a kombinujte l\u00e9\u010dbu s kulturn\u00edmi z\u00e1\u017eitky.\" \/>\n<meta property=\"og:url\" content=\"https:\/\/officialguides.com\/cs\/medicinsky-turismus\/\" \/>\n<meta property=\"og:site_name\" content=\"Find Your Private Tour Guide Around The World!\" \/>\n<meta property=\"og:image\" content=\"https:\/\/officialguides.com\/wp-content\/uploads\/2025\/04\/medical-tourism.jpg\" \/>\n\t<meta property=\"og:image:width\" content=\"1023\" \/>\n\t<meta property=\"og:image:height\" content=\"373\" \/>\n\t<meta property=\"og:image:type\" content=\"image\/jpeg\" \/>\n<meta name=\"twitter:card\" content=\"summary_large_image\" \/>\n<meta name=\"twitter:label1\" content=\"Odhadovan\u00e1 doba \u010dten\u00ed\" \/>\n\t<meta name=\"twitter:data1\" content=\"3 minuty\" \/>\n<script type=\"application\/ld+json\" class=\"yoast-schema-graph\">{\"@context\":\"https:\\\/\\\/schema.org\",\"@graph\":[{\"@type\":\"WebPage\",\"@id\":\"https:\\\/\\\/officialguides.com\\\/cs\\\/medicinsky-turismus\\\/\",\"url\":\"https:\\\/\\\/officialguides.com\\\/cs\\\/medicinsky-turismus\\\/\",\"name\":\"Mezin\u00e1rodn\u00ed Zdravotn\u00ed Turistika \u2013 D\u016fv\u011bryhodn\u00e9 Kliniky a Kulturn\u00ed Z\u00e1\u017eitky\",\"isPartOf\":{\"@id\":\"https:\\\/\\\/officialguides.com\\\/cs\\\/#website\"},\"primaryImageOfPage\":{\"@id\":\"https:\\\/\\\/officialguides.com\\\/cs\\\/medicinsky-turismus\\\/#primaryimage\"},\"image\":{\"@id\":\"https:\\\/\\\/officialguides.com\\\/cs\\\/medicinsky-turismus\\\/#primaryimage\"},\"thumbnailUrl\":\"https:\\\/\\\/officialguides.com\\\/wp-content\\\/uploads\\\/2025\\\/04\\\/medical-tourism.jpg\",\"datePublished\":\"2025-04-18T16:05:43+00:00\",\"description\":\"Objevte nejlep\u0161\u00ed destinace zdravotn\u00ed turistiky na sv\u011bt\u011b. Porovnejte mezin\u00e1rodn\u00ed kliniky a kombinujte l\u00e9\u010dbu s kulturn\u00edmi z\u00e1\u017eitky.\",\"breadcrumb\":{\"@id\":\"https:\\\/\\\/officialguides.com\\\/cs\\\/medicinsky-turismus\\\/#breadcrumb\"},\"inLanguage\":\"cs\",\"potentialAction\":[{\"@type\":\"ReadAction\",\"target\":[\"https:\\\/\\\/officialguides.com\\\/cs\\\/medicinsky-turismus\\\/\"]}]},{\"@type\":\"ImageObject\",\"inLanguage\":\"cs\",\"@id\":\"https:\\\/\\\/officialguides.com\\\/cs\\\/medicinsky-turismus\\\/#primaryimage\",\"url\":\"https:\\\/\\\/officialguides.com\\\/wp-content\\\/uploads\\\/2025\\\/04\\\/medical-tourism.jpg\",\"contentUrl\":\"https:\\\/\\\/officialguides.com\\\/wp-content\\\/uploads\\\/2025\\\/04\\\/medical-tourism.jpg\",\"width\":1023,\"height\":373,\"caption\":\"Zahrani\u010dn\u00ed pacient studuj\u00edc\u00ed zdravotn\u00ed informace b\u011bhem kulturn\u00ed cesty\"},{\"@type\":\"BreadcrumbList\",\"@id\":\"https:\\\/\\\/officialguides.com\\\/cs\\\/medicinsky-turismus\\\/#breadcrumb\",\"itemListElement\":[{\"@type\":\"ListItem\",\"position\":1,\"name\":\"Home\",\"item\":\"https:\\\/\\\/officialguides.com\\\/cs\\\/\"},{\"@type\":\"ListItem\",\"position\":2,\"name\":\"Medic\u00ednsk\u00fd Turismus\"}]},{\"@type\":\"WebSite\",\"@id\":\"https:\\\/\\\/officialguides.com\\\/cs\\\/#website\",\"url\":\"https:\\\/\\\/officialguides.com\\\/cs\\\/\",\"name\":\"Official Tour Guides Around The World! Istanbul, Paris, Rome, Dubai...\",\"description\":\"Explore cities and popular destinations with professional, official, certified tour guides\",\"alternateName\":\"Official Guides\",\"potentialAction\":[{\"@type\":\"SearchAction\",\"target\":{\"@type\":\"EntryPoint\",\"urlTemplate\":\"https:\\\/\\\/officialguides.com\\\/cs\\\/?s={search_term_string}\"},\"query-input\":{\"@type\":\"PropertyValueSpecification\",\"valueRequired\":true,\"valueName\":\"search_term_string\"}}],\"inLanguage\":\"cs\"}]}<\/script>\n<!-- \/ Yoast SEO plugin. -->","yoast_head_json":{"title":"Mezin\u00e1rodn\u00ed Zdravotn\u00ed Turistika \u2013 D\u016fv\u011bryhodn\u00e9 Kliniky a Kulturn\u00ed Z\u00e1\u017eitky","description":"Objevte nejlep\u0161\u00ed destinace zdravotn\u00ed turistiky na sv\u011bt\u011b. Porovnejte mezin\u00e1rodn\u00ed kliniky a kombinujte l\u00e9\u010dbu s kulturn\u00edmi z\u00e1\u017eitky.","robots":{"index":"index","follow":"follow","max-snippet":"max-snippet:-1","max-image-preview":"max-image-preview:large","max-video-preview":"max-video-preview:-1"},"canonical":"https:\/\/officialguides.com\/cs\/medicinsky-turismus\/","og_locale":"cs_CZ","og_type":"article","og_title":"Mezin\u00e1rodn\u00ed Zdravotn\u00ed Turistika \u2013 D\u016fv\u011bryhodn\u00e9 Kliniky a Kulturn\u00ed Z\u00e1\u017eitky","og_description":"Objevte nejlep\u0161\u00ed destinace zdravotn\u00ed turistiky na sv\u011bt\u011b. Porovnejte mezin\u00e1rodn\u00ed kliniky a kombinujte l\u00e9\u010dbu s kulturn\u00edmi z\u00e1\u017eitky.","og_url":"https:\/\/officialguides.com\/cs\/medicinsky-turismus\/","og_site_name":"Find Your Private Tour Guide Around The World!","og_image":[{"width":1023,"height":373,"url":"https:\/\/officialguides.com\/wp-content\/uploads\/2025\/04\/medical-tourism.jpg","type":"image\/jpeg"}],"twitter_card":"summary_large_image","twitter_misc":{"Odhadovan\u00e1 doba \u010dten\u00ed":"3 minuty"},"schema":{"@context":"https:\/\/schema.org","@graph":[{"@type":"WebPage","@id":"https:\/\/officialguides.com\/cs\/medicinsky-turismus\/","url":"https:\/\/officialguides.com\/cs\/medicinsky-turismus\/","name":"Mezin\u00e1rodn\u00ed Zdravotn\u00ed Turistika \u2013 D\u016fv\u011bryhodn\u00e9 Kliniky a Kulturn\u00ed Z\u00e1\u017eitky","isPartOf":{"@id":"https:\/\/officialguides.com\/cs\/#website"},"primaryImageOfPage":{"@id":"https:\/\/officialguides.com\/cs\/medicinsky-turismus\/#primaryimage"},"image":{"@id":"https:\/\/officialguides.com\/cs\/medicinsky-turismus\/#primaryimage"},"thumbnailUrl":"https:\/\/officialguides.com\/wp-content\/uploads\/2025\/04\/medical-tourism.jpg","datePublished":"2025-04-18T16:05:43+00:00","description":"Objevte nejlep\u0161\u00ed destinace zdravotn\u00ed turistiky na sv\u011bt\u011b. Porovnejte mezin\u00e1rodn\u00ed kliniky a kombinujte l\u00e9\u010dbu s kulturn\u00edmi z\u00e1\u017eitky.","breadcrumb":{"@id":"https:\/\/officialguides.com\/cs\/medicinsky-turismus\/#breadcrumb"},"inLanguage":"cs","potentialAction":[{"@type":"ReadAction","target":["https:\/\/officialguides.com\/cs\/medicinsky-turismus\/"]}]},{"@type":"ImageObject","inLanguage":"cs","@id":"https:\/\/officialguides.com\/cs\/medicinsky-turismus\/#primaryimage","url":"https:\/\/officialguides.com\/wp-content\/uploads\/2025\/04\/medical-tourism.jpg","contentUrl":"https:\/\/officialguides.com\/wp-content\/uploads\/2025\/04\/medical-tourism.jpg","width":1023,"height":373,"caption":"Zahrani\u010dn\u00ed pacient studuj\u00edc\u00ed zdravotn\u00ed informace b\u011bhem kulturn\u00ed cesty"},{"@type":"BreadcrumbList","@id":"https:\/\/officialguides.com\/cs\/medicinsky-turismus\/#breadcrumb","itemListElement":[{"@type":"ListItem","position":1,"name":"Home","item":"https:\/\/officialguides.com\/cs\/"},{"@type":"ListItem","position":2,"name":"Medic\u00ednsk\u00fd Turismus"}]},{"@type":"WebSite","@id":"https:\/\/officialguides.com\/cs\/#website","url":"https:\/\/officialguides.com\/cs\/","name":"Official Tour Guides Around The World! Istanbul, Paris, Rome, Dubai...","description":"Explore cities and popular destinations with professional, official, certified tour guides","alternateName":"Official Guides","potentialAction":[{"@type":"SearchAction","target":{"@type":"EntryPoint","urlTemplate":"https:\/\/officialguides.com\/cs\/?s={search_term_string}"},"query-input":{"@type":"PropertyValueSpecification","valueRequired":true,"valueName":"search_term_string"}}],"inLanguage":"cs"}]}},"_links":{"self":[{"href":"https:\/\/officialguides.com\/cs\/wp-json\/wp\/v2\/pages\/394746","targetHints":{"allow":["GET"]}}],"collection":[{"href":"https:\/\/officialguides.com\/cs\/wp-json\/wp\/v2\/pages"}],"about":[{"href":"https:\/\/officialguides.com\/cs\/wp-json\/wp\/v2\/types\/page"}],"author":[{"embeddable":true,"href":"https:\/\/officialguides.com\/cs\/wp-json\/wp\/v2\/users\/3"}],"replies":[{"embeddable":true,"href":"https:\/\/officialguides.com\/cs\/wp-json\/wp\/v2\/comments?post=394746"}],"version-history":[{"count":0,"href":"https:\/\/officialguides.com\/cs\/wp-json\/wp\/v2\/pages\/394746\/revisions"}],"wp:featuredmedia":[{"embeddable":true,"href":"https:\/\/officialguides.com\/cs\/wp-json\/wp\/v2\/media\/394708"}],"wp:attachment":[{"href":"https:\/\/officialguides.com\/cs\/wp-json\/wp\/v2\/media?parent=394746"}],"curies":[{"name":"wp","href":"https:\/\/api.w.org\/{rel}","templated":true}]}}