{"id":394675,"date":"2025-03-22T19:58:56","date_gmt":"2025-03-22T16:58:56","guid":{"rendered":"https:\/\/officialguides.com\/bazilika-cisterna-istanbul\/"},"modified":"2026-01-12T15:25:42","modified_gmt":"2026-01-12T12:25:42","slug":"bazilika-cisterna-istanbul","status":"publish","type":"page","link":"https:\/\/officialguides.com\/cs\/bazilika-cisterna-istanbul\/","title":{"rendered":"Bazilika Cisterna Istanbul"},"content":{"rendered":"<h2 class=\"\" data-start=\"538\" data-end=\"581\">Vstup a vstupenky do Bazilikov\u00e9 cisterny<\/h2>\n<p data-path-to-node=\"9\">Jedna z nej\u00fachvatn\u011bj\u0161\u00edch historick\u00fdch pam\u00e1tek Istanbulu, <b data-path-to-node=\"9\" data-index-in-node=\"57\">Bazilikov\u00e1 cisterna<\/b> (nebo Potopen\u00fd pal\u00e1c), byla postavena v roce 532 n. l. <b data-path-to-node=\"9\" data-index-in-node=\"132\">\u0159\u00edmsk\u00fdm c\u00edsa\u0159em Justini\u00e1nem I.<\/b> S v\u00edce ne\u017e 10 000 n\u00e1v\u0161t\u011bvn\u00edky denn\u011b jsou u vchodu b\u011b\u017en\u00e9 dlouh\u00e9 fronty na vstupenky (\u010dekac\u00ed doba a\u017e 1,5 hodiny v hlavn\u00ed sez\u00f3n\u011b od dubna do listopadu). Pokud d\u00e1v\u00e1te p\u0159ednost rychl\u00e9mu vstupu, \ud83c\udf1f <i data-path-to-node=\"9\" data-index-in-node=\"352\"><a class=\"ng-star-inserted\" href=\"https:\/\/www.tiqets.com\/basilica-cistern-tickets-l147375\/?partner=travelingturks\" target=\"_blank\" rel=\"noopener\" data-hveid=\"0\" data-ved=\"0CAAQ_4QMahgKEwj8kfGp2oWSAxUAAAAAHQAAAAAQiQU\">m\u016f\u017eete si vstupenky rezervovat zde<\/a><\/i> a <span style=\"color: #800000;\"><em><a style=\"color: #800000;\" href=\"https:\/\/officialguides.com\/cs\/cesky-pruvodce-v-istanbulu\/\" target=\"_blank\" rel=\"noopener\">rezervovat si soukrom\u00e9ho pr\u016fvodce<\/a><\/em> <\/span>pro prohl\u00eddku cisterny bez \u010dek\u00e1n\u00ed ve front\u011b.<\/p>\n<figure style=\"width: 1014px\" class=\"wp-caption aligncenter\"><img decoding=\"async\" src=\"https:\/\/officialguides.com\/wp-content\/uploads\/2025\/03\/basilica-cistern-fast-track-entry.jpg\" alt=\"Underground Cistern ticket lines\" width=\"1024\" height=\"358\" \/><figcaption class=\"wp-caption-text\"><em>Linky na l\u00edstky do baziliky Cistern<\/em><\/figcaption><\/figure>\n<p class=\"\" data-start=\"1263\" data-end=\"1622\">B\u011bhem osmansk\u00e9ho obdob\u00ed byla cisterna pou\u017e\u00edv\u00e1na hlavn\u011b pro <strong data-start=\"1322\" data-end=\"1337\">zavla\u017eov\u00e1n\u00ed<\/strong> nam\u00edsto pitn\u00e9 vody. Z v\u00edce ne\u017e <strong data-start=\"1369\" data-end=\"1408\">100 byzantsk\u00fdch a \u0159\u00edmsk\u00fdch cisteren<\/strong> postaven\u00fdch v Konstantinopoli je tato nejv\u011bt\u0161\u00ed \u2013 a z\u00e1rove\u0148 je to <strong data-start=\"1474\" data-end=\"1513\">nejv\u011bt\u0161\u00ed podzemn\u00ed cisterna na sv\u011bt\u011b<\/strong>. Dnes sv\u00fdm <strong data-start=\"1525\" data-end=\"1549\">mystick\u00fdm prost\u0159ed\u00edm<\/strong>, starov\u011bk\u00fdmi sloupy a p\u016fsobiv\u00fdm osv\u011btlen\u00edm nad\u00e1le okouzluje n\u00e1v\u0161t\u011bvn\u00edky.<\/p>\n<h3 class=\"\" data-start=\"1624\" data-end=\"1663\"><span style=\"text-decoration: underline;\">Ceny vstupenek a informace o n\u00e1kupu, 2026<\/span><\/h3>\n<h4 class=\"\" data-start=\"1665\" data-end=\"1697\">Denn\u00ed vstup (09:00 \u2013 18:30)<\/h4>\n<ul>\n<li data-start=\"1700\" data-end=\"1719\"><strong>Dosp\u011bl\u00ed<\/strong>: 1500 TL<\/li>\n<li data-start=\"1722\" data-end=\"1743\"><strong>D\u011bti do 7 let<\/strong>: zdarma<\/li>\n<li data-start=\"1722\" data-end=\"1743\">Studentsk\u00e1 sleva plat\u00ed pouze pro studenty studuj\u00edc\u00ed v Turecku.<\/li>\n<\/ul>\n<p><img decoding=\"async\" class=\"aligncenter\" src=\"https:\/\/officialguides.com\/wp-content\/uploads\/2025\/03\/ticket-prices-basilica-cistern.jpg\" alt=\"ticket price and online purchase for Underground Cistern in Istanbul, free and discounted entrance\" \/><\/p>\n<h4 class=\"\" data-start=\"1745\" data-end=\"1777\">No\u010dn\u00ed vstup (19:30 \u2013 22:00)<\/h4>\n<ul>\n<li data-start=\"1780\" data-end=\"1799\">Dosp\u011bl\u00ed: 2400 TL<\/li>\n<li data-start=\"1802\" data-end=\"1823\">D\u011bti do 7 let: zdarma<\/li>\n<li data-start=\"1827\" data-end=\"1885\">Denn\u00ed vstupenky lze zakoupit u pokladen (09:00 \u2013 18:30).<\/li>\n<li data-start=\"1888\" data-end=\"1974\">No\u010dn\u00ed vstupenky jsou <strong data-start=\"1909\" data-end=\"1930\">k dispozici pouze<\/strong> na pokladn\u011b Bazilikov\u00e9 cisterny od 19:30.<\/li>\n<li data-start=\"1977\" data-end=\"2099\"><strong data-start=\"1977\" data-end=\"2004\">Neautorizovan\u00ed prodejci<\/strong> vstupenek nejsou uzn\u00e1v\u00e1ni spole\u010dnost\u00ed K\u00fclt\u00fcr A\u015e. <em><a href=\"https:\/\/gyg.me\/RaeT5WTs\" target=\"_blank\" rel=\"noopener\">(Getyourguide is an official vendor).<\/a><\/em><\/li>\n<li data-start=\"2102\" data-end=\"2205\">Vstupenky jsou <strong data-start=\"2117\" data-end=\"2138\">na jednu n\u00e1v\u0161t\u011bvu<\/strong> a mus\u00ed b\u00fdt pou\u017eity ve stejn\u00fd den. Nevrac\u00ed se a nelze je vym\u011bnit.<\/li>\n<li data-start=\"2208\" data-end=\"2294\">D\u011bti do 7 let a licencovan\u00ed pr\u016fvodci maj\u00ed v r\u00e1mci programu Night Shift vstup zdarma.<\/li>\n<li data-start=\"2297\" data-end=\"2378\">P\u0159ij\u00edmaj\u00ed se pouze <strong data-start=\"2316\" data-end=\"2345\">hotovost a platebn\u00ed karty<\/strong>. Ciz\u00ed m\u011bny nejsou akceptov\u00e1ny.<\/li>\n<li data-start=\"2381\" data-end=\"2467\"><strong data-start=\"2381\" data-end=\"2410\">Muzejn\u00ed karta nen\u00ed platn\u00e1<\/strong>, proto\u017ee cisterna nen\u00ed pod spr\u00e1vou Ministerstva kultury.<\/li>\n<\/ul>\n<h3 class=\"\" data-start=\"2469\" data-end=\"2502\"><span style=\"text-decoration: underline;\">Otev\u00edrac\u00ed doba a uzav\u0159en\u00e9 dny, 2026<\/span><\/h3>\n<ul>\n<li data-start=\"2506\" data-end=\"2540\">Otev\u0159eno denn\u011b od 09:00 do 22:00<\/li>\n<li data-start=\"2543\" data-end=\"2593\">Uzav\u0159eno mezi 18:30 a 19:30 z d\u016fvodu st\u0159\u00edd\u00e1n\u00ed sm\u011bn<\/li>\n<\/ul>\n<p><img decoding=\"async\" class=\"aligncenter\" src=\"https:\/\/officialguides.com\/wp-content\/uploads\/2025\/03\/basilica-cistern-opening-hours.jpg\" alt=\"Cisterna Basilica \/ Sunken Palace visitors information, closing hour and days\" \/><\/p>\n<h3 class=\"\" data-start=\"2595\" data-end=\"2636\"><span style=\"text-decoration: underline;\">Jak se dostat do Bazilikov\u00e9 cisterny?<\/span><\/h3>\n<h4 class=\"\" data-start=\"2638\" data-end=\"2653\">Tramvaj\u00ed<\/h4>\n<p class=\"\" data-start=\"2654\" data-end=\"2750\">Nejbli\u017e\u0161\u00ed zast\u00e1vka je <strong data-start=\"2676\" data-end=\"2691\">Sultanahmet<\/strong> na trase T1 (Ba\u011fc\u0131lar\u2013Kabata\u015f). Odtud je to p\u011b\u0161ky 5 minut.<\/p>\n<p data-start=\"2654\" data-end=\"2750\"><iframe src=\"https:\/\/www.google.com\/maps\/embed?pb=!1m18!1m12!1m3!1d3010.7708709753197!2d28.975303074478624!3d41.00838801942053!2m3!1f0!2f0!3f0!3m2!1i1024!2i768!4f13.1!3m3!1m2!1s0x14cab9bde0c66ac9%3A0x60c02fe1ee6d8471!2zWWVyZWJhdGFuIFNhcm7EsWPEsQ!5e0!3m2!1str!2str!4v1741789356228!5m2!1str!2str\" width=\"600\" height=\"450\" frameborder=\"0\" allowfullscreen=\"allowfullscreen\"><\/iframe><\/p>\n<h4 class=\"\" data-start=\"2752\" data-end=\"2765\">Metrem<\/h4>\n<p class=\"\" data-start=\"2766\" data-end=\"2991\">Je\u010fte linkou <strong data-start=\"2779\" data-end=\"2791\">Marmaray<\/strong> na stanici <strong data-start=\"2803\" data-end=\"2814\">Sirkeci<\/strong>, pot\u00e9 p\u0159estupte na tramvaj a vystupte na zast\u00e1vce <strong data-start=\"2865\" data-end=\"2880\">Sultanahmet<\/strong> (3 minuty ch\u016fze).<br data-start=\"2898\" data-end=\"2901\" \/>Alternativn\u011b m\u016f\u017eete vystoupit z Marmaray na v\u00fdstupu 2 nebo 3 a doj\u00edt p\u011b\u0161ky za 10\u201315 minut.<\/p>\n<h4 class=\"\" data-start=\"2993\" data-end=\"3009\">Autobusem<\/h4>\n<p class=\"\" data-start=\"3010\" data-end=\"3060\">V bl\u00edzkosti <strong data-start=\"3022\" data-end=\"3059\">neproj\u00ed\u017ed\u00ed \u017e\u00e1dn\u00e9 m\u011bstsk\u00e9 autobusy<\/strong>.<\/p>\n<h4 class=\"\" data-start=\"3062\" data-end=\"3087\">Soukrom\u00fdm vozidlem<\/h4>\n<p class=\"\" data-start=\"3088\" data-end=\"3220\">Doprava v historick\u00e9m centru b\u00fdv\u00e1 velmi <strong data-start=\"3128\" data-end=\"3137\">hust\u00e1<\/strong>, proto se doporu\u010duje vyu\u017e\u00edt <strong data-start=\"3166\" data-end=\"3186\">ve\u0159ejnou dopravu<\/strong>. Mo\u017enosti parkov\u00e1n\u00ed jsou omezen\u00e9.<\/p>\n<h3 class=\"\" data-start=\"3222\" data-end=\"3263\"><span style=\"text-decoration: underline;\">Co mus\u00edte vid\u011bt v Bazilikov\u00e9 cistern\u011b<\/span><\/h3>\n<h4 class=\"\" data-start=\"3265\" data-end=\"3287\">1. Hlava Med\u00fazy<\/h4>\n<p class=\"\" data-start=\"3288\" data-end=\"3402\">Dv\u011b <strong data-start=\"3292\" data-end=\"3308\">hlavy Med\u00fazy<\/strong>, jedna obr\u00e1cen\u00e1 vzh\u016fru nohama a druh\u00e1 naklon\u011bn\u00e1, se nach\u00e1zej\u00ed v severoz\u00e1padn\u00edm rohu cisterny.<\/p>\n<p class=\"\" data-start=\"3404\" data-end=\"3796\"><strong data-start=\"3404\" data-end=\"3428\">Mythologick\u00fd v\u00fdznam:<\/strong><br data-start=\"3428\" data-end=\"3431\" \/>V \u0159eck\u00e9 mytologii byla Med\u00faza Gorgona s hady m\u00edsto vlas\u016f, jej\u00ed\u017e pohled mohl \u010dlov\u011bka prom\u011bnit v k\u00e1men.<br data-start=\"3532\" data-end=\"3535\" \/>V \u0159\u00edmsk\u00e9 dob\u011b se v\u011b\u0159ilo, \u017ee <strong data-start=\"3563\" data-end=\"3579\">hlavy Med\u00fazy<\/strong> odh\u00e1n\u011bj\u00ed zl\u00e9 duchy.<br data-start=\"3599\" data-end=\"3602\" \/>P\u0159edpokl\u00e1d\u00e1 se, \u017ee tyto hlavy poch\u00e1zej\u00ed ze star\u0161\u00ed \u0159\u00edmsk\u00e9 stavby.<br data-start=\"3666\" data-end=\"3669\" \/>Jejich zvl\u00e1\u0161tn\u00ed poloha m\u016f\u017ee b\u00fdt symbolick\u00e1 \u2013 podle n\u011bkter\u00fdch teori\u00ed byla Med\u00fazina moc oslabena v souladu s k\u0159es\u0165ansk\u00fdmi v\u00edrami.<\/p>\n<h4 class=\"\" data-start=\"3798\" data-end=\"3824\">2. Velkolep\u00e9 sloupy<\/h4>\n<p class=\"\" data-start=\"3825\" data-end=\"4098\">Cisterna je podep\u0159ena <strong data-start=\"3847\" data-end=\"3873\">336 mramorov\u00fdmi sloupy<\/strong>, ka\u017ed\u00fd asi 9 metr\u016f vysok\u00fd. V\u011bt\u0161ina z nich m\u00e1 <strong data-start=\"3919\" data-end=\"3952\">korintsk\u00e9 nebo j\u00f3nsk\u00e9 hlavice<\/strong>. N\u011bkter\u00e9 poch\u00e1zej\u00ed z pohansk\u00fdch chr\u00e1m\u016f, jin\u00e9 byly vyrobeny p\u0159\u00edmo pro cisternu. Tlumen\u00e9 osv\u011btlen\u00ed a odrazy vody vytv\u00e1\u0159ej\u00ed <strong data-start=\"4074\" data-end=\"4097\">mystickou atmosf\u00e9ru<\/strong>.<\/p>\n<p data-start=\"3825\" data-end=\"4098\"><img decoding=\"async\" class=\"aligncenter\" src=\"https:\/\/officialguides.com\/wp-content\/uploads\/2025\/03\/what-to-see-in-basilica-cistern.jpg\" alt=\"what is interesting to see inside Underground Cistern Istanbul\" \/><\/p>\n<h4 class=\"\" data-start=\"4100\" data-end=\"4137\">3. Atmosf\u00e9ra s vodn\u00edmi odlesky<\/h4>\n<p class=\"\" data-start=\"4138\" data-end=\"4218\">Jedn\u00edm z nejp\u016fsobiv\u011bj\u0161\u00edch prvk\u016f cisterny je <strong data-start=\"4182\" data-end=\"4217\">odra\u017een\u00e9 sv\u011btlo na hladin\u011b vody<\/strong>.<\/p>\n<p class=\"\" data-start=\"4220\" data-end=\"4242\">Pro\u010d je to zvl\u00e1\u0161tn\u00ed?<\/p>\n<ul>\n<li data-start=\"4245\" data-end=\"4289\">Vytv\u00e1\u0159\u00ed <strong data-start=\"4253\" data-end=\"4287\">tajemn\u00fd a snov\u00fd vizu\u00e1ln\u00ed efekt<\/strong><\/li>\n<li data-start=\"4292\" data-end=\"4326\">D\u00e1v\u00e1 iluzi <strong data-start=\"4303\" data-end=\"4324\">nekone\u010dn\u00e9 hloubky<\/strong><\/li>\n<li data-start=\"4329\" data-end=\"4381\">Nab\u00edz\u00ed jedine\u010dn\u00e9 z\u00e1b\u011bry pro <strong data-start=\"4357\" data-end=\"4381\">milovn\u00edky fotografie<\/strong><\/li>\n<\/ul>\n<h4 class=\"\" data-start=\"4383\" data-end=\"4406\">4. Pla\u010d\u00edc\u00ed sloup<\/h4>\n<p class=\"\" data-start=\"4407\" data-end=\"4547\">Tento sloup se li\u0161\u00ed od ostatn\u00edch \u2013 m\u00e1 reli\u00e9fy p\u0159ipom\u00ednaj\u00edc\u00ed <strong data-start=\"4467\" data-end=\"4475\">slzy<\/strong>. Tyto vzory v\u0161ak p\u0159edstavuj\u00ed <strong data-start=\"4505\" data-end=\"4524\">letokruhy d\u0159eva<\/strong>, nikoli skute\u010dn\u00e9 slzy.<\/p>\n<h3 class=\"\" data-start=\"4549\" data-end=\"4589\"><span style=\"text-decoration: underline;\">Z\u00e1\u017eitky a akce v Bazilikov\u00e9 cistern\u011b<\/span><\/h3>\n<ul>\n<li data-start=\"4593\" data-end=\"4662\"><strong data-start=\"4593\" data-end=\"4617\">Um\u011bleck\u00e1 p\u0159edstaven\u00ed<\/strong>: Ob\u010das se konaj\u00ed sv\u011bteln\u00e9 show a koncerty.<\/li>\n<li data-start=\"4665\" data-end=\"4751\"><strong data-start=\"4665\" data-end=\"4682\">Audiopr\u016fvodce<\/strong>: Pronajm\u011bte si za\u0159\u00edzen\u00ed a dozv\u00edte se o historii a mytologii m\u00edsta.<\/li>\n<li data-start=\"4754\" data-end=\"4822\"><strong data-start=\"4754\" data-end=\"4771\">Fotografov\u00e1n\u00ed<\/strong>: Skv\u011bl\u00e1 p\u0159\u00edle\u017eitost pro kr\u00e1sn\u00e9 a neobvykl\u00e9 sn\u00edmky.<\/li>\n<\/ul>\n<h3 class=\"\" data-start=\"4824\" data-end=\"4865\"><span style=\"text-decoration: underline;\">Tipy pro n\u00e1v\u0161t\u011bvu Bazilikov\u00e9 cisterny<\/span><\/h3>\n<ul>\n<li data-start=\"4869\" data-end=\"4938\">Nav\u0161tivte bu\u010f brzy r\u00e1no, nebo pozd\u011b ve\u010der, abyste se vyhnuli dav\u016fm.<\/li>\n<li data-start=\"4941\" data-end=\"5010\">Noste <strong data-start=\"4947\" data-end=\"4982\">boty s protiskluzovou podr\u00e1\u017ekou<\/strong>, podlaha m\u016f\u017ee b\u00fdt kluzk\u00e1.<\/li>\n<li data-start=\"5013\" data-end=\"5077\">Uvnit\u0159 je chladn\u011bji ne\u017e venku \u2013 doporu\u010dujeme <strong data-start=\"5058\" data-end=\"5074\">lehkou bundu<\/strong>.<\/li>\n<li data-start=\"5080\" data-end=\"5151\">Chcete-li se vyhnout front\u00e1m, <strong data-start=\"5110\" data-end=\"5150\">kupte si vstupenku online p\u0159edem zde<\/strong>.<\/li>\n<\/ul>\n<h3 class=\"\" data-start=\"5153\" data-end=\"5177\"><span style=\"text-decoration: underline;\">\u010casto kladen\u00e9 ot\u00e1zky<\/span><\/h3>\n<h4 class=\"\" data-start=\"5179\" data-end=\"5213\">1. Plat\u00ed zde Muzejn\u00ed karta?<\/h4>\n<p class=\"\" data-start=\"5214\" data-end=\"5295\">Ne. <strong data-start=\"5218\" data-end=\"5247\">Muzejn\u00ed karta zde neplat\u00ed<\/strong>, proto\u017ee se jedn\u00e1 o soukrom\u011b provozovan\u00e9 m\u00edsto.<\/p>\n<h4 class=\"\" data-start=\"5297\" data-end=\"5343\">2. Je cisterna p\u0159\u00edstupn\u00e1 pro voz\u00ed\u010dk\u00e1\u0159e?<\/h4>\n<p class=\"\" data-start=\"5344\" data-end=\"5418\">Kv\u016fli nerovn\u00e9mu povrchu m\u016f\u017ee b\u00fdt p\u0159\u00edstup omezen, ale person\u00e1l m\u016f\u017ee pomoci.<\/p>\n<h4 class=\"\" data-start=\"5420\" data-end=\"5462\">3. Kdy je nejlep\u0161\u00ed \u010das na n\u00e1v\u0161t\u011bvu?<\/h4>\n<p class=\"\" data-start=\"5463\" data-end=\"5544\">Doporu\u010duj\u00ed se <strong data-start=\"5477\" data-end=\"5514\">rann\u00ed hodiny b\u011bhem pracovn\u00edch dn\u016f<\/strong>, kdy je nejmen\u0161\u00ed n\u00e1v\u0161t\u011bvnost.<\/p>\n<p class=\"\" data-start=\"5546\" data-end=\"5705\"><strong data-start=\"5546\" data-end=\"5569\">Bazilikov\u00e1 cisterna<\/strong> je nezapomenutelnou zast\u00e1vkou pro ka\u017ed\u00e9ho, kdo chce za\u017e\u00edt <strong data-start=\"5628\" data-end=\"5659\">tajemnou historii Istanbulu<\/strong>. Napl\u00e1nujte si n\u00e1v\u0161t\u011bvu a nechte se okouzlit!<\/p>\n<hr class=\"\" data-start=\"5707\" data-end=\"5710\" \/>\n<ul>\n<li data-start=\"5714\" data-end=\"5745\"><em><a href=\"#\" rel=\"noopener\" data-start=\"5714\" data-end=\"5743\">Pr\u016fvodce pal\u00e1cem Topkapi<\/a><\/em><\/li>\n<li data-start=\"5748\" data-end=\"5775\"><em><a href=\"#\" rel=\"noopener\" data-start=\"5748\" data-end=\"5773\">Pr\u016fvodce Hagia Sofia<\/a><\/em><\/li>\n<li data-start=\"5778\" data-end=\"5851\"><em><a href=\"https:\/\/istanbul.ktb.gov.tr\/\" target=\"_new\" rel=\"noopener\" data-start=\"5778\" data-end=\"5849\">Istanbulsk\u00e1 provincie pro cestovn\u00ed ruch<\/a><\/em><\/li>\n<li data-start=\"5854\" data-end=\"5929\"><em><a href=\"https:\/\/yerebatan.com\/en\/\" target=\"_new\" rel=\"noopener\" data-start=\"5854\" data-end=\"5927\">Ofici\u00e1ln\u00ed webov\u00e1 str\u00e1nka Bazilikov\u00e9 cisterny<\/a><\/em><\/li>\n<li data-start=\"5932\" data-end=\"5959\"><em>Instagram: @yerebatansarnic<\/em><\/li>\n<\/ul>\n","protected":false},"excerpt":{"rendered":"<p>Vstup a vstupenky do Bazilikov\u00e9 cisterny Jedna z nej\u00fachvatn\u011bj\u0161\u00edch historick\u00fdch pam\u00e1tek Istanbulu, Bazilikov\u00e1 cisterna (nebo Potopen\u00fd pal\u00e1c), byla postavena v roce 532 n. l. \u0159\u00edmsk\u00fdm c\u00edsa\u0159em Justini\u00e1nem I. S v\u00edce ne\u017e 10 000 n\u00e1v\u0161t\u011bvn\u00edky denn\u011b jsou u vchodu b\u011b\u017en\u00e9 dlouh\u00e9 fronty na vstupenky (\u010dekac\u00ed doba a\u017e 1,5 hodiny v hlavn\u00ed sez\u00f3n\u011b od dubna do listopadu). &#8230; <a title=\"Bazilika Cisterna Istanbul\" class=\"read-more\" href=\"https:\/\/officialguides.com\/cs\/bazilika-cisterna-istanbul\/\" aria-label=\"\u010c\u00edst v\u00edce o Bazilika Cisterna Istanbul\">Read more<\/a><\/p>\n","protected":false},"author":3,"featured_media":394460,"parent":0,"menu_order":0,"comment_status":"closed","ping_status":"closed","template":"","meta":{"_acf_changed":false,"footnotes":""},"class_list":["post-394675","page","type-page","status-publish","has-post-thumbnail"],"acf":[],"yoast_head":"<!-- This site is optimized with the Yoast SEO plugin v27.5 - https:\/\/yoast.com\/product\/yoast-seo-wordpress\/ -->\n<title>Bazilika Cisterna Istanbul | Vstupenky, vstupn\u00e9, otev\u00edrac\u00ed doba<\/title>\n<meta name=\"description\" content=\"Pr\u016fvodce po podzemn\u00ed cistern\u011b; skip-the-line fast track ticket, zav\u0159en\u00e9 dny, jak jet tramvaj\u00ed \/ metrem, co vid\u011bt uvnit\u0159\" \/>\n<meta name=\"robots\" content=\"index, follow, max-snippet:-1, max-image-preview:large, max-video-preview:-1\" \/>\n<link rel=\"canonical\" href=\"https:\/\/officialguides.com\/cs\/bazilika-cisterna-istanbul\/\" \/>\n<meta property=\"og:locale\" content=\"cs_CZ\" \/>\n<meta property=\"og:type\" content=\"article\" \/>\n<meta property=\"og:title\" content=\"Bazilika Cisterna Istanbul | Vstupenky, vstupn\u00e9, otev\u00edrac\u00ed doba\" \/>\n<meta property=\"og:description\" content=\"Pr\u016fvodce po podzemn\u00ed cistern\u011b; skip-the-line fast track ticket, zav\u0159en\u00e9 dny, jak jet tramvaj\u00ed \/ metrem, co vid\u011bt uvnit\u0159\" \/>\n<meta property=\"og:url\" content=\"https:\/\/officialguides.com\/cs\/bazilika-cisterna-istanbul\/\" \/>\n<meta property=\"og:site_name\" content=\"Find Your Private Tour Guide Around The World!\" \/>\n<meta property=\"article:modified_time\" content=\"2026-01-12T12:25:42+00:00\" \/>\n<meta property=\"og:image\" content=\"https:\/\/officialguides.com\/wp-content\/uploads\/2025\/03\/underground-cistern-istanbul.jpg\" \/>\n\t<meta property=\"og:image:width\" content=\"1164\" \/>\n\t<meta property=\"og:image:height\" content=\"899\" \/>\n\t<meta property=\"og:image:type\" content=\"image\/jpeg\" \/>\n<meta name=\"twitter:card\" content=\"summary_large_image\" \/>\n<meta name=\"twitter:label1\" content=\"Odhadovan\u00e1 doba \u010dten\u00ed\" \/>\n\t<meta name=\"twitter:data1\" content=\"5 minut\" \/>\n<script type=\"application\/ld+json\" class=\"yoast-schema-graph\">{\"@context\":\"https:\\\/\\\/schema.org\",\"@graph\":[{\"@type\":\"WebPage\",\"@id\":\"https:\\\/\\\/officialguides.com\\\/cs\\\/bazilika-cisterna-istanbul\\\/\",\"url\":\"https:\\\/\\\/officialguides.com\\\/cs\\\/bazilika-cisterna-istanbul\\\/\",\"name\":\"Bazilika Cisterna Istanbul | Vstupenky, vstupn\u00e9, otev\u00edrac\u00ed doba\",\"isPartOf\":{\"@id\":\"https:\\\/\\\/officialguides.com\\\/cs\\\/#website\"},\"primaryImageOfPage\":{\"@id\":\"https:\\\/\\\/officialguides.com\\\/cs\\\/bazilika-cisterna-istanbul\\\/#primaryimage\"},\"image\":{\"@id\":\"https:\\\/\\\/officialguides.com\\\/cs\\\/bazilika-cisterna-istanbul\\\/#primaryimage\"},\"thumbnailUrl\":\"https:\\\/\\\/officialguides.com\\\/wp-content\\\/uploads\\\/2025\\\/03\\\/underground-cistern-istanbul.jpg\",\"datePublished\":\"2025-03-22T16:58:56+00:00\",\"dateModified\":\"2026-01-12T12:25:42+00:00\",\"description\":\"Pr\u016fvodce po podzemn\u00ed cistern\u011b; skip-the-line fast track ticket, zav\u0159en\u00e9 dny, jak jet tramvaj\u00ed \\\/ metrem, co vid\u011bt uvnit\u0159\",\"breadcrumb\":{\"@id\":\"https:\\\/\\\/officialguides.com\\\/cs\\\/bazilika-cisterna-istanbul\\\/#breadcrumb\"},\"inLanguage\":\"cs\",\"potentialAction\":[{\"@type\":\"ReadAction\",\"target\":[\"https:\\\/\\\/officialguides.com\\\/cs\\\/bazilika-cisterna-istanbul\\\/\"]}]},{\"@type\":\"ImageObject\",\"inLanguage\":\"cs\",\"@id\":\"https:\\\/\\\/officialguides.com\\\/cs\\\/bazilika-cisterna-istanbul\\\/#primaryimage\",\"url\":\"https:\\\/\\\/officialguides.com\\\/wp-content\\\/uploads\\\/2025\\\/03\\\/underground-cistern-istanbul.jpg\",\"contentUrl\":\"https:\\\/\\\/officialguides.com\\\/wp-content\\\/uploads\\\/2025\\\/03\\\/underground-cistern-istanbul.jpg\",\"width\":1164,\"height\":899,\"caption\":\"Bazilika Cisterna Istanbul | Vstupenky, Cena Vstupu, Otev\u00edrac\u00ed Doba\"},{\"@type\":\"BreadcrumbList\",\"@id\":\"https:\\\/\\\/officialguides.com\\\/cs\\\/bazilika-cisterna-istanbul\\\/#breadcrumb\",\"itemListElement\":[{\"@type\":\"ListItem\",\"position\":1,\"name\":\"Home\",\"item\":\"https:\\\/\\\/officialguides.com\\\/cs\\\/\"},{\"@type\":\"ListItem\",\"position\":2,\"name\":\"Bazilika Cisterna Istanbul\"}]},{\"@type\":\"WebSite\",\"@id\":\"https:\\\/\\\/officialguides.com\\\/cs\\\/#website\",\"url\":\"https:\\\/\\\/officialguides.com\\\/cs\\\/\",\"name\":\"Official Tour Guides Around The World! Istanbul, Paris, Rome, Dubai...\",\"description\":\"Explore cities and popular destinations with professional, official, certified tour guides\",\"alternateName\":\"Official Guides\",\"potentialAction\":[{\"@type\":\"SearchAction\",\"target\":{\"@type\":\"EntryPoint\",\"urlTemplate\":\"https:\\\/\\\/officialguides.com\\\/cs\\\/?s={search_term_string}\"},\"query-input\":{\"@type\":\"PropertyValueSpecification\",\"valueRequired\":true,\"valueName\":\"search_term_string\"}}],\"inLanguage\":\"cs\"}]}<\/script>\n<!-- \/ Yoast SEO plugin. -->","yoast_head_json":{"title":"Bazilika Cisterna Istanbul | Vstupenky, vstupn\u00e9, otev\u00edrac\u00ed doba","description":"Pr\u016fvodce po podzemn\u00ed cistern\u011b; skip-the-line fast track ticket, zav\u0159en\u00e9 dny, jak jet tramvaj\u00ed \/ metrem, co vid\u011bt uvnit\u0159","robots":{"index":"index","follow":"follow","max-snippet":"max-snippet:-1","max-image-preview":"max-image-preview:large","max-video-preview":"max-video-preview:-1"},"canonical":"https:\/\/officialguides.com\/cs\/bazilika-cisterna-istanbul\/","og_locale":"cs_CZ","og_type":"article","og_title":"Bazilika Cisterna Istanbul | Vstupenky, vstupn\u00e9, otev\u00edrac\u00ed doba","og_description":"Pr\u016fvodce po podzemn\u00ed cistern\u011b; skip-the-line fast track ticket, zav\u0159en\u00e9 dny, jak jet tramvaj\u00ed \/ metrem, co vid\u011bt uvnit\u0159","og_url":"https:\/\/officialguides.com\/cs\/bazilika-cisterna-istanbul\/","og_site_name":"Find Your Private Tour Guide Around The World!","article_modified_time":"2026-01-12T12:25:42+00:00","og_image":[{"width":1164,"height":899,"url":"https:\/\/officialguides.com\/wp-content\/uploads\/2025\/03\/underground-cistern-istanbul.jpg","type":"image\/jpeg"}],"twitter_card":"summary_large_image","twitter_misc":{"Odhadovan\u00e1 doba \u010dten\u00ed":"5 minut"},"schema":{"@context":"https:\/\/schema.org","@graph":[{"@type":"WebPage","@id":"https:\/\/officialguides.com\/cs\/bazilika-cisterna-istanbul\/","url":"https:\/\/officialguides.com\/cs\/bazilika-cisterna-istanbul\/","name":"Bazilika Cisterna Istanbul | Vstupenky, vstupn\u00e9, otev\u00edrac\u00ed doba","isPartOf":{"@id":"https:\/\/officialguides.com\/cs\/#website"},"primaryImageOfPage":{"@id":"https:\/\/officialguides.com\/cs\/bazilika-cisterna-istanbul\/#primaryimage"},"image":{"@id":"https:\/\/officialguides.com\/cs\/bazilika-cisterna-istanbul\/#primaryimage"},"thumbnailUrl":"https:\/\/officialguides.com\/wp-content\/uploads\/2025\/03\/underground-cistern-istanbul.jpg","datePublished":"2025-03-22T16:58:56+00:00","dateModified":"2026-01-12T12:25:42+00:00","description":"Pr\u016fvodce po podzemn\u00ed cistern\u011b; skip-the-line fast track ticket, zav\u0159en\u00e9 dny, jak jet tramvaj\u00ed \/ metrem, co vid\u011bt uvnit\u0159","breadcrumb":{"@id":"https:\/\/officialguides.com\/cs\/bazilika-cisterna-istanbul\/#breadcrumb"},"inLanguage":"cs","potentialAction":[{"@type":"ReadAction","target":["https:\/\/officialguides.com\/cs\/bazilika-cisterna-istanbul\/"]}]},{"@type":"ImageObject","inLanguage":"cs","@id":"https:\/\/officialguides.com\/cs\/bazilika-cisterna-istanbul\/#primaryimage","url":"https:\/\/officialguides.com\/wp-content\/uploads\/2025\/03\/underground-cistern-istanbul.jpg","contentUrl":"https:\/\/officialguides.com\/wp-content\/uploads\/2025\/03\/underground-cistern-istanbul.jpg","width":1164,"height":899,"caption":"Bazilika Cisterna Istanbul | Vstupenky, Cena Vstupu, Otev\u00edrac\u00ed Doba"},{"@type":"BreadcrumbList","@id":"https:\/\/officialguides.com\/cs\/bazilika-cisterna-istanbul\/#breadcrumb","itemListElement":[{"@type":"ListItem","position":1,"name":"Home","item":"https:\/\/officialguides.com\/cs\/"},{"@type":"ListItem","position":2,"name":"Bazilika Cisterna Istanbul"}]},{"@type":"WebSite","@id":"https:\/\/officialguides.com\/cs\/#website","url":"https:\/\/officialguides.com\/cs\/","name":"Official Tour Guides Around The World! Istanbul, Paris, Rome, Dubai...","description":"Explore cities and popular destinations with professional, official, certified tour guides","alternateName":"Official Guides","potentialAction":[{"@type":"SearchAction","target":{"@type":"EntryPoint","urlTemplate":"https:\/\/officialguides.com\/cs\/?s={search_term_string}"},"query-input":{"@type":"PropertyValueSpecification","valueRequired":true,"valueName":"search_term_string"}}],"inLanguage":"cs"}]}},"_links":{"self":[{"href":"https:\/\/officialguides.com\/cs\/wp-json\/wp\/v2\/pages\/394675","targetHints":{"allow":["GET"]}}],"collection":[{"href":"https:\/\/officialguides.com\/cs\/wp-json\/wp\/v2\/pages"}],"about":[{"href":"https:\/\/officialguides.com\/cs\/wp-json\/wp\/v2\/types\/page"}],"author":[{"embeddable":true,"href":"https:\/\/officialguides.com\/cs\/wp-json\/wp\/v2\/users\/3"}],"replies":[{"embeddable":true,"href":"https:\/\/officialguides.com\/cs\/wp-json\/wp\/v2\/comments?post=394675"}],"version-history":[{"count":5,"href":"https:\/\/officialguides.com\/cs\/wp-json\/wp\/v2\/pages\/394675\/revisions"}],"predecessor-version":[{"id":397388,"href":"https:\/\/officialguides.com\/cs\/wp-json\/wp\/v2\/pages\/394675\/revisions\/397388"}],"wp:featuredmedia":[{"embeddable":true,"href":"https:\/\/officialguides.com\/cs\/wp-json\/wp\/v2\/media\/394460"}],"wp:attachment":[{"href":"https:\/\/officialguides.com\/cs\/wp-json\/wp\/v2\/media?parent=394675"}],"curies":[{"name":"wp","href":"https:\/\/api.w.org\/{rel}","templated":true}]}}